{"id":8932,"date":"2018-02-12T06:54:41","date_gmt":"2018-02-12T06:54:41","guid":{"rendered":"https:\/\/tribespress.com\/it\/?post_type=product&#038;p=8932"},"modified":"2025-07-30T17:46:44","modified_gmt":"2025-07-30T17:46:44","slug":"kapheus-erde","status":"publish","type":"product","link":"https:\/\/tribespress.com\/it\/product\/kapheus-erde\/","title":{"rendered":"Kapheus Erde- Book 1 Deutsch"},"content":{"rendered":"<p>Kapheus Erde erz\u00e4hlt die Geschichte von Elisa und Jamie, zwei ganz gew\u00f6hnlichen Kindern, deren Leben mit dem Besuch ihres Gro\u00dfonkels Davin komplett auf den Kopf gestellt wird. Denn ihr Onkel zeigt ihnen Kapheus, die fantastische Welt des Lichts. Er schickt sie auf eine Reise, die Schl\u00fcssel zu ihrem Unterbewusstsein zu finden und ihr Schicksal zu erf\u00fcllen. Die Geschwister erwartet eine Welt voller Drachen, Elfen und mythischen Waldkreaturen und ihr Weg wird mit unz\u00e4hligen Gefahren gespickt sein. Begleitet sie auf diesem spannenden Abenteuer und wer wei\u00df- vielleicht werdet auch ihr dem R\u00e4tsel eurer Bestimmung einen Schritt n\u00e4her kommen&#8230;<\/p>\n","protected":false},"excerpt":{"rendered":"<p>Kapheus Erde erz\u00e4hlt die Geschichte von Elisa und Jamie, zwei ganz gew\u00f6hnlichen Kindern, deren Leben mit dem Besuch ihres Gro\u00dfonkels Davin komplett auf den Kopf gestellt wird.<\/p>\n<p>pp.228<\/p>\n<p>&nbsp;<\/p>\n<p><strong>Unser Sonderangebot! <\/strong><\/p>\n<p><strong>Erhalten Sie ein kostenfreies Lesezeichen beim Kauf von jeweils zwei B\u00fcchern.\u00a0 <\/strong><\/p>\n<p><strong>Erhalten Sie eine kostenfreie Gru\u00dfkarte beim Kauf von jeweils drei B\u00fcchern.\u00a0<\/strong><\/p>\n","protected":false},"featured_media":12129,"template":"","meta":{"_exactmetrics_skip_tracking":false,"_exactmetrics_sitenote_active":false,"_exactmetrics_sitenote_note":"","_exactmetrics_sitenote_category":0},"product_brand":[],"product_cat":[63,99,86,70],"product_tag":[],"class_list":{"0":"post-8932","1":"product","2":"type-product","3":"status-publish","4":"has-post-thumbnail","6":"product_cat-eta-10-a-13","7":"product_cat-lingua-straniera-plurilingue","8":"product_cat-marguerite-tonery","9":"product_cat-narrativa-8-12","11":"first","12":"instock","13":"shipping-taxable","14":"purchasable","15":"product-type-simple"},"_links":{"self":[{"href":"https:\/\/tribespress.com\/it\/wp-json\/wp\/v2\/product\/8932","targetHints":{"allow":["GET"]}}],"collection":[{"href":"https:\/\/tribespress.com\/it\/wp-json\/wp\/v2\/product"}],"about":[{"href":"https:\/\/tribespress.com\/it\/wp-json\/wp\/v2\/types\/product"}],"wp:featuredmedia":[{"embeddable":true,"href":"https:\/\/tribespress.com\/it\/wp-json\/wp\/v2\/media\/12129"}],"wp:attachment":[{"href":"https:\/\/tribespress.com\/it\/wp-json\/wp\/v2\/media?parent=8932"}],"wp:term":[{"taxonomy":"product_brand","embeddable":true,"href":"https:\/\/tribespress.com\/it\/wp-json\/wp\/v2\/product_brand?post=8932"},{"taxonomy":"product_cat","embeddable":true,"href":"https:\/\/tribespress.com\/it\/wp-json\/wp\/v2\/product_cat?post=8932"},{"taxonomy":"product_tag","embeddable":true,"href":"https:\/\/tribespress.com\/it\/wp-json\/wp\/v2\/product_tag?post=8932"}],"curies":[{"name":"wp","href":"https:\/\/api.w.org\/{rel}","templated":true}]}}