{"id":12734,"date":"2025-09-22T11:10:49","date_gmt":"2025-09-22T11:10:49","guid":{"rendered":"https:\/\/tribespress.com\/it\/?post_type=product&#038;p=12734"},"modified":"2025-10-28T13:17:12","modified_gmt":"2025-10-28T13:17:12","slug":"mi-ameresti-se-mi-conoscessi-davvero-e-book","status":"publish","type":"product","link":"https:\/\/tribespress.com\/it\/product\/mi-ameresti-se-mi-conoscessi-davvero-e-book\/","title":{"rendered":"Mi ameresti se mi conoscessi davvero? (E-book)"},"content":{"rendered":"<p>Un unico volto, molte storie da scoprire.<br \/>\nCon un&#8217;autenticit\u00e0 finora inedita, una psicologa irlandese condivide il suo percorso con il Disturbo Dissociativo dell&#8217;Identit\u00e0 (un tempo noto come Disturbo di Personalit\u00e0 Multipla). Attraverso esperienze, perplessit\u00e0 e conquiste personali, l&#8217;autrice getta finalmente luce su una realt\u00e0 spesso fraintesa e stigmatizzata. Questo libro \u00e8 molto pi\u00f9 di una testimonianza: \u00e8 una preziosa guida rivolta a chiunque conviva con il disturbo, a chi desidera comprenderlo a fondo per poter essere d&#8217;aiuto, e ai professionisti che cercano un approccio pi\u00f9 efficace ed empatico.<br \/>\nAccanto al racconto della sua vita, A.J. Cosgrave propone strumenti pratici e suggerimenti concreti per affrontare le sfide quotidione e intraprendere il commino verso integrazione e remissione. Con un invito sincero ad accogliere la propria complessit\u00e0 interiore con coraggio e gentilezza, questa lettura ti accompagner\u00e0 nel trasformare il dolore in forza e a riscoprire te stesso con uno sguardo tutto nuovo.<\/p>\n<p>Tradotto dall&#8217;originale inglese da Silvia Nuzzolese.<\/p>\n<p><a href=\"https:\/\/www.amazon.it\/dp\/B0FRG8X5MF\">Ebook amazon.it<\/a> : \u20ac19.99<\/p>\n","protected":false},"excerpt":{"rendered":"<p>Un unico volto, molte storie da scoprire. Con un&#8217;autenticit\u00e0 finora inedita, una psicologa irlandese condivide il suo percorso con il Disturbo Dissociativo dell&#8217;Identit\u00e0 (un tempo noto come Disturbo di Personalit\u00e0 Multipla). Attraverso esperienze, perplessit\u00e0 e conquiste personali, l&#8217;autrice getta finalmente luce su una realt\u00e0 spesso fraintesa e stigmatizzata. Questo libro \u00e8 molto pi\u00f9 di una<br \/><a href=\"https:\/\/tribespress.com\/it\/product\/mi-ameresti-se-mi-conoscessi-davvero-e-book\/\" class=\"more\">Read more<\/a><\/p>\n","protected":false},"featured_media":12735,"template":"","meta":{"_exactmetrics_skip_tracking":false,"_exactmetrics_sitenote_active":false,"_exactmetrics_sitenote_note":"","_exactmetrics_sitenote_category":0},"product_brand":[],"product_cat":[65],"product_tag":[],"class_list":{"0":"post-12734","1":"product","2":"type-product","3":"status-publish","4":"has-post-thumbnail","6":"product_cat-coupon","8":"first","9":"instock","10":"shipping-taxable","11":"product-type-simple"},"_links":{"self":[{"href":"https:\/\/tribespress.com\/it\/wp-json\/wp\/v2\/product\/12734","targetHints":{"allow":["GET"]}}],"collection":[{"href":"https:\/\/tribespress.com\/it\/wp-json\/wp\/v2\/product"}],"about":[{"href":"https:\/\/tribespress.com\/it\/wp-json\/wp\/v2\/types\/product"}],"wp:featuredmedia":[{"embeddable":true,"href":"https:\/\/tribespress.com\/it\/wp-json\/wp\/v2\/media\/12735"}],"wp:attachment":[{"href":"https:\/\/tribespress.com\/it\/wp-json\/wp\/v2\/media?parent=12734"}],"wp:term":[{"taxonomy":"product_brand","embeddable":true,"href":"https:\/\/tribespress.com\/it\/wp-json\/wp\/v2\/product_brand?post=12734"},{"taxonomy":"product_cat","embeddable":true,"href":"https:\/\/tribespress.com\/it\/wp-json\/wp\/v2\/product_cat?post=12734"},{"taxonomy":"product_tag","embeddable":true,"href":"https:\/\/tribespress.com\/it\/wp-json\/wp\/v2\/product_tag?post=12734"}],"curies":[{"name":"wp","href":"https:\/\/api.w.org\/{rel}","templated":true}]}}