{"id":8222,"date":"2018-02-05T07:28:52","date_gmt":"2018-02-05T07:28:52","guid":{"rendered":"https:\/\/tribespress.com\/it\/?page_id=8222"},"modified":"2026-02-22T16:50:03","modified_gmt":"2026-02-22T16:50:03","slug":"whats-on","status":"publish","type":"page","link":"https:\/\/tribespress.com\/it\/whats-on\/","title":{"rendered":"What&#8217;s On"},"content":{"rendered":"<div class=\"wpb-content-wrapper\"><p>[vc_row][vc_column][vc_row_inner][vc_column_inner][vc_custom_heading text=&#8221;Chi Siamo&#8221; font_container=&#8221;tag:h2|text_align:center&#8221; use_theme_fonts=&#8221;yes&#8221; css=&#8221;&#8221;][\/vc_column_inner][\/vc_row_inner][vc_single_image image=&#8221;12749&#8243; img_size=&#8221;full&#8221; alignment=&#8221;center&#8221; css=&#8221;&#8221;][\/vc_column][\/vc_row][vc_row][vc_column][vc_column_text css=&#8221;&#8221;]Nata nel 2018, Tribes Press \u00e8 una casa editrice indipendente e multilingue che fonda la propria identit\u00e0 su comunit\u00e0, cultura e connessione. Traendo ispirazione dalla ricca tradizione narrativa dell\u2019Irlanda occidentale e dalle voci eterogenee dell\u2019Europa contemporanea, il nostro obiettivo \u00e8 offrire ai lettori delle storie potenti da vivere nelle lingue che sentono pi\u00f9 vicine. La nostra casa editrice si concentra soprattutto sulla letteratura per l\u2019infanzia di impronta inclusiva, ma propone anche una sorprendente selezione di narrativa per adulti. Il nostro catalogo include anche libri di self-help, pensati per ispirare e supportare lettori di ogni et\u00e0. Tribes Press, inoltre, \u00e8 attenta al benessere del pianeta e utilizza esclusivamente carta sostenibile, proveniente da produttori certificati con Ecolabel UE e FSC\u00ae.<\/p>\n<p>A Tribes Press, crediamo profondamente che una storia possa lasciare un\u2019impronta ancora pi\u00f9 duratura quando viene letta nella lingua madre del lettore. La traduzione \u00e8 il cuore del nostro lavoro. Il nostro obiettivo \u00e8 rendere la letteratura accessibile in ogni lingua, costruendo un ponte<br \/>\ntra gli autori irlandesi e il pubblico europeo e, allo stesso tempo, facendo scoprire ai lettori irlandesi nuove voci provenienti dall\u2019Europa. Attraverso la pubblicazione di edizioni multilingue e la promozione della traduzione letteraria, accompagniamo le nostre storie oltre ogni confine, nel pieno rispetto delle loro radici culturali. Coltivare un autentico senso di comunit\u00e0 \u00e8 ci\u00f2 che ispira ogni nostro progetto. Dalla nostra sede di Galway, citt\u00e0 rinomata per la sua vivacit\u00e0 creativa e i suoi intensi scambi culturali, lavoriamo a stretto contatto con autori, artisti lettori. Per noi, il processo editoriale non \u00e8 una semplice transazione, ma un\u2019autentica condivisione. Ogni libro che pubblichiamo si inserisce in un dialogo culturale pi\u00f9 ampio, contribuendo ad arricchire il patrimonio letterario irlandese e il panorama, in continua evoluzione, della scena autoriale europea.<\/p>\n<p>L\u2019inclusivit\u00e0 \u00e8 il fondamento della nostra missione. Ricerchiamo attivamente prospettive eterogenee e voci poco valorizzate per dare spazio a storie capaci di raccontare la pluralit\u00e0 delle esperienze di vita reali in Irlanda e in tutta Europa. Sia che pubblichiamo in Irlandese, Inglese o in altre lingue europee, il nostro intento \u00e8 sempre lo stesso: assicurarci che i lettori possano conoscere storie per loro autentiche e accessibili. Tribes Press offre agli autori molto pi\u00f9 di una possibilit\u00e0 di pubblicazione: propone una vera e propria collaborazione. Uniamo cura editoriale, sensibilit\u00e0 culturale e uno sguardo internazionale a un\u2019attenzione profonda verso le comunit\u00e0 a cui i nostri libri si rivolgono. Per tutti gli autori che credono nel valore delle lingue, nella forza del patrimonio e nel potere delle storie di costruire ponti, Tribes Press \u00e8 pronta a diventare la vostra casa.<\/p>\n<p>I nostri libri hanno ricevuto attenzione, a livello locale e nazionale, su giornali e media internazionali dalla radio alla televisione (i.e. Examiner, Sunday World, Joe Duffy show su RT\u00c9 Radio 1, Raidi\u00f3 na Life, Raidi\u00f3 na Gaeltachta, Le Progr\u00e8s, BFM Lyon). Inoltre, partecipiamo con entusiasmo a eventi nazionali e internazionali (i.e. International Literature Festival Dublin, London Book Fair, Frankfurter Buchmesse, The Word on the Street e Toronto International Festival of Authors) per scoprire nuovi autori con cui collaborare nel panorama editoriale<br \/>\ninternazionale.[\/vc_column_text][\/vc_column][\/vc_row]<\/p>\n<\/div>","protected":false},"excerpt":{"rendered":"<p>[vc_row][vc_column][vc_row_inner][vc_column_inner][vc_custom_heading text=&#8221;Chi Siamo&#8221; font_container=&#8221;tag:h2|text_align:center&#8221; use_theme_fonts=&#8221;yes&#8221; css=&#8221;&#8221;][\/vc_column_inner][\/vc_row_inner][vc_single_image image=&#8221;12749&#8243; img_size=&#8221;full&#8221; alignment=&#8221;center&#8221; css=&#8221;&#8221;][\/vc_column][\/vc_row][vc_row][vc_column][vc_column_text css=&#8221;&#8221;]Nata nel 2018, Tribes Press \u00e8 una casa editrice indipendente e multilingue che fonda la propria identit\u00e0 su comunit\u00e0, cultura e connessione. Traendo ispirazione dalla ricca tradizione narrativa dell\u2019Irlanda occidentale e dalle voci eterogenee dell\u2019Europa contemporanea, il nostro obiettivo \u00e8 offrire ai lettori delle storie<br \/><a href=\"https:\/\/tribespress.com\/it\/whats-on\/\" class=\"more\">Read more<\/a><\/p>\n","protected":false},"author":1,"featured_media":0,"parent":0,"menu_order":0,"comment_status":"closed","ping_status":"closed","template":"","meta":{"_exactmetrics_skip_tracking":false,"_exactmetrics_sitenote_active":false,"_exactmetrics_sitenote_note":"","_exactmetrics_sitenote_category":0,"footnotes":""},"class_list":["post-8222","page","type-page","status-publish","hentry"],"_links":{"self":[{"href":"https:\/\/tribespress.com\/it\/wp-json\/wp\/v2\/pages\/8222","targetHints":{"allow":["GET"]}}],"collection":[{"href":"https:\/\/tribespress.com\/it\/wp-json\/wp\/v2\/pages"}],"about":[{"href":"https:\/\/tribespress.com\/it\/wp-json\/wp\/v2\/types\/page"}],"author":[{"embeddable":true,"href":"https:\/\/tribespress.com\/it\/wp-json\/wp\/v2\/users\/1"}],"replies":[{"embeddable":true,"href":"https:\/\/tribespress.com\/it\/wp-json\/wp\/v2\/comments?post=8222"}],"version-history":[{"count":97,"href":"https:\/\/tribespress.com\/it\/wp-json\/wp\/v2\/pages\/8222\/revisions"}],"predecessor-version":[{"id":12751,"href":"https:\/\/tribespress.com\/it\/wp-json\/wp\/v2\/pages\/8222\/revisions\/12751"}],"wp:attachment":[{"href":"https:\/\/tribespress.com\/it\/wp-json\/wp\/v2\/media?parent=8222"}],"curies":[{"name":"wp","href":"https:\/\/api.w.org\/{rel}","templated":true}]}}