{"id":11254,"date":"2023-02-02T11:54:37","date_gmt":"2023-02-02T11:54:37","guid":{"rendered":"https:\/\/tribespress.com\/ga\/?post_type=product&#038;p=11254"},"modified":"2025-07-31T12:50:13","modified_gmt":"2025-07-31T12:50:13","slug":"an-chin-lae-claochlaithe-cuid-1","status":"publish","type":"product","link":"https:\/\/tribespress.com\/ga\/product\/an-chin-lae-claochlaithe-cuid-1\/","title":{"rendered":"An Ch\u00edn Lae Claochlaithe &#8211; Cuid 1 (r\u00e9amh-ord\u00fa)"},"content":{"rendered":"<p>Is dialann \u00ed seo chun c\u00fanamh a thabhairt duit do dh\u00fashl\u00e1n reatha a sh\u00e1r\u00fa, agus chun cabhair leat f\u00e9intuiscint n\u00edos doimhne a fh\u00e1il agus tuiscint n\u00edos fearr a fh\u00e1il ar an tsl\u00ed a n-oibr\u00edonn t\u00fa f\u00e9in ar an domhan tr\u00ed theicn\u00edochta\u00ed machnamhacha agus s\u00edceola\u00edocha. T\u00f3g an oiread n\u00f3 a l\u00fa ama a theasta\u00edonn uait, ach d\u00e9an \u00e9 leis an gcusp\u00f3ir go n-\u00e9ireoidh t\u00fa in airde.<\/p>\n","protected":false},"excerpt":{"rendered":"<p>Is dialann \u00ed seo chun c\u00fanamh a thabhairt duit do dh\u00fashl\u00e1n reatha a sh\u00e1r\u00fa, agus chun cabhair leat f\u00e9intuiscint n\u00edos doimhne a fh\u00e1il agus tuiscint n\u00edos fearr a fh\u00e1il ar an tsl\u00ed a n-oibr\u00edonn t\u00fa f\u00e9in ar an domhan tr\u00ed theicn\u00edochta\u00ed machnamhacha agus s\u00edceola\u00edocha. T\u00f3g an oiread n\u00f3 a l\u00fa ama a theasta\u00edonn uait, ach<br \/><a href=\"https:\/\/tribespress.com\/ga\/product\/an-chin-lae-claochlaithe-cuid-1\/\" class=\"more\">Read more<\/a><\/p>\n","protected":false},"featured_media":11255,"template":"","meta":{"_exactmetrics_skip_tracking":false,"_exactmetrics_sitenote_active":false,"_exactmetrics_sitenote_note":"","_exactmetrics_sitenote_category":0},"product_brand":[],"product_cat":[101,99,43],"product_tag":[],"class_list":{"0":"post-11254","1":"product","2":"type-product","3":"status-publish","4":"has-post-thumbnail","6":"product_cat-feinchabhair","7":"product_cat-marguerite-tonery","8":"product_cat-udar","10":"first","11":"instock","12":"shipping-taxable","13":"purchasable","14":"product-type-simple"},"_links":{"self":[{"href":"https:\/\/tribespress.com\/ga\/wp-json\/wp\/v2\/product\/11254","targetHints":{"allow":["GET"]}}],"collection":[{"href":"https:\/\/tribespress.com\/ga\/wp-json\/wp\/v2\/product"}],"about":[{"href":"https:\/\/tribespress.com\/ga\/wp-json\/wp\/v2\/types\/product"}],"wp:featuredmedia":[{"embeddable":true,"href":"https:\/\/tribespress.com\/ga\/wp-json\/wp\/v2\/media\/11255"}],"wp:attachment":[{"href":"https:\/\/tribespress.com\/ga\/wp-json\/wp\/v2\/media?parent=11254"}],"wp:term":[{"taxonomy":"product_brand","embeddable":true,"href":"https:\/\/tribespress.com\/ga\/wp-json\/wp\/v2\/product_brand?post=11254"},{"taxonomy":"product_cat","embeddable":true,"href":"https:\/\/tribespress.com\/ga\/wp-json\/wp\/v2\/product_cat?post=11254"},{"taxonomy":"product_tag","embeddable":true,"href":"https:\/\/tribespress.com\/ga\/wp-json\/wp\/v2\/product_tag?post=11254"}],"curies":[{"name":"wp","href":"https:\/\/api.w.org\/{rel}","templated":true}]}}