{"id":10508,"date":"2019-08-07T15:24:01","date_gmt":"2019-08-07T15:24:01","guid":{"rendered":"https:\/\/tribespress.com\/ga\/?post_type=product&#038;p=10508"},"modified":"2025-07-30T20:51:36","modified_gmt":"2025-07-30T20:51:36","slug":"kapheus-spirit-leabhar-5","status":"publish","type":"product","link":"https:\/\/tribespress.com\/ga\/product\/kapheus-spirit-leabhar-5\/","title":{"rendered":"Kapheus Spirit- Leabhar 5"},"content":{"rendered":"<p><em>&#8216;I am all things in all places,&#8217; the Messenger said and those very words stroke fear into the hearts of Kaphiens.\u00a0<\/em><\/p>\n<p>The ancient trees of the Kaphien woodlands have waited far too long and have united to summon the Messenger from the depths of the spirit world to herald a new dawn. In \u00c9ire, Elisa and Jamie have both reached the coming of age, and their mother calls upon Ailistr\u00edona, the gnome of great powers, to create the seoid an fh \u00e1idh for each of them.<br \/>\nYet, in the time the Children of Light were in \u00c9ire, Kapheus has grown still and fear has swept through the land. Elisa and Jamie are not safe to enter Kapheus, and when the boundary between the two worlds closes, they are left trapped inside forever.<br \/>\nWill the Children of Light find a way back to \u00c9ire?<\/p>\n","protected":false},"excerpt":{"rendered":"<p>Kapheus Spirit can now be Pre-ordered. Printed copies of book 5 of the Kapeus Series will be available on the 5th of September.<\/p>\n<p>pp. 322<\/p>\n<p>&nbsp;<\/p>\n<p><strong>Our special offers!<\/strong><\/p>\n<p><strong>Receive a free bookmark of your choice with every two books purchased.<\/strong><\/p>\n<p><strong>Receive a free greetings card with every three books purchased.<\/strong><\/p>\n","protected":false},"featured_media":10509,"template":"","meta":{"_exactmetrics_skip_tracking":false,"_exactmetrics_sitenote_active":false,"_exactmetrics_sitenote_note":"","_exactmetrics_sitenote_category":0},"product_brand":[],"product_cat":[100,99,43],"product_tag":[],"class_list":{"0":"post-10508","1":"product","2":"type-product","3":"status-publish","4":"has-post-thumbnail","6":"product_cat-aosach-og","7":"product_cat-marguerite-tonery","8":"product_cat-udar","10":"first","11":"instock","12":"shipping-taxable","13":"purchasable","14":"product-type-simple"},"_links":{"self":[{"href":"https:\/\/tribespress.com\/ga\/wp-json\/wp\/v2\/product\/10508","targetHints":{"allow":["GET"]}}],"collection":[{"href":"https:\/\/tribespress.com\/ga\/wp-json\/wp\/v2\/product"}],"about":[{"href":"https:\/\/tribespress.com\/ga\/wp-json\/wp\/v2\/types\/product"}],"wp:featuredmedia":[{"embeddable":true,"href":"https:\/\/tribespress.com\/ga\/wp-json\/wp\/v2\/media\/10509"}],"wp:attachment":[{"href":"https:\/\/tribespress.com\/ga\/wp-json\/wp\/v2\/media?parent=10508"}],"wp:term":[{"taxonomy":"product_brand","embeddable":true,"href":"https:\/\/tribespress.com\/ga\/wp-json\/wp\/v2\/product_brand?post=10508"},{"taxonomy":"product_cat","embeddable":true,"href":"https:\/\/tribespress.com\/ga\/wp-json\/wp\/v2\/product_cat?post=10508"},{"taxonomy":"product_tag","embeddable":true,"href":"https:\/\/tribespress.com\/ga\/wp-json\/wp\/v2\/product_tag?post=10508"}],"curies":[{"name":"wp","href":"https:\/\/api.w.org\/{rel}","templated":true}]}}