{"id":8933,"date":"2018-02-12T06:56:24","date_gmt":"2018-02-12T06:56:24","guid":{"rendered":"http:\/\/tribespress.com\/fr\/?post_type=product&#038;p=8933"},"modified":"2026-05-13T10:55:23","modified_gmt":"2026-05-13T10:55:23","slug":"kapheus-earth","status":"publish","type":"product","link":"https:\/\/tribespress.com\/fr\/product\/kapheus-earth\/","title":{"rendered":"Kapheus Earth- Livre 1"},"content":{"rendered":"<p><span id=\"tran0\">Kapheus la Terre est l&#8217;histoire d&#8217;Elisa et Jamie, deux enfants ordinaires, dont les vies prennent une torsion dramatique quand leur Grand Oncle Davin visite et les pr\u00e9sente \u00e0 Kapheus, le monde fantastique de lumi\u00e8re. Il les envoie sur une recherche pour trouver les cl\u00e9s secr\u00e8tes de leur inconscient et d\u00e9couvrir qu&#8217;elle est leur mission. Un monde de dragons, des elfes et des cr\u00e9atures des bois mythiques vous attendent sur ce voyage risqu\u00e9. Le pas dans l&#8217;aventure et peut-\u00eatre vous d\u00e9m\u00ealera aussi le myst\u00e8re de votre destin\u2026<\/span><\/p>\n<p><span id=\"tran1\">Rencontrez le loup noir, petit Robin rouge, les dragons et bien s\u00fbr les elfes comme vous tournez les pages de Terre Kapheus jusqu&#8217;\u00e0 la Veille de No\u00ebl et les biscuits de cannelle d&#8217;ar\u00f4me remplissant Elisa et la maison de Jamie.<\/span><\/p>\n","protected":false},"excerpt":{"rendered":"<p>Kapheus la Terre est l&#8217;histoire d&#8217;Elisa et Jamie, deux enfants ordinaires, dont les vies prennent une torsion dramatique quand leur Grand Oncle Davin visite et les pr\u00e9sente \u00e0 Kapheus, le monde fantastique de lumi\u00e8re.<\/p>\n<p><strong><em>&#8220;Le livre est seulement disponible en anglais.&#8221;<\/em><\/strong><\/p>\n<p>pp. 190<\/p>\n<p>&nbsp;<\/p>\n<p><strong>Nos offres sp\u00e9ciales!<\/strong><br \/>\n<strong>Recevez un signet libre de votre choix avec tous les deux livres achet\u00e9s.<\/strong><br \/>\n<strong>Recevez une carte de voeux libre avec tous les trois livres achet\u00e9s.<\/strong><\/p>\n","protected":false},"featured_media":8928,"template":"","meta":{"_exactmetrics_skip_tracking":false,"_exactmetrics_sitenote_active":false,"_exactmetrics_sitenote_note":"","_exactmetrics_sitenote_category":0},"product_brand":[],"product_cat":[59,43,63],"product_tag":[],"class_list":{"0":"post-8933","1":"product","2":"type-product","3":"status-publish","4":"has-post-thumbnail","6":"product_cat-10-13-ans","7":"product_cat-auteur","8":"product_cat-marguerite-tonery","10":"first","11":"instock","12":"shipping-taxable","13":"purchasable","14":"product-type-simple"},"_links":{"self":[{"href":"https:\/\/tribespress.com\/fr\/wp-json\/wp\/v2\/product\/8933","targetHints":{"allow":["GET"]}}],"collection":[{"href":"https:\/\/tribespress.com\/fr\/wp-json\/wp\/v2\/product"}],"about":[{"href":"https:\/\/tribespress.com\/fr\/wp-json\/wp\/v2\/types\/product"}],"wp:featuredmedia":[{"embeddable":true,"href":"https:\/\/tribespress.com\/fr\/wp-json\/wp\/v2\/media\/8928"}],"wp:attachment":[{"href":"https:\/\/tribespress.com\/fr\/wp-json\/wp\/v2\/media?parent=8933"}],"wp:term":[{"taxonomy":"product_brand","embeddable":true,"href":"https:\/\/tribespress.com\/fr\/wp-json\/wp\/v2\/product_brand?post=8933"},{"taxonomy":"product_cat","embeddable":true,"href":"https:\/\/tribespress.com\/fr\/wp-json\/wp\/v2\/product_cat?post=8933"},{"taxonomy":"product_tag","embeddable":true,"href":"https:\/\/tribespress.com\/fr\/wp-json\/wp\/v2\/product_tag?post=8933"}],"curies":[{"name":"wp","href":"https:\/\/api.w.org\/{rel}","templated":true}]}}