{"id":8931,"date":"2018-02-12T06:36:56","date_gmt":"2018-02-12T06:36:56","guid":{"rendered":"http:\/\/tribespress.com\/fr\/?post_type=product&#038;p=8931"},"modified":"2025-07-30T15:32:37","modified_gmt":"2025-07-30T15:32:37","slug":"kapheus-air","status":"publish","type":"product","link":"https:\/\/tribespress.com\/fr\/product\/kapheus-air\/","title":{"rendered":"Kapheus Air- Livre 2"},"content":{"rendered":"<p><span id=\"tran0\">&#8220;Vous devez revenir\u2026 ssss, tic tac fait l&#8217;horloge tic tac, ssss. Vous devez retourner \u00e0 Kapheus, les Enfants de la Lumi\u00e8re. Tout l&#8217;espoir vit ou meurt avec vous. Ahh, tic tac fait l&#8217;horloge, tic tac \u2026&#8221;<\/span><\/p>\n<p><span id=\"tran1\">Jamie ne veut pas y retourner, Elisa a le d\u00e9sir d&#8217;y retourner et le temps pour se d\u00e9cider commence \u00e0 manquer pour Jamie. L&#8217;arriv\u00e9e d&#8217;un gar\u00e7on g\u00e9ant appel\u00e9 Setanta et le dernier changeur de forme d&#8217;\u00c9ire dans le monde d&#8217;Elisa et de Jamie rend tout plus difficile pour Jamie. Le monde de dragons et de cr\u00e9atures mythiques l&#8217;attend et les elfes n&#8217;arr\u00eatent pas de le rendre fou. Qu&#8217;est-ce qu&#8217;un gar\u00e7on comme lui devait-il faire? Elisa ne peut pas accomplir son destin sans Jamie, et Jamie ne peut absolument pas laisser Elisa voler avant lui sur le dos d&#8217;un dragon.<\/span><\/p>\n<p>Suivez la Spirale de Vie ou Triskel tandis qu&#8217;il tisse son chemin \u00e0 travers le pr\u00e9 de Kapheus et soyez inspir\u00e9 pour \u00eatre tout ce que vous pouvez \u00eatre.<\/p>\n","protected":false},"excerpt":{"rendered":"<p>&#8220;Vous devez rendre \u2026 ssss, tic tac fait l&#8217;horloge tic tac, ssss. Vous devez retourner \u00e0 Kapheus, les Enfants de la Lumi\u00e8re. Tout l&#8217;espoir vit ou meurt avec vous. Ahh, tic tac fait l&#8217;horloge, tic tac \u2026&#8221;<\/p>\n<p>pp. 218<\/p>\n<p><strong><em>&#8220;Le livre est seulement disponible en anglais.&#8221;<\/em><\/strong><\/p>\n<p>&nbsp;<\/p>\n<p><strong>Nos offres sp\u00e9ciales!<\/strong><br \/>\n<strong>Recevez un signet libre de votre choix avec tous les deux livres achet\u00e9s.<\/strong><br \/>\n<strong>Recevez une carte de voeux libre avec tous les trois livres achet\u00e9s.<\/strong><\/p>\n","protected":false},"featured_media":8927,"template":"","meta":{"_exactmetrics_skip_tracking":false,"_exactmetrics_sitenote_active":false,"_exactmetrics_sitenote_note":"","_exactmetrics_sitenote_category":0},"product_brand":[],"product_cat":[59,43,63],"product_tag":[],"class_list":{"0":"post-8931","1":"product","2":"type-product","3":"status-publish","4":"has-post-thumbnail","6":"product_cat-10-13-ans","7":"product_cat-auteur","8":"product_cat-marguerite-tonery","10":"first","11":"instock","12":"shipping-taxable","13":"purchasable","14":"product-type-simple"},"_links":{"self":[{"href":"https:\/\/tribespress.com\/fr\/wp-json\/wp\/v2\/product\/8931","targetHints":{"allow":["GET"]}}],"collection":[{"href":"https:\/\/tribespress.com\/fr\/wp-json\/wp\/v2\/product"}],"about":[{"href":"https:\/\/tribespress.com\/fr\/wp-json\/wp\/v2\/types\/product"}],"wp:featuredmedia":[{"embeddable":true,"href":"https:\/\/tribespress.com\/fr\/wp-json\/wp\/v2\/media\/8927"}],"wp:attachment":[{"href":"https:\/\/tribespress.com\/fr\/wp-json\/wp\/v2\/media?parent=8931"}],"wp:term":[{"taxonomy":"product_brand","embeddable":true,"href":"https:\/\/tribespress.com\/fr\/wp-json\/wp\/v2\/product_brand?post=8931"},{"taxonomy":"product_cat","embeddable":true,"href":"https:\/\/tribespress.com\/fr\/wp-json\/wp\/v2\/product_cat?post=8931"},{"taxonomy":"product_tag","embeddable":true,"href":"https:\/\/tribespress.com\/fr\/wp-json\/wp\/v2\/product_tag?post=8931"}],"curies":[{"name":"wp","href":"https:\/\/api.w.org\/{rel}","templated":true}]}}