{"id":12169,"date":"2026-03-25T10:40:02","date_gmt":"2026-03-25T10:40:02","guid":{"rendered":"https:\/\/tribespress.com\/fr\/?post_type=product&#038;p=12169"},"modified":"2026-03-25T10:40:03","modified_gmt":"2026-03-25T10:40:03","slug":"ava-et-sa-bague-de-claddagh-ebook","status":"publish","type":"product","link":"https:\/\/tribespress.com\/fr\/product\/ava-et-sa-bague-de-claddagh-ebook\/","title":{"rendered":"Ava et sa bague de Claddagh (eBook)"},"content":{"rendered":"<p>Par une soir\u00e9e pluvieuse, Aoife d\u00e9couvre une bague Claddagh magique qui lui conf\u00e8re des pouvoirs insoup\u00e7onn\u00e9s. Avec sa meilleure amie Luna, elle explore les bois, mais leur aventure prend une tournure inattendue lorsqu\u2019un lutin malicieux fait son apparition. Parviendront-elles \u00e0 percer les secrets de la bague et \u00e0 surmonter les \u00e9preuves qui les attendent ? Rejoignez Aoife et Luna dans un voyage palpitant, empli d\u2019amiti\u00e9 et de magie !<\/p>\n<p>eBook: https:\/\/www.amazon.fr\/dp\/B0GTQZFRRC<\/p>\n","protected":false},"excerpt":{"rendered":"<p>Par une soir\u00e9e pluvieuse, Aoife d\u00e9couvre une bague Claddagh magique qui lui conf\u00e8re des pouvoirs insoup\u00e7onn\u00e9s. Avec sa meilleure amie Luna, elle explore les bois, mais leur aventure prend une tournure inattendue lorsqu\u2019un lutin malicieux fait son apparition. Parviendront-elles \u00e0 percer les secrets de la bague et \u00e0 surmonter les \u00e9preuves qui les attendent ?<br \/><a href=\"https:\/\/tribespress.com\/fr\/product\/ava-et-sa-bague-de-claddagh-ebook\/\" class=\"more\">Read more<\/a><\/p>\n","protected":false},"featured_media":12170,"template":"","meta":{"_exactmetrics_skip_tracking":false,"_exactmetrics_sitenote_active":false,"_exactmetrics_sitenote_note":"","_exactmetrics_sitenote_category":0},"product_brand":[],"product_cat":[73],"product_tag":[],"class_list":{"0":"post-12169","1":"product","2":"type-product","3":"status-publish","4":"has-post-thumbnail","6":"product_cat-fiction-8-12","8":"first","9":"instock","10":"shipping-taxable","11":"product-type-simple"},"_links":{"self":[{"href":"https:\/\/tribespress.com\/fr\/wp-json\/wp\/v2\/product\/12169","targetHints":{"allow":["GET"]}}],"collection":[{"href":"https:\/\/tribespress.com\/fr\/wp-json\/wp\/v2\/product"}],"about":[{"href":"https:\/\/tribespress.com\/fr\/wp-json\/wp\/v2\/types\/product"}],"wp:featuredmedia":[{"embeddable":true,"href":"https:\/\/tribespress.com\/fr\/wp-json\/wp\/v2\/media\/12170"}],"wp:attachment":[{"href":"https:\/\/tribespress.com\/fr\/wp-json\/wp\/v2\/media?parent=12169"}],"wp:term":[{"taxonomy":"product_brand","embeddable":true,"href":"https:\/\/tribespress.com\/fr\/wp-json\/wp\/v2\/product_brand?post=12169"},{"taxonomy":"product_cat","embeddable":true,"href":"https:\/\/tribespress.com\/fr\/wp-json\/wp\/v2\/product_cat?post=12169"},{"taxonomy":"product_tag","embeddable":true,"href":"https:\/\/tribespress.com\/fr\/wp-json\/wp\/v2\/product_tag?post=12169"}],"curies":[{"name":"wp","href":"https:\/\/api.w.org\/{rel}","templated":true}]}}