{"id":8171,"date":"2018-02-05T05:07:32","date_gmt":"2018-02-05T05:07:32","guid":{"rendered":"http:\/\/tribespress.com\/fr\/?page_id=8171"},"modified":"2020-01-15T15:45:07","modified_gmt":"2020-01-15T15:45:07","slug":"author-website-translation","status":"publish","type":"page","link":"https:\/\/tribespress.com\/fr\/author-website-translation\/","title":{"rendered":"Traduction du site internet"},"content":{"rendered":"<div class=\"wpb-content-wrapper\"><p>[vc_row type=&#8221;full-width-section&#8221; css=&#8221;.vc_custom_1517825792131{padding-top: 50px !important;padding-bottom: 30px !important;}&#8221;][vc_column][vc_custom_heading text=&#8221;Traduction du site internet de l&#8217;auteur&#8221; font_container=&#8221;tag:h2|text_align:center&#8221; use_theme_fonts=&#8221;yes&#8221;][vc_column_text]84 % des consommateurs internationaux d\u00e9clarent \u00eatre plus susceptibles d&#8217;acheter sur un site internet contenant des informations sur les produits dans leur propre langue*. Disposer d&#8217;une pr\u00e9sence sur le web en plusieurs langues est essentiel \u00e0 votre succ\u00e8s en tant qu&#8217;auteur. Votre site internet est votre vitrine commerciale sur le monde. C&#8217;est de la que vos lecteurs pourront vous contacter et d\u00e9couvrir vos livres. Il est essentiel que vos potentiels lecteurs puissent lire votre site internet dans leur propre langue.<\/p>\n<p>Lorsque vous traduisez votre livre dans une autre langue, il est essentiel que vous puissiez communiquer votre message \u00e0 vos lecteurs en ligne dans cette langue. Notre \u00e9quipe de traducteurs professionnels traduira votre site internet cr\u00e9\u00e9 \u00e0 l&#8217;origine par <strong>Tribes Press<\/strong>. La traduction est appliqu\u00e9e aux textes, aux illustrations, aux outils de navigation et au contenu des donn\u00e9es. Dans le cas o\u00f9 votre site n&#8217;a pas \u00e9t\u00e9 cr\u00e9\u00e9 par Tribes Press, nous le v\u00e9rifierons et nous vous conseillerons sur la d\u00e9marche \u00e0 suivre pour cr\u00e9er un site internet multilingue.[\/vc_column_text][vc_column_text]<strong>Nous vous proposons deux options lors de l&#8217;achat de votre site Internet :<\/strong><\/p>\n<ul>\n<li><a href=\"https:\/\/tribespress.com\/fr\/author-website-standard\/\">Site Internet de l&#8217;auteur &#8211; Standard<\/a><\/li>\n<li><a href=\"https:\/\/tribespress.com\/fr\/author-website-gold\/\">Site Internet de l&#8217;auteur &#8211; Gold<\/a><\/li>\n<\/ul>\n<p><em>Notez : vous \u00eates responsables des frais annuels d\u2019h\u00e9bergement et de renouvellement du nom de domaine aussi longtemps que vous souhaiterez que votre site reste disponible sur Internet.<\/em><\/p>\n<p><em>* Pourquoi la localisation est-elle importante pour les entreprises acheteuse, Common Sense Advisory, Juillet 2014, Copyright \u00a9 2014, Common Sense Advisory, Inc.<\/em><\/p>\n<p>Pour plus d\u2019informations, contactez-nous au <strong>00353 87 774 9873<\/strong> ou par mail \u00e0 <a href=\"mailto:translation@tribespress.com\">translation@tribespress.com<\/a>[\/vc_column_text][\/vc_column][\/vc_row][vc_row type=&#8221;full-width-section&#8221; equal_height=&#8221;yes&#8221; content_placement=&#8221;top&#8221; css=&#8221;.vc_custom_1579083672620{padding-top: 20px !important;padding-bottom: 20px !important;background-color: #e52f6c !important;}&#8221; el_id=&#8221;top_footer&#8221;][vc_column width=&#8221;1\/4&#8243; el_class=&#8221;footer-name&#8221;][vc_custom_heading text=&#8221;Nom&#8221; font_container=&#8221;tag:h5|text_align:left|color:%23ffffff&#8221; use_theme_fonts=&#8221;yes&#8221;][vc_column_text]Tribes Press<br \/>\nCopyright 2018 Tribes Press[\/vc_column_text][\/vc_column][vc_column width=&#8221;1\/4&#8243; el_class=&#8221;footer-address&#8221;][vc_custom_heading text=&#8221;Adresse&#8221; font_container=&#8221;tag:h5|text_align:left|color:%23ffffff&#8221; use_theme_fonts=&#8221;yes&#8221;][vc_column_text]Glenanail, Castlegar,<br \/>\nTuam Road,<br \/>\nGalway,\u00a0Irlande[\/vc_column_text][\/vc_column][vc_column width=&#8221;1\/4&#8243; el_class=&#8221;footer-contact-us&#8221;][vc_custom_heading text=&#8221;Contactez-nous&#8221; font_container=&#8221;tag:h5|text_align:left|color:%23ffffff&#8221; use_theme_fonts=&#8221;yes&#8221;][vc_column_text]T\u00e9l.: +353 (0) 87 7749873<br \/>\nEmail: info@tribespress.com[\/vc_column_text][\/vc_column][vc_column width=&#8221;1\/4&#8243; el_class=&#8221;footer-connect-with-us&#8221;][vc_custom_heading text=&#8221;Suivez-nous&#8221; font_container=&#8221;tag:h5|text_align:left|color:%23ffffff&#8221; use_theme_fonts=&#8221;yes&#8221;]\r\n\t<div class=\"rd_si_sc rd_si_small\" id=\"rd_y0v38j93xzn36s3gcldf\">   \r\n\t\r\n\t                                                            <div id=\"yt\" class=\"\"> <a href=\"https:\/\/www.youtube.com\/channel\/UCpIttA6qgsHSMjdsbibCesg\" target=\"_blank\"><i class=\"fa fa-youtube\"><\/i><\/a><\/div>\r\n                                                                  <div id=\"lin\" class=\"\"> <a href=\"https:\/\/www.linkedin.com\/in\/marguerite-tonery-3289682b\" target=\"_blank\"><i class=\"fa fa-linkedin\"><\/i><\/a><\/div>\r\n                              <div id=\"twitter\" class=\"\"> <a href=\"https:\/\/twitter.com\/PressTribes\" target=\"_blank\"><i class=\"fa fa-twitter\"><\/i><\/a><\/div>\r\n                                                                              <div id=\"instagram\" class=\"\"> <a href=\"https:\/\/www.instagram.com\/tribespress\/\" target=\"_blank\" ><i class=\"fa fa-instagram\"><\/i><\/a><\/div>\r\n                              <div id=\"facebook\" class=\"\"> <a href=\"https:\/\/www.facebook.com\/Tribes-Press-146928069314657\/\" target=\"_blank\" ><i class=\"fa fa-facebook\"><\/i><\/a><\/div>\r\n      \t                          \t  \r\n\t<\/div>\r\n\t \r\n\t <style type=\"text\/css\" >#rd_y0v38j93xzn36s3gcldf {margin:0px auto 0px;}#rd_y0v38j93xzn36s3gcldf div a{color:#ffffff;}<\/style>[\/vc_column][\/vc_row][vc_row equal_height=&#8221;yes&#8221; el_class=&#8221;footer-images&#8221;][vc_column][vc_row_inner equal_height=&#8221;yes&#8221; content_placement=&#8221;middle&#8221;][vc_column_inner width=&#8221;1\/6&#8243;][vc_single_image image=&#8221;7887&#8243; img_size=&#8221;full&#8221; alignment=&#8221;center&#8221;][\/vc_column_inner][vc_column_inner width=&#8221;1\/6&#8243;][vc_single_image image=&#8221;7851&#8243; img_size=&#8221;full&#8221; alignment=&#8221;center&#8221;][\/vc_column_inner][vc_column_inner width=&#8221;1\/6&#8243;][vc_single_image image=&#8221;8500&#8243; img_size=&#8221;full&#8221; alignment=&#8221;center&#8221;][\/vc_column_inner][vc_column_inner width=&#8221;1\/6&#8243;][vc_single_image image=&#8221;8590&#8243; img_size=&#8221;full&#8221; alignment=&#8221;center&#8221;][\/vc_column_inner][vc_column_inner width=&#8221;1\/6&#8243;][vc_single_image image=&#8221;8591&#8243; img_size=&#8221;full&#8221; alignment=&#8221;center&#8221;][\/vc_column_inner][vc_column_inner width=&#8221;1\/6&#8243;][vc_single_image image=&#8221;8592&#8243; img_size=&#8221;full&#8221; alignment=&#8221;center&#8221;][\/vc_column_inner][\/vc_row_inner][vc_row_inner equal_height=&#8221;yes&#8221; content_placement=&#8221;middle&#8221;][vc_column_inner width=&#8221;1\/6&#8243;][vc_single_image image=&#8221;8593&#8243; img_size=&#8221;full&#8221; alignment=&#8221;center&#8221;][\/vc_column_inner][vc_column_inner width=&#8221;1\/6&#8243;][vc_single_image image=&#8221;8594&#8243; img_size=&#8221;full&#8221; alignment=&#8221;center&#8221;][\/vc_column_inner][vc_column_inner width=&#8221;1\/6&#8243;][vc_single_image image=&#8221;8595&#8243; img_size=&#8221;full&#8221; alignment=&#8221;center&#8221;][\/vc_column_inner][vc_column_inner width=&#8221;1\/6&#8243;][vc_single_image image=&#8221;8846&#8243; img_size=&#8221;full&#8221; alignment=&#8221;center&#8221;][\/vc_column_inner][vc_column_inner width=&#8221;1\/6&#8243;][vc_single_image image=&#8221;8848&#8243; img_size=&#8221;full&#8221; alignment=&#8221;center&#8221;][\/vc_column_inner][vc_column_inner width=&#8221;1\/6&#8243;][\/vc_column_inner][\/vc_row_inner][\/vc_column][\/vc_row][vc_row type=&#8221;full-width-section&#8221; equal_height=&#8221;yes&#8221; content_placement=&#8221;middle&#8221; css=&#8221;.vc_custom_1517916543533{padding-top: 20px !important;padding-bottom: 20px !important;background-color: #eaeaea !important;}&#8221; el_id=&#8221;bottom_footer&#8221; el_class=&#8221;fix&#8221;][vc_column width=&#8221;1\/6&#8243;][vc_custom_heading text=&#8221;\u00c9diter&#8221; font_container=&#8221;tag:h4|text_align:center|color:%23222222&#8243; use_theme_fonts=&#8221;yes&#8221; link=&#8221;url:http%3A%2F%2Ftribespress.com\/fr%2Feditorial-service%2F|||&#8221;][\/vc_column][vc_column width=&#8221;1\/6&#8243;][vc_custom_heading text=&#8221;Traduction&#8221; font_container=&#8221;tag:h4|text_align:center|color:%23222222&#8243; use_theme_fonts=&#8221;yes&#8221; link=&#8221;url:http%3A%2F%2Ftribespress.com\/fr%2Ftranslation-services%2F|||&#8221;][\/vc_column][vc_column width=&#8221;1\/3&#8243; css=&#8221;.vc_custom_1517915891605{padding-top: -10px !important;}&#8221;][vc_single_image image=&#8221;8495&#8243; img_size=&#8221;medium&#8221; alignment=&#8221;center&#8221; onclick=&#8221;custom_link&#8221; link=&#8221;http:\/\/tribespress.com\/fr&#8221;][\/vc_column][vc_column width=&#8221;1\/6&#8243;][vc_custom_heading text=&#8221;Illustrations&#8221; font_container=&#8221;tag:h4|text_align:center|color:%23222222&#8243; use_theme_fonts=&#8221;yes&#8221; link=&#8221;url:http%3A%2F%2Ftribespress.com\/fr%2Fcustom-cover-illustration%2F|||&#8221;][\/vc_column][vc_column width=&#8221;1\/6&#8243;][vc_custom_heading text=&#8221;Conseils personnalis\u00e9s&#8221; font_container=&#8221;tag:h4|text_align:center|color:%23222222&#8243; use_theme_fonts=&#8221;yes&#8221; link=&#8221;url:http%3A%2F%2Ftribespress.com\/fr%2Fcontact%2F|||&#8221;][\/vc_column][\/vc_row]<\/p>\n<\/div>","protected":false},"excerpt":{"rendered":"<p>[vc_row type=&#8221;full-width-section&#8221; css=&#8221;.vc_custom_1517825792131{padding-top: 50px !important;padding-bottom: 30px !important;}&#8221;][vc_column][vc_custom_heading text=&#8221;Traduction du site internet de l&#8217;auteur&#8221; font_container=&#8221;tag:h2|text_align:center&#8221; use_theme_fonts=&#8221;yes&#8221;][vc_column_text]84 % des consommateurs internationaux d\u00e9clarent \u00eatre plus susceptibles d&#8217;acheter sur un site internet contenant des informations sur les produits dans leur propre langue*. Disposer d&#8217;une pr\u00e9sence sur le web en plusieurs langues est essentiel \u00e0 votre succ\u00e8s en tant qu&#8217;auteur.<br \/><a href=\"https:\/\/tribespress.com\/fr\/author-website-translation\/\" class=\"more\">Read more<\/a><\/p>\n","protected":false},"author":1,"featured_media":0,"parent":0,"menu_order":0,"comment_status":"closed","ping_status":"closed","template":"","meta":{"_exactmetrics_skip_tracking":false,"_exactmetrics_sitenote_active":false,"_exactmetrics_sitenote_note":"","_exactmetrics_sitenote_category":0,"footnotes":""},"class_list":["post-8171","page","type-page","status-publish","hentry"],"_links":{"self":[{"href":"https:\/\/tribespress.com\/fr\/wp-json\/wp\/v2\/pages\/8171","targetHints":{"allow":["GET"]}}],"collection":[{"href":"https:\/\/tribespress.com\/fr\/wp-json\/wp\/v2\/pages"}],"about":[{"href":"https:\/\/tribespress.com\/fr\/wp-json\/wp\/v2\/types\/page"}],"author":[{"embeddable":true,"href":"https:\/\/tribespress.com\/fr\/wp-json\/wp\/v2\/users\/1"}],"replies":[{"embeddable":true,"href":"https:\/\/tribespress.com\/fr\/wp-json\/wp\/v2\/comments?post=8171"}],"version-history":[{"count":23,"href":"https:\/\/tribespress.com\/fr\/wp-json\/wp\/v2\/pages\/8171\/revisions"}],"predecessor-version":[{"id":11351,"href":"https:\/\/tribespress.com\/fr\/wp-json\/wp\/v2\/pages\/8171\/revisions\/11351"}],"wp:attachment":[{"href":"https:\/\/tribespress.com\/fr\/wp-json\/wp\/v2\/media?parent=8171"}],"curies":[{"name":"wp","href":"https:\/\/api.w.org\/{rel}","templated":true}]}}