{"id":7916,"date":"2018-01-31T10:23:47","date_gmt":"2018-01-31T10:23:47","guid":{"rendered":"http:\/\/tribespress.com\/fr\/?page_id=7916"},"modified":"2023-04-17T13:32:58","modified_gmt":"2023-04-17T13:32:58","slug":"author-website-standard","status":"publish","type":"page","link":"https:\/\/tribespress.com\/fr\/author-website-standard\/","title":{"rendered":"Site Internet &#8211; Standard"},"content":{"rendered":"<div class=\"wpb-content-wrapper\"><p>[vc_row][vc_column][vc_row_inner][vc_column_inner width=&#8221;1\/3&#8243;]<style type=\"text\/css\" >#rand_kqtby7ih4cirfwdaqqhl {margin-top:0px; margin-bottom:34px; }<\/style><style type='text\/css'> @font-face{font-family: 'fa'; src:url('https:\/\/tribespress.com\/fr\/wp-content\/themes\/thefox\/includes\/4k-icons\/icons\/4k-icons-pack02\/icons\/fonts\/fa.eot'); src:url('https:\/\/tribespress.com\/fr\/wp-content\/themes\/thefox\/includes\/4k-icons\/icons\/4k-icons-pack02\/icons\/fonts\/fa.eot?#iefix') format('embedded-opentype'), url('https:\/\/tribespress.com\/fr\/wp-content\/themes\/thefox\/includes\/4k-icons\/icons\/4k-icons-pack02\/icons\/fonts\/fa.woff') format('woff'), url('https:\/\/tribespress.com\/fr\/wp-content\/themes\/thefox\/includes\/4k-icons\/icons\/4k-icons-pack02\/icons\/fonts\/fa.ttf') format('truetype'), url('https:\/\/tribespress.com\/fr\/wp-content\/themes\/thefox\/includes\/4k-icons\/icons\/4k-icons-pack02\/icons\/fonts\/fa.svg#oi') format('svg'); font-weight: normal; font-style: normal;}#rand_kqtby7ih4cirfwdaqqhl .fa-wordpress:before{font-family: 'fa'; font-weight: normal; font-style: normal;}#rand_kqtby7ih4cirfwdaqqhl .fa-wordpress:before{content: \"\\f19a\";}<\/style>\n<div id=\"rand_kqtby7ih4cirfwdaqqhl\" class=\"icon_box \"><i class=\"fa-wordpress\" style=\"color:#e52f6c;\"><\/i><h3 style=\"color:#333333;\">Conception de sites web<\/h3><p style=\"color:#333333\">Un site internet est un \u00e9l\u00e9ment fondamental pour faire passer votre message dans le monde. Nos concepteurs de sites internet sont sp\u00e9cialis\u00e9s dans la personnalisation de sites web pour auteurs et personnes dans les arts cr\u00e9atifs.<\/p><\/div>[\/vc_column_inner][vc_column_inner width=&#8221;1\/3&#8243;]<style type=\"text\/css\" >#rand_hjenl8somoe1hd2xyoly {margin-top:0px; margin-bottom:34px; }<\/style><style type='text\/css'> @font-face{font-family: 'u8'; src:url('https:\/\/tribespress.com\/fr\/wp-content\/themes\/thefox\/includes\/4k-icons\/icons\/4k-icons-pack04\/icons\/fonts\/u8.eot'); src:url('https:\/\/tribespress.com\/fr\/wp-content\/themes\/thefox\/includes\/4k-icons\/icons\/4k-icons-pack04\/icons\/fonts\/u8.eot?#iefix') format('embedded-opentype'), url('https:\/\/tribespress.com\/fr\/wp-content\/themes\/thefox\/includes\/4k-icons\/icons\/4k-icons-pack04\/icons\/fonts\/u8.woff') format('woff'), url('https:\/\/tribespress.com\/fr\/wp-content\/themes\/thefox\/includes\/4k-icons\/icons\/4k-icons-pack04\/icons\/fonts\/u8.ttf') format('truetype'), url('https:\/\/tribespress.com\/fr\/wp-content\/themes\/thefox\/includes\/4k-icons\/icons\/4k-icons-pack04\/icons\/fonts\/u8.svg#oi') format('svg'); font-weight: normal; font-style: normal;}#rand_hjenl8somoe1hd2xyoly .u8-painting2:before{font-family: 'u8'; font-weight: normal; font-style: normal;}#rand_hjenl8somoe1hd2xyoly .u8-painting2:before{content: \"\\e83d\";}<\/style>\n<div id=\"rand_hjenl8somoe1hd2xyoly\" class=\"icon_box \"><i class=\"u8-painting2\" style=\"color:#e52f6c;\"><\/i><h3 style=\"color:#333333;\">Conception du logo<\/h3><p style=\"color:#333333\">Nous disposons d\u2019une \u00e9quipe de concepteurs professionnels qui cr\u00e9eront le logo qui d\u00e9crit le mieux vos livres et\/ou vos produits. Nous vous posons un certain nombre de questions, nous r\u00e9fl\u00e9chissons ensemble et cr\u00e9ons des concepts qui s\u2019harmonisent avec la palette de couleurs de vos livres, de vos produits et de votre personnalit\u00e9. Chaque logo est individuel et notre \u00e9quipe sait que pour vous honorer, vous et votre travail, il est important d\u2019\u00eatre \u00e0 l\u2019\u00e9coute de vos besoins afin de cr\u00e9er un logo unique qui vous d\u00e9finisse vous et vos livres et\/ou produits.<\/p><\/div>[\/vc_column_inner][vc_column_inner width=&#8221;1\/3&#8243;]<style type=\"text\/css\" >#rand_5nkp0zsuh1cshjqm0i2f {margin-top:0px; margin-bottom:34px; }<\/style><style type='text\/css'> @font-face{font-family: 'draw'; src:url('https:\/\/tribespress.com\/fr\/wp-content\/themes\/thefox\/includes\/4k-icons\/icons\/4k-icons-pack02\/icons\/fonts\/draw.eot'); src:url('https:\/\/tribespress.com\/fr\/wp-content\/themes\/thefox\/includes\/4k-icons\/icons\/4k-icons-pack02\/icons\/fonts\/draw.eot?#iefix') format('embedded-opentype'), url('https:\/\/tribespress.com\/fr\/wp-content\/themes\/thefox\/includes\/4k-icons\/icons\/4k-icons-pack02\/icons\/fonts\/draw.woff') format('woff'), url('https:\/\/tribespress.com\/fr\/wp-content\/themes\/thefox\/includes\/4k-icons\/icons\/4k-icons-pack02\/icons\/fonts\/draw.ttf') format('truetype'), url('https:\/\/tribespress.com\/fr\/wp-content\/themes\/thefox\/includes\/4k-icons\/icons\/4k-icons-pack02\/icons\/fonts\/draw.svg#oi') format('svg'); font-weight: normal; font-style: normal;}#rand_5nkp0zsuh1cshjqm0i2f .draw-shopping131:before{font-family: 'draw'; font-weight: normal; font-style: normal;}#rand_5nkp0zsuh1cshjqm0i2f .draw-shopping131:before{content: \"\\e931\";}<\/style>\n<div id=\"rand_5nkp0zsuh1cshjqm0i2f\" class=\"icon_box \"><i class=\"draw-shopping131\" style=\"color:#e52f6c;\"><\/i><h3 style=\"color:#333333;\">Site web de commerce en ligne<\/h3><p style=\"color:#333333\">Si vous souhaitez vendre vos livres et vos produits sur Internet, nous mettrons en place un site de commerce en ligne pour vous. Il s\u2019agit d\u2019une boutique de vente en ligne. Nous veillerons \u00e0 ce que le paiement s\u00e9curis\u00e9 du commerce en ligne avec certificat SSL soit appliqu\u00e9 et que vous receviez une notification par courrier \u00e9lectronique lorsque vous avez une vente sur votre boutique en ligne.<\/p><\/div>[\/vc_column_inner][\/vc_row_inner][vc_row_inner][vc_column_inner width=&#8221;1\/3&#8243;]<style type=\"text\/css\" >#rand_og3ihtqshzusx16npjf7 {margin-top:0px; margin-bottom:34px; }<\/style><style type='text\/css'> @font-face{font-family: 'zm'; src:url('https:\/\/tribespress.com\/fr\/wp-content\/themes\/thefox\/includes\/4k-icons\/icons\/4k-icons-pack05\/icons\/fonts\/zm.eot'); src:url('https:\/\/tribespress.com\/fr\/wp-content\/themes\/thefox\/includes\/4k-icons\/icons\/4k-icons-pack05\/icons\/fonts\/zm.eot?#iefix') format('embedded-opentype'), url('https:\/\/tribespress.com\/fr\/wp-content\/themes\/thefox\/includes\/4k-icons\/icons\/4k-icons-pack05\/icons\/fonts\/zm.woff') format('woff'), url('https:\/\/tribespress.com\/fr\/wp-content\/themes\/thefox\/includes\/4k-icons\/icons\/4k-icons-pack05\/icons\/fonts\/zm.ttf') format('truetype'), url('https:\/\/tribespress.com\/fr\/wp-content\/themes\/thefox\/includes\/4k-icons\/icons\/4k-icons-pack05\/icons\/fonts\/zm.svg#oi') format('svg'); font-weight: normal; font-style: normal;}#rand_og3ihtqshzusx16npjf7 .zm-facebook:before{font-family: 'zm'; font-weight: normal; font-style: normal;}#rand_og3ihtqshzusx16npjf7 .zm-facebook:before{content: \"\\e000\";}<\/style>\n<div id=\"rand_og3ihtqshzusx16npjf7\" class=\"icon_box \"><i class=\"zm-facebook\" style=\"color:#e52f6c;\"><\/i><h3 style=\"color:#333333;\">Synchronisation des r\u00e9seaux sociaux<\/h3><p style=\"color:#333333\">En synchronisant vos diff\u00e9rents comptes (tels que Facebook, Instagram, Pinterest, LinkedIn, etc.), cela signifie que les nouveaux contenus de votre site web seront publi\u00e9s sur vos r\u00e9seaux sociaux et vice versa. Cela peut s\u2019av\u00e9rer \u00eatre un formidable outil afin que vos livres et produits atteignent un public mondial.<\/p><\/div>[\/vc_column_inner][vc_column_inner width=&#8221;1\/3&#8243;]<style type=\"text\/css\" >#rand_e5dxmz1yn6skyt1gy6ia {margin-top:0px; margin-bottom:34px; }<\/style><style type='text\/css'> @font-face{font-family: 'fa'; src:url('https:\/\/tribespress.com\/fr\/wp-content\/themes\/thefox\/includes\/4k-icons\/icons\/4k-icons-pack02\/icons\/fonts\/fa.eot'); src:url('https:\/\/tribespress.com\/fr\/wp-content\/themes\/thefox\/includes\/4k-icons\/icons\/4k-icons-pack02\/icons\/fonts\/fa.eot?#iefix') format('embedded-opentype'), url('https:\/\/tribespress.com\/fr\/wp-content\/themes\/thefox\/includes\/4k-icons\/icons\/4k-icons-pack02\/icons\/fonts\/fa.woff') format('woff'), url('https:\/\/tribespress.com\/fr\/wp-content\/themes\/thefox\/includes\/4k-icons\/icons\/4k-icons-pack02\/icons\/fonts\/fa.ttf') format('truetype'), url('https:\/\/tribespress.com\/fr\/wp-content\/themes\/thefox\/includes\/4k-icons\/icons\/4k-icons-pack02\/icons\/fonts\/fa.svg#oi') format('svg'); font-weight: normal; font-style: normal;}#rand_e5dxmz1yn6skyt1gy6ia .fa-line-chart:before{font-family: 'fa'; font-weight: normal; font-style: normal;}#rand_e5dxmz1yn6skyt1gy6ia .fa-line-chart:before{content: \"\\f201\";}<\/style>\n<div id=\"rand_e5dxmz1yn6skyt1gy6ia\" class=\"icon_box \"><i class=\"fa-line-chart\" style=\"color:#e52f6c;\"><\/i><h3 style=\"color:#333333;\">Google Analytics<\/h3><p style=\"color:#333333\">Vous avez la possibilit\u00e9 d\u2019int\u00e9grer Google Analytics \u00e0 votre site web. Vous serez alors en mesure de consulter le compte-rendu d\u00e9taill\u00e9 de la fr\u00e9quentation de votre site, des mots-cl\u00e9s utilis\u00e9s par les visiteurs, de la mani\u00e8re dont ils ont trouv\u00e9 votre site et votre emplacement. Ces informations sont essentielles pour cibler votre public et ainsi adapter votre contenu.<\/p><\/div>[\/vc_column_inner][vc_column_inner width=&#8221;1\/3&#8243;]<style type=\"text\/css\" >#rand_63m5lzgfj116ct9pzsne {margin-top:0px; margin-bottom:34px; }<\/style><style type='text\/css'> @font-face{font-family: 'ba'; src:url('https:\/\/tribespress.com\/fr\/wp-content\/themes\/thefox\/includes\/4k-icons\/icons\/4k-icons-pack01\/icons\/fonts\/ba.eot'); src:url('https:\/\/tribespress.com\/fr\/wp-content\/themes\/thefox\/includes\/4k-icons\/icons\/4k-icons-pack01\/icons\/fonts\/ba.eot?#iefix') format('embedded-opentype'), url('https:\/\/tribespress.com\/fr\/wp-content\/themes\/thefox\/includes\/4k-icons\/icons\/4k-icons-pack01\/icons\/fonts\/ba.woff') format('woff'), url('https:\/\/tribespress.com\/fr\/wp-content\/themes\/thefox\/includes\/4k-icons\/icons\/4k-icons-pack01\/icons\/fonts\/ba.ttf') format('truetype'), url('https:\/\/tribespress.com\/fr\/wp-content\/themes\/thefox\/includes\/4k-icons\/icons\/4k-icons-pack01\/icons\/fonts\/ba.svg#oi') format('svg'); font-weight: normal; font-style: normal;}#rand_63m5lzgfj116ct9pzsne .ba-search4:before{font-family: 'ba'; font-weight: normal; font-style: normal;}#rand_63m5lzgfj116ct9pzsne .ba-search4:before{content: \"\\e90a\";}<\/style>\n<div id=\"rand_63m5lzgfj116ct9pzsne\" class=\"icon_box \"><i class=\"ba-search4\" style=\"color:#e52f6c;\"><\/i><h3 style=\"color:#333333;\">Optimisation pour les moteurs de recherche (SEO)<\/h3><p style=\"color:#333333\">Le SEO comprend entre autres la compatibilit\u00e9 du site Internet sur smartphones ou tablettes ainsi que la cr\u00e9ation de balises de titre, de m\u00e9ta-description et de mots-cl\u00e9s.<\/p><\/div>[\/vc_column_inner][\/vc_row_inner][\/vc_column][\/vc_row][vc_row type=&#8221;full-width-section&#8221; equal_height=&#8221;yes&#8221; content_placement=&#8221;top&#8221; css=&#8221;.vc_custom_1579083672620{padding-top: 20px !important;padding-bottom: 20px !important;background-color: #e52f6c !important;}&#8221; el_id=&#8221;top_footer&#8221;][vc_column width=&#8221;1\/4&#8243; el_class=&#8221;footer-name&#8221;][vc_custom_heading text=&#8221;Nom&#8221; font_container=&#8221;tag:h5|text_align:left|color:%23ffffff&#8221; use_theme_fonts=&#8221;yes&#8221;][vc_column_text]Tribes Press<br \/>\nCopyright 2018 Tribes Press[\/vc_column_text][\/vc_column][vc_column width=&#8221;1\/4&#8243; el_class=&#8221;footer-address&#8221;][vc_custom_heading text=&#8221;Adresse&#8221; font_container=&#8221;tag:h5|text_align:left|color:%23ffffff&#8221; use_theme_fonts=&#8221;yes&#8221;][vc_column_text]Glenanail, Castlegar,<br \/>\nTuam Road,<br \/>\nGalway,\u00a0Irlande[\/vc_column_text][\/vc_column][vc_column width=&#8221;1\/4&#8243; el_class=&#8221;footer-contact-us&#8221;][vc_custom_heading text=&#8221;Contactez-nous&#8221; font_container=&#8221;tag:h5|text_align:left|color:%23ffffff&#8221; use_theme_fonts=&#8221;yes&#8221;][vc_column_text]T\u00e9l.: +353 (0) 87 7749873<br \/>\nEmail: info@tribespress.com[\/vc_column_text][\/vc_column][vc_column width=&#8221;1\/4&#8243; el_class=&#8221;footer-connect-with-us&#8221;][vc_custom_heading text=&#8221;Suivez-nous&#8221; font_container=&#8221;tag:h5|text_align:left|color:%23ffffff&#8221; use_theme_fonts=&#8221;yes&#8221;]\r\n\t<div class=\"rd_si_sc rd_si_small\" id=\"rd_w7w9ebbkflhgpp5wsq67\">   \r\n\t\r\n\t                                                            <div id=\"yt\" class=\"\"> <a href=\"https:\/\/www.youtube.com\/channel\/UCpIttA6qgsHSMjdsbibCesg\" target=\"_blank\"><i class=\"fa fa-youtube\"><\/i><\/a><\/div>\r\n                                                                  <div id=\"lin\" class=\"\"> <a href=\"https:\/\/www.linkedin.com\/in\/marguerite-tonery-3289682b\" target=\"_blank\"><i class=\"fa fa-linkedin\"><\/i><\/a><\/div>\r\n                              <div id=\"twitter\" class=\"\"> <a href=\"https:\/\/twitter.com\/PressTribes\" target=\"_blank\"><i class=\"fa fa-twitter\"><\/i><\/a><\/div>\r\n                                                                              <div id=\"instagram\" class=\"\"> <a href=\"https:\/\/www.instagram.com\/tribespress\/\" target=\"_blank\" ><i class=\"fa fa-instagram\"><\/i><\/a><\/div>\r\n                              <div id=\"facebook\" class=\"\"> <a href=\"https:\/\/www.facebook.com\/Tribes-Press-146928069314657\/\" target=\"_blank\" ><i class=\"fa fa-facebook\"><\/i><\/a><\/div>\r\n      \t                          \t  \r\n\t<\/div>\r\n\t \r\n\t <style type=\"text\/css\" >#rd_w7w9ebbkflhgpp5wsq67 {margin:0px auto 0px;}#rd_w7w9ebbkflhgpp5wsq67 div a{color:#ffffff;}<\/style>[\/vc_column][\/vc_row][vc_row equal_height=&#8221;yes&#8221; el_class=&#8221;footer-images&#8221;][vc_column][vc_row_inner equal_height=&#8221;yes&#8221; content_placement=&#8221;middle&#8221;][vc_column_inner width=&#8221;1\/6&#8243;][vc_single_image image=&#8221;7887&#8243; img_size=&#8221;full&#8221; alignment=&#8221;center&#8221;][\/vc_column_inner][vc_column_inner width=&#8221;1\/6&#8243;][vc_single_image image=&#8221;7851&#8243; img_size=&#8221;full&#8221; alignment=&#8221;center&#8221;][\/vc_column_inner][vc_column_inner width=&#8221;1\/6&#8243;][vc_single_image image=&#8221;8500&#8243; img_size=&#8221;full&#8221; alignment=&#8221;center&#8221;][\/vc_column_inner][vc_column_inner width=&#8221;1\/6&#8243;][vc_single_image image=&#8221;8590&#8243; img_size=&#8221;full&#8221; alignment=&#8221;center&#8221;][\/vc_column_inner][vc_column_inner width=&#8221;1\/6&#8243;][vc_single_image image=&#8221;8591&#8243; img_size=&#8221;full&#8221; alignment=&#8221;center&#8221;][\/vc_column_inner][vc_column_inner width=&#8221;1\/6&#8243;][vc_single_image image=&#8221;8592&#8243; img_size=&#8221;full&#8221; alignment=&#8221;center&#8221;][\/vc_column_inner][\/vc_row_inner][vc_row_inner equal_height=&#8221;yes&#8221; content_placement=&#8221;middle&#8221;][vc_column_inner width=&#8221;1\/6&#8243;][vc_single_image image=&#8221;8593&#8243; img_size=&#8221;full&#8221; alignment=&#8221;center&#8221;][\/vc_column_inner][vc_column_inner width=&#8221;1\/6&#8243;][vc_single_image image=&#8221;8594&#8243; img_size=&#8221;full&#8221; alignment=&#8221;center&#8221;][\/vc_column_inner][vc_column_inner width=&#8221;1\/6&#8243;][vc_single_image image=&#8221;8595&#8243; img_size=&#8221;full&#8221; alignment=&#8221;center&#8221;][\/vc_column_inner][vc_column_inner width=&#8221;1\/6&#8243;][vc_single_image image=&#8221;8846&#8243; img_size=&#8221;full&#8221; alignment=&#8221;center&#8221;][\/vc_column_inner][vc_column_inner width=&#8221;1\/6&#8243;][vc_single_image image=&#8221;8848&#8243; img_size=&#8221;full&#8221; alignment=&#8221;center&#8221;][\/vc_column_inner][vc_column_inner width=&#8221;1\/6&#8243;][\/vc_column_inner][\/vc_row_inner][\/vc_column][\/vc_row][vc_row type=&#8221;full-width-section&#8221; equal_height=&#8221;yes&#8221; content_placement=&#8221;middle&#8221; css=&#8221;.vc_custom_1517916543533{padding-top: 20px !important;padding-bottom: 20px !important;background-color: #eaeaea !important;}&#8221; el_id=&#8221;bottom_footer&#8221; el_class=&#8221;fix&#8221;][vc_column width=&#8221;1\/6&#8243;][vc_custom_heading text=&#8221;\u00c9diter&#8221; font_container=&#8221;tag:h4|text_align:center|color:%23222222&#8243; use_theme_fonts=&#8221;yes&#8221; link=&#8221;url:http%3A%2F%2Ftribespress.com\/fr%2Feditorial-service%2F|||&#8221;][\/vc_column][vc_column width=&#8221;1\/6&#8243;][vc_custom_heading text=&#8221;Traduction&#8221; font_container=&#8221;tag:h4|text_align:center|color:%23222222&#8243; use_theme_fonts=&#8221;yes&#8221; link=&#8221;url:http%3A%2F%2Ftribespress.com\/fr%2Ftranslation-services%2F|||&#8221;][\/vc_column][vc_column width=&#8221;1\/3&#8243; css=&#8221;.vc_custom_1517915891605{padding-top: -10px !important;}&#8221;][vc_single_image image=&#8221;8495&#8243; img_size=&#8221;medium&#8221; alignment=&#8221;center&#8221; onclick=&#8221;custom_link&#8221; link=&#8221;http:\/\/tribespress.com\/fr&#8221;][\/vc_column][vc_column width=&#8221;1\/6&#8243;][vc_custom_heading text=&#8221;Illustrations&#8221; font_container=&#8221;tag:h4|text_align:center|color:%23222222&#8243; use_theme_fonts=&#8221;yes&#8221; link=&#8221;url:http%3A%2F%2Ftribespress.com\/fr%2Fcover-design%2F|||&#8221;][\/vc_column][vc_column width=&#8221;1\/6&#8243;][vc_custom_heading text=&#8221;Conseils personnalis\u00e9s&#8221; font_container=&#8221;tag:h4|text_align:center|color:%23222222&#8243; use_theme_fonts=&#8221;yes&#8221; link=&#8221;url:http%3A%2F%2Ftribespress.com\/fr%2Fcontact%2F|||&#8221;][\/vc_column][\/vc_row]<\/p>\n<\/div>","protected":false},"excerpt":{"rendered":"<p>[vc_row][vc_column][vc_row_inner][vc_column_inner width=&#8221;1\/3&#8243;] Conception de sites webUn site internet est un \u00e9l\u00e9ment fondamental pour faire passer votre message dans le monde. Nos concepteurs de sites internet sont sp\u00e9cialis\u00e9s dans la personnalisation de sites web pour auteurs et personnes dans les arts cr\u00e9atifs.[\/vc_column_inner][vc_column_inner width=&#8221;1\/3&#8243;] Conception du logoNous disposons d\u2019une \u00e9quipe de concepteurs professionnels qui cr\u00e9eront le logo<br \/><a href=\"https:\/\/tribespress.com\/fr\/author-website-standard\/\" class=\"more\">Read more<\/a><\/p>\n","protected":false},"author":1,"featured_media":0,"parent":0,"menu_order":0,"comment_status":"closed","ping_status":"closed","template":"","meta":{"_exactmetrics_skip_tracking":false,"_exactmetrics_sitenote_active":false,"_exactmetrics_sitenote_note":"","_exactmetrics_sitenote_category":0,"footnotes":""},"class_list":["post-7916","page","type-page","status-publish","hentry"],"_links":{"self":[{"href":"https:\/\/tribespress.com\/fr\/wp-json\/wp\/v2\/pages\/7916","targetHints":{"allow":["GET"]}}],"collection":[{"href":"https:\/\/tribespress.com\/fr\/wp-json\/wp\/v2\/pages"}],"about":[{"href":"https:\/\/tribespress.com\/fr\/wp-json\/wp\/v2\/types\/page"}],"author":[{"embeddable":true,"href":"https:\/\/tribespress.com\/fr\/wp-json\/wp\/v2\/users\/1"}],"replies":[{"embeddable":true,"href":"https:\/\/tribespress.com\/fr\/wp-json\/wp\/v2\/comments?post=7916"}],"version-history":[{"count":30,"href":"https:\/\/tribespress.com\/fr\/wp-json\/wp\/v2\/pages\/7916\/revisions"}],"predecessor-version":[{"id":11784,"href":"https:\/\/tribespress.com\/fr\/wp-json\/wp\/v2\/pages\/7916\/revisions\/11784"}],"wp:attachment":[{"href":"https:\/\/tribespress.com\/fr\/wp-json\/wp\/v2\/media?parent=7916"}],"curies":[{"name":"wp","href":"https:\/\/api.w.org\/{rel}","templated":true}]}}