{"id":11599,"date":"2026-03-25T10:30:57","date_gmt":"2026-03-25T10:30:57","guid":{"rendered":"https:\/\/tribespress.com\/de\/?post_type=product&#038;p=11599"},"modified":"2026-03-25T10:30:57","modified_gmt":"2026-03-25T10:30:57","slug":"liebst-du-mich-trotzdem-ebook","status":"publish","type":"product","link":"https:\/\/tribespress.com\/de\/product\/liebst-du-mich-trotzdem-ebook\/","title":{"rendered":"Liebst Du Mich Trotzdem? (eBook)"},"content":{"rendered":"<p>Hinter jedem Gesicht verbirgt sich eine Vielzahl von Geschichten. In diesem Buch schildert die Psychologin mit seltener Aufrichtigkeit ihr Leben mit Dissoziativer Identit\u00e4tsst\u00f6rung (ehemals Multiple Pers\u00f6nlichkeitsst\u00f6rung) und erz\u00e4hlt auf ihre einzigartige Weise von ihren pers\u00f6nlichen Erfahrungen, Zweifeln und Erfolgen. Sie erkl\u00e4rt eine Realit\u00e4t, die oft missverstanden und stigmatisiert wird.<\/p>\n<p>Dieses Buch ist nicht nur ein Zeugnis ihrer eigenen Geschichte, sondern auch ein wertvolles Handbuch ein Wegweiser f\u00fcr Menschen, die mit dieser Krankheit leben, f\u00fcr diejenigen, die sie verstehen m\u00f6chten, und f\u00fcr Fachleute, die Betroffenen einf\u00fchlsame und hilfreiche Unterst\u00fctzung bieten wollen.<\/p>\n<p>Neben ihrer pers\u00f6nlichen Erz\u00e4hlung bietet A.K. Joshua eine Anleitung zum emotionalen und psychologischen \u00dcberleben.<\/p>\n<p>Sie gibt handfeste Ratschl\u00e4ge, um das t\u00e4gliche Leben zu meistern und l\u00e4dt dazu ein, die eigene Komplexit\u00e4t mit Liebe und Mut anzunehmen. Es ist eine unerl\u00e4ssliche Lekt\u00fcre, um Schmerz in St\u00e4rke umzuwandeln und den Weg zu ebnen, sich selbst besser zu verstehen.<\/p>\n<p>eBook: https:\/\/www.amazon.de\/dp\/B0GTR7PF2V<\/p>\n","protected":false},"excerpt":{"rendered":"<p>Hinter jedem Gesicht verbirgt sich eine Vielzahl von Geschichten. In diesem Buch schildert die Psychologin mit seltener Aufrichtigkeit ihr Leben mit Dissoziativer Identit\u00e4tsst\u00f6rung (ehemals Multiple Pers\u00f6nlichkeitsst\u00f6rung) und erz\u00e4hlt auf ihre einzigartige Weise von ihren pers\u00f6nlichen Erfahrungen, Zweifeln und Erfolgen. Sie erkl\u00e4rt eine Realit\u00e4t, die oft missverstanden und stigmatisiert wird. Dieses Buch ist nicht nur ein<br \/><a href=\"https:\/\/tribespress.com\/de\/product\/liebst-du-mich-trotzdem-ebook\/\" class=\"more\">Read more<\/a><\/p>\n","protected":false},"featured_media":11600,"comment_status":"closed","ping_status":"closed","template":"","meta":{"_exactmetrics_skip_tracking":false,"_exactmetrics_sitenote_active":false,"_exactmetrics_sitenote_note":"","_exactmetrics_sitenote_category":0},"product_brand":[],"product_cat":[96],"product_tag":[],"class_list":{"0":"post-11599","1":"product","2":"type-product","3":"status-publish","4":"has-post-thumbnail","6":"product_cat-selbst-hilfe","8":"first","9":"instock","10":"shipping-taxable","11":"product-type-simple"},"_links":{"self":[{"href":"https:\/\/tribespress.com\/de\/wp-json\/wp\/v2\/product\/11599","targetHints":{"allow":["GET"]}}],"collection":[{"href":"https:\/\/tribespress.com\/de\/wp-json\/wp\/v2\/product"}],"about":[{"href":"https:\/\/tribespress.com\/de\/wp-json\/wp\/v2\/types\/product"}],"replies":[{"embeddable":true,"href":"https:\/\/tribespress.com\/de\/wp-json\/wp\/v2\/comments?post=11599"}],"wp:featuredmedia":[{"embeddable":true,"href":"https:\/\/tribespress.com\/de\/wp-json\/wp\/v2\/media\/11600"}],"wp:attachment":[{"href":"https:\/\/tribespress.com\/de\/wp-json\/wp\/v2\/media?parent=11599"}],"wp:term":[{"taxonomy":"product_brand","embeddable":true,"href":"https:\/\/tribespress.com\/de\/wp-json\/wp\/v2\/product_brand?post=11599"},{"taxonomy":"product_cat","embeddable":true,"href":"https:\/\/tribespress.com\/de\/wp-json\/wp\/v2\/product_cat?post=11599"},{"taxonomy":"product_tag","embeddable":true,"href":"https:\/\/tribespress.com\/de\/wp-json\/wp\/v2\/product_tag?post=11599"}],"curies":[{"name":"wp","href":"https:\/\/api.w.org\/{rel}","templated":true}]}}