{"id":10778,"date":"2019-11-06T16:17:43","date_gmt":"2019-11-06T16:17:43","guid":{"rendered":"https:\/\/tribespress.com\/de\/?post_type=product&#038;p=10778"},"modified":"2025-04-16T13:59:03","modified_gmt":"2025-04-16T13:59:03","slug":"kapheus-geschenkpack","status":"publish","type":"product","link":"https:\/\/tribespress.com\/de\/product\/kapheus-geschenkpack\/","title":{"rendered":"Kapheus Geschenkset"},"content":{"rendered":"<p>Das Geschenkset enth\u00e4lt alle sechs B\u00e4nde der Kapheus-Reihe. Das Geschenkset beinhaltet au\u00dferdem unsere \u00f6kologische Tribes-Press-Tasche (34 x 36,5 x 8,5 cm), in der die B\u00fccher umweltfreundlich verschenkt werden k\u00f6nnen, und die Kapheus-Trinkflasche. Damit kann man einem besonderen Kind nicht nur eine Freude machen, sondern es auch mit dem Notwendigsten f\u00fcr ein perfektes B\u00fccherabenteuer ausstatten.<\/p>\n<p>&nbsp;<\/p>\n<p>&nbsp;<\/p>\n","protected":false},"excerpt":{"rendered":"<p>&nbsp;<\/p>\n<p>&nbsp;<\/p>\n","protected":false},"featured_media":11203,"comment_status":"closed","ping_status":"closed","template":"","meta":{"_exactmetrics_skip_tracking":false,"_exactmetrics_sitenote_active":false,"_exactmetrics_sitenote_note":"","_exactmetrics_sitenote_category":0},"product_brand":[],"product_cat":[59,98,79],"product_tag":[],"class_list":{"0":"post-10778","1":"product","2":"type-product","3":"status-publish","4":"has-post-thumbnail","6":"product_cat-alter-10-13","7":"product_cat-angebote","8":"product_cat-marguerite-tonery","10":"first","11":"instock","12":"shipping-taxable","13":"purchasable","14":"product-type-simple"},"_links":{"self":[{"href":"https:\/\/tribespress.com\/de\/wp-json\/wp\/v2\/product\/10778","targetHints":{"allow":["GET"]}}],"collection":[{"href":"https:\/\/tribespress.com\/de\/wp-json\/wp\/v2\/product"}],"about":[{"href":"https:\/\/tribespress.com\/de\/wp-json\/wp\/v2\/types\/product"}],"replies":[{"embeddable":true,"href":"https:\/\/tribespress.com\/de\/wp-json\/wp\/v2\/comments?post=10778"}],"wp:featuredmedia":[{"embeddable":true,"href":"https:\/\/tribespress.com\/de\/wp-json\/wp\/v2\/media\/11203"}],"wp:attachment":[{"href":"https:\/\/tribespress.com\/de\/wp-json\/wp\/v2\/media?parent=10778"}],"wp:term":[{"taxonomy":"product_brand","embeddable":true,"href":"https:\/\/tribespress.com\/de\/wp-json\/wp\/v2\/product_brand?post=10778"},{"taxonomy":"product_cat","embeddable":true,"href":"https:\/\/tribespress.com\/de\/wp-json\/wp\/v2\/product_cat?post=10778"},{"taxonomy":"product_tag","embeddable":true,"href":"https:\/\/tribespress.com\/de\/wp-json\/wp\/v2\/product_tag?post=10778"}],"curies":[{"name":"wp","href":"https:\/\/api.w.org\/{rel}","templated":true}]}}