{"id":10776,"date":"2019-11-06T16:11:52","date_gmt":"2019-11-06T16:11:52","guid":{"rendered":"https:\/\/tribespress.com\/de\/?post_type=product&#038;p=10776"},"modified":"2025-04-16T13:59:03","modified_gmt":"2025-04-16T13:59:03","slug":"kapheus-geburtstags-weihnachts-trilogie","status":"publish","type":"product","link":"https:\/\/tribespress.com\/de\/product\/kapheus-geburtstags-weihnachts-trilogie\/","title":{"rendered":"Kapheus Weihnachts-Trilogie"},"content":{"rendered":"<p>Die Kapheus Trilogie ist eine Geschenkset mit den ersten drei B\u00e4nden der Kapheus-Reihe. Die Trilogie ist das perfekte Geschenk f\u00fcr ein Kind, das die Reihe noch nicht kennt und die Geschichte gerne lesen m\u00f6chte. Die Trilogie ist fertig verpackt und kommt mit einer Weihnachtskarte, mit der Sie das Geschenk einem besonderen Kind widmen k\u00f6nnen.<\/p>\n<p>&nbsp;<\/p>\n<p>&nbsp;<\/p>\n","protected":false},"excerpt":{"rendered":"<p>&nbsp;<\/p>\n<p>&nbsp;<\/p>\n","protected":false},"featured_media":11209,"comment_status":"closed","ping_status":"closed","template":"","meta":{"_exactmetrics_skip_tracking":false,"_exactmetrics_sitenote_active":false,"_exactmetrics_sitenote_note":"","_exactmetrics_sitenote_category":0},"product_brand":[],"product_cat":[59,98,79],"product_tag":[],"class_list":{"0":"post-10776","1":"product","2":"type-product","3":"status-publish","4":"has-post-thumbnail","6":"product_cat-alter-10-13","7":"product_cat-angebote","8":"product_cat-marguerite-tonery","10":"first","11":"instock","12":"shipping-taxable","13":"purchasable","14":"product-type-simple"},"_links":{"self":[{"href":"https:\/\/tribespress.com\/de\/wp-json\/wp\/v2\/product\/10776","targetHints":{"allow":["GET"]}}],"collection":[{"href":"https:\/\/tribespress.com\/de\/wp-json\/wp\/v2\/product"}],"about":[{"href":"https:\/\/tribespress.com\/de\/wp-json\/wp\/v2\/types\/product"}],"replies":[{"embeddable":true,"href":"https:\/\/tribespress.com\/de\/wp-json\/wp\/v2\/comments?post=10776"}],"wp:featuredmedia":[{"embeddable":true,"href":"https:\/\/tribespress.com\/de\/wp-json\/wp\/v2\/media\/11209"}],"wp:attachment":[{"href":"https:\/\/tribespress.com\/de\/wp-json\/wp\/v2\/media?parent=10776"}],"wp:term":[{"taxonomy":"product_brand","embeddable":true,"href":"https:\/\/tribespress.com\/de\/wp-json\/wp\/v2\/product_brand?post=10776"},{"taxonomy":"product_cat","embeddable":true,"href":"https:\/\/tribespress.com\/de\/wp-json\/wp\/v2\/product_cat?post=10776"},{"taxonomy":"product_tag","embeddable":true,"href":"https:\/\/tribespress.com\/de\/wp-json\/wp\/v2\/product_tag?post=10776"}],"curies":[{"name":"wp","href":"https:\/\/api.w.org\/{rel}","templated":true}]}}