{"id":10703,"date":"2019-08-07T14:07:24","date_gmt":"2019-08-07T14:07:24","guid":{"rendered":"https:\/\/tribespress.com\/de\/?post_type=product&#038;p=10703"},"modified":"2025-07-30T20:41:44","modified_gmt":"2025-07-30T20:41:44","slug":"kapheus-spirit-buch-5","status":"publish","type":"product","link":"https:\/\/tribespress.com\/de\/product\/kapheus-spirit-buch-5\/","title":{"rendered":"Kapheus Spirit- Buch 5"},"content":{"rendered":"<p><em>&#8216;I am all things in all places,&#8217; the Messenger said and those very words struck fear into the hearts of Kaphiens.\u00a0<\/em><\/p>\n<p>&nbsp;<\/p>\n<p>The ancient trees of the Kaphien woodlands have waited far too long and have united to summon the Messenger from the depths of the spirit world to herald a new dawn. In \u00c9ire, Elisa and Jamie have both reached the coming of age, and their mother calls upon Ailistr\u00edona, the gnome of great powers, to create the seoid an fh \u00e1idh for each of them.<br \/>\nYet, in the time the Children of Light were in \u00c9ire, Kapheus has grown still and fear has swept through the land. Elisa and Jamie are not safe to enter Kapheus, and when the boundary between the two worlds closes, they are left trapped inside forever.<br \/>\nWill the Children of Light find a way back to \u00c9ire?<\/p>\n","protected":false},"excerpt":{"rendered":"<p>pp. 322<\/p>\n<p>&nbsp;<\/p>\n<p><strong>Unser Sonderangebot!<\/strong><\/p>\n<p><strong>Erhalten Sie ein kostenfreies Lesezeichen beim Kauf von jeweils zwei B\u00fcchern.\u00a0 <\/strong><\/p>\n<p><strong>Erhalten Sie zwei kostenfreie Gru\u00dfkarten beim Kauf von jeweils drei B\u00fcchern.\u00a0<\/strong><\/p>\n","protected":false},"featured_media":10704,"comment_status":"closed","ping_status":"closed","template":"","meta":{"_exactmetrics_skip_tracking":false,"_exactmetrics_sitenote_active":false,"_exactmetrics_sitenote_note":"","_exactmetrics_sitenote_category":0},"product_brand":[],"product_cat":[63,79],"product_tag":[],"class_list":{"0":"post-10703","1":"product","2":"type-product","3":"status-publish","4":"has-post-thumbnail","6":"product_cat-belletristik-8-12","7":"product_cat-marguerite-tonery","9":"first","10":"instock","11":"shipping-taxable","12":"purchasable","13":"product-type-simple"},"_links":{"self":[{"href":"https:\/\/tribespress.com\/de\/wp-json\/wp\/v2\/product\/10703","targetHints":{"allow":["GET"]}}],"collection":[{"href":"https:\/\/tribespress.com\/de\/wp-json\/wp\/v2\/product"}],"about":[{"href":"https:\/\/tribespress.com\/de\/wp-json\/wp\/v2\/types\/product"}],"replies":[{"embeddable":true,"href":"https:\/\/tribespress.com\/de\/wp-json\/wp\/v2\/comments?post=10703"}],"wp:featuredmedia":[{"embeddable":true,"href":"https:\/\/tribespress.com\/de\/wp-json\/wp\/v2\/media\/10704"}],"wp:attachment":[{"href":"https:\/\/tribespress.com\/de\/wp-json\/wp\/v2\/media?parent=10703"}],"wp:term":[{"taxonomy":"product_brand","embeddable":true,"href":"https:\/\/tribespress.com\/de\/wp-json\/wp\/v2\/product_brand?post=10703"},{"taxonomy":"product_cat","embeddable":true,"href":"https:\/\/tribespress.com\/de\/wp-json\/wp\/v2\/product_cat?post=10703"},{"taxonomy":"product_tag","embeddable":true,"href":"https:\/\/tribespress.com\/de\/wp-json\/wp\/v2\/product_tag?post=10703"}],"curies":[{"name":"wp","href":"https:\/\/api.w.org\/{rel}","templated":true}]}}