{"id":9181,"date":"2018-02-20T07:47:22","date_gmt":"2018-02-20T07:47:22","guid":{"rendered":"http:\/\/tribespress.com\/de\/?page_id=9181"},"modified":"2020-01-13T14:54:11","modified_gmt":"2020-01-13T14:54:11","slug":"colour-image-insertion","status":"publish","type":"page","link":"https:\/\/tribespress.com\/de\/colour-image-insertion\/","title":{"rendered":"Einf\u00fcgung von Farbbildern"},"content":{"rendered":"<div class=\"wpb-content-wrapper\"><p>[vc_row type=&#8221;full-width-section&#8221; css=&#8221;.vc_custom_1517824057167{padding-top: 50px !important;padding-bottom: 30px !important;}&#8221;][vc_column][vc_custom_heading text=&#8221;Einf\u00fcgung von Farbbildern&#8221; font_container=&#8221;tag:h4|text_align:center&#8221; use_theme_fonts=&#8221;yes&#8221;][vc_column_text]Mit unserer professionell ausgef\u00fchrten Einf\u00fcgung von Farbbildern werden Ihre Bilder klar und gut zur Geltung gebracht. Eines unserer Teammitglieder wird Ihre Farbbilder entgegennehmen und so anpassen, dass sie perfekt in Ihr Buch hineinpassen. Sollten Sie eine h\u00f6here Anzahl von Bildern in Ihr Buch einf\u00fcgen wollen, als die Anzahl, die in Ihrem B\u00fcndel enthalten ist, befolgen Sie bitte folgende Richtlinien:<\/p>\n<ul>\n<li>Alle internen Grafiken (inklusive Fotos, Tabellen, Diagramme, Zeichnungen, andersartige Fonts und alle anderen Elemente, die nicht als Grafik angsehen werden k\u00f6nnen) m\u00fcssen als individuelle TIFF (.tif) Datei eingesendet werden.<\/li>\n<li>Im Manuskript sollten Platzhalter f\u00fcr die Grafiken klar gekennzeichnet sein.<\/li>\n<li>F\u00fcr jede zus\u00e4tzliche Grafik wird eine Zusatzgeb\u00fchr berechnet.<\/li>\n<\/ul>\n<p><em>Hinweis: F\u00fcr den Buchumschlag in voller Farbe f\u00e4llt keine Zusatzgeb\u00fchr an. Bilder beziehen sich hier auf Farbfotos, Tabellen, Diagramme u.\u00e4.<\/em><\/p>\n<p>Preis der Dienstleistung (exkl. Mehrwertsteuer): \u20ac10,00<\/p>\n<p>Kontaktieren Sie 00353-87-7749873 f\u00fcr weitere Informationen.[\/vc_column_text][\/vc_column][\/vc_row][vc_row type=&#8221;full-width-section&#8221; equal_height=&#8221;yes&#8221; content_placement=&#8221;top&#8221; css=&#8221;.vc_custom_1578916538513{padding-top: 20px !important;padding-bottom: 20px !important;background-color: #e52f6c !important;}&#8221; el_id=&#8221;top_footer&#8221;][vc_column width=&#8221;1\/4&#8243; el_class=&#8221;footer-name&#8221;][vc_custom_heading text=&#8221;Name&#8221; font_container=&#8221;tag:h5|text_align:left|color:%23ffffff&#8221; use_theme_fonts=&#8221;yes&#8221;][vc_column_text]Tribes Press<br \/>\nCopyright 2018 Tribes Press[\/vc_column_text][\/vc_column][vc_column width=&#8221;1\/4&#8243; el_class=&#8221;footer-address&#8221;][vc_custom_heading text=&#8221;Adresse&#8221; font_container=&#8221;tag:h5|text_align:left|color:%23ffffff&#8221; use_theme_fonts=&#8221;yes&#8221;][vc_column_text]Glenanail, Castlegar,<br \/>\nTuam Road,<br \/>\nGalway,\u00a0Irland[\/vc_column_text][\/vc_column][vc_column width=&#8221;1\/4&#8243; el_class=&#8221;footer-contact-us&#8221;][vc_custom_heading text=&#8221;Kontakt&#8221; font_container=&#8221;tag:h5|text_align:left|color:%23ffffff&#8221; use_theme_fonts=&#8221;yes&#8221;][vc_column_text]Phone: +353 (0) 87 7749873<br \/>\nEmail: info@tribespress.com[\/vc_column_text][\/vc_column][vc_column width=&#8221;1\/4&#8243; el_class=&#8221;footer-connect-with-us&#8221;][vc_custom_heading text=&#8221;Connect With Us&#8221; font_container=&#8221;tag:h5|text_align:left|color:%23ffffff&#8221; use_theme_fonts=&#8221;yes&#8221;]\r\n\t<div class=\"rd_si_sc rd_si_small\" id=\"rd_pqobv730i5fkpg0keffv\">   \r\n\t\r\n\t                                                            <div id=\"yt\" class=\"\"> <a href=\"https:\/\/www.youtube.com\/channel\/UCpIttA6qgsHSMjdsbibCesg\" target=\"_blank\"><i class=\"fa fa-youtube\"><\/i><\/a><\/div>\r\n                                                                  <div id=\"lin\" class=\"\"> <a href=\"https:\/\/www.linkedin.com\/in\/marguerite-tonery-3289682b\" target=\"_blank\"><i class=\"fa fa-linkedin\"><\/i><\/a><\/div>\r\n                              <div id=\"twitter\" class=\"\"> <a href=\"https:\/\/twitter.com\/PressTribes\" target=\"_blank\"><i class=\"fa fa-twitter\"><\/i><\/a><\/div>\r\n                                                                              <div id=\"instagram\" class=\"\"> <a href=\"https:\/\/www.instagram.com\/tribespress\/\" target=\"_blank\" ><i class=\"fa fa-instagram\"><\/i><\/a><\/div>\r\n                              <div id=\"facebook\" class=\"\"> <a href=\"https:\/\/www.facebook.com\/Tribes-Press-146928069314657\/\" target=\"_blank\" ><i class=\"fa fa-facebook\"><\/i><\/a><\/div>\r\n      \t                          \t  \r\n\t<\/div>\r\n\t \r\n\t <style type=\"text\/css\" >#rd_pqobv730i5fkpg0keffv {margin:0px auto 0px;}#rd_pqobv730i5fkpg0keffv div a{color:#ffffff;}<\/style>[\/vc_column][\/vc_row][vc_row equal_height=&#8221;yes&#8221;][vc_column el_class=&#8221;footer-images&#8221;][vc_row_inner equal_height=&#8221;yes&#8221; content_placement=&#8221;middle&#8221;][vc_column_inner width=&#8221;1\/6&#8243;][vc_single_image image=&#8221;7887&#8243; img_size=&#8221;full&#8221; alignment=&#8221;center&#8221;][\/vc_column_inner][vc_column_inner width=&#8221;1\/6&#8243;][vc_single_image image=&#8221;7851&#8243; img_size=&#8221;full&#8221; alignment=&#8221;center&#8221;][\/vc_column_inner][vc_column_inner width=&#8221;1\/6&#8243;][vc_single_image image=&#8221;8500&#8243; img_size=&#8221;full&#8221; alignment=&#8221;center&#8221;][\/vc_column_inner][vc_column_inner width=&#8221;1\/6&#8243;][vc_single_image image=&#8221;8590&#8243; img_size=&#8221;full&#8221; alignment=&#8221;center&#8221;][\/vc_column_inner][vc_column_inner width=&#8221;1\/6&#8243;][vc_single_image image=&#8221;8591&#8243; img_size=&#8221;full&#8221; alignment=&#8221;center&#8221;][\/vc_column_inner][vc_column_inner width=&#8221;1\/6&#8243;][vc_single_image image=&#8221;8592&#8243; img_size=&#8221;full&#8221; alignment=&#8221;center&#8221;][\/vc_column_inner][\/vc_row_inner][vc_row_inner equal_height=&#8221;yes&#8221; content_placement=&#8221;middle&#8221;][vc_column_inner width=&#8221;1\/6&#8243;][vc_single_image image=&#8221;8593&#8243; img_size=&#8221;full&#8221; alignment=&#8221;center&#8221;][\/vc_column_inner][vc_column_inner width=&#8221;1\/6&#8243;][vc_single_image image=&#8221;8594&#8243; img_size=&#8221;full&#8221; alignment=&#8221;center&#8221;][\/vc_column_inner][vc_column_inner width=&#8221;1\/6&#8243;][vc_single_image image=&#8221;8595&#8243; img_size=&#8221;full&#8221; alignment=&#8221;center&#8221;][\/vc_column_inner][vc_column_inner width=&#8221;1\/6&#8243;][vc_single_image image=&#8221;8846&#8243; img_size=&#8221;full&#8221; alignment=&#8221;center&#8221;][\/vc_column_inner][vc_column_inner width=&#8221;1\/6&#8243;][vc_single_image image=&#8221;8848&#8243; img_size=&#8221;full&#8221; alignment=&#8221;center&#8221;][\/vc_column_inner][vc_column_inner width=&#8221;1\/6&#8243;][\/vc_column_inner][\/vc_row_inner][\/vc_column][\/vc_row][vc_row type=&#8221;full-width-section&#8221; equal_height=&#8221;yes&#8221; content_placement=&#8221;middle&#8221; css=&#8221;.vc_custom_1517916543533{padding-top: 20px !important;padding-bottom: 20px !important;background-color: #eaeaea !important;}&#8221; el_id=&#8221;bottom_footer&#8221; el_class=&#8221;fix&#8221;][vc_column width=&#8221;1\/6&#8243;][vc_custom_heading text=&#8221;Redaktion&#8221; font_container=&#8221;tag:h4|text_align:center|color:%23222222&#8243; use_theme_fonts=&#8221;yes&#8221; link=&#8221;url:http%3A%2F%2Ftribespress.com\/de%2Fpublishing%2Feditorial-service%2F|||&#8221;][\/vc_column][vc_column width=&#8221;1\/6&#8243;][vc_custom_heading text=&#8221;\u00dcbersetzung&#8221; font_container=&#8221;tag:h4|text_align:center|color:%23222222&#8243; use_theme_fonts=&#8221;yes&#8221; link=&#8221;url:http%3A%2F%2Ftribespress.com\/de%2Fpublishing%2Ftranslation-services%2F|||&#8221;][\/vc_column][vc_column width=&#8221;1\/3&#8243; css=&#8221;.vc_custom_1517915891605{padding-top: -10px !important;}&#8221;][vc_single_image image=&#8221;8495&#8243; img_size=&#8221;medium&#8221; alignment=&#8221;center&#8221; onclick=&#8221;custom_link&#8221; link=&#8221;http:\/\/tribespress.com\/de&#8221;][\/vc_column][vc_column width=&#8221;1\/6&#8243;][vc_custom_heading text=&#8221;Illustrationen&#8221; font_container=&#8221;tag:h4|text_align:center|color:%23222222&#8243; use_theme_fonts=&#8221;yes&#8221; link=&#8221;url:http%3A%2F%2Ftribespress.com\/de%2Fpublishing%2Fcover-design%2F|||&#8221;][\/vc_column][vc_column width=&#8221;1\/6&#8243;][vc_custom_heading text=&#8221;Pers\u00f6nlicher Kontakt&#8221; font_container=&#8221;tag:h4|text_align:center|color:%23222222&#8243; use_theme_fonts=&#8221;yes&#8221; link=&#8221;url:http%3A%2F%2Ftribespress.com\/de%2Fpublishing%2Fcontact%2F|||&#8221;][\/vc_column][\/vc_row]<\/p>\n<\/div>","protected":false},"excerpt":{"rendered":"<p>[vc_row type=&#8221;full-width-section&#8221; css=&#8221;.vc_custom_1517824057167{padding-top: 50px !important;padding-bottom: 30px !important;}&#8221;][vc_column][vc_custom_heading text=&#8221;Einf\u00fcgung von Farbbildern&#8221; font_container=&#8221;tag:h4|text_align:center&#8221; use_theme_fonts=&#8221;yes&#8221;][vc_column_text]Mit unserer professionell ausgef\u00fchrten Einf\u00fcgung von Farbbildern werden Ihre Bilder klar und gut zur Geltung gebracht. Eines unserer Teammitglieder wird Ihre Farbbilder entgegennehmen und so anpassen, dass sie perfekt in Ihr Buch hineinpassen. Sollten Sie eine h\u00f6here Anzahl von Bildern in Ihr Buch einf\u00fcgen<br \/><a href=\"https:\/\/tribespress.com\/de\/colour-image-insertion\/\" class=\"more\">Read more<\/a><\/p>\n","protected":false},"author":1,"featured_media":0,"parent":0,"menu_order":0,"comment_status":"closed","ping_status":"closed","template":"","meta":{"_exactmetrics_skip_tracking":false,"_exactmetrics_sitenote_active":false,"_exactmetrics_sitenote_note":"","_exactmetrics_sitenote_category":0,"footnotes":""},"class_list":["post-9181","page","type-page","status-publish","hentry"],"_links":{"self":[{"href":"https:\/\/tribespress.com\/de\/wp-json\/wp\/v2\/pages\/9181","targetHints":{"allow":["GET"]}}],"collection":[{"href":"https:\/\/tribespress.com\/de\/wp-json\/wp\/v2\/pages"}],"about":[{"href":"https:\/\/tribespress.com\/de\/wp-json\/wp\/v2\/types\/page"}],"author":[{"embeddable":true,"href":"https:\/\/tribespress.com\/de\/wp-json\/wp\/v2\/users\/1"}],"replies":[{"embeddable":true,"href":"https:\/\/tribespress.com\/de\/wp-json\/wp\/v2\/comments?post=9181"}],"version-history":[{"count":11,"href":"https:\/\/tribespress.com\/de\/wp-json\/wp\/v2\/pages\/9181\/revisions"}],"predecessor-version":[{"id":9185,"href":"https:\/\/tribespress.com\/de\/wp-json\/wp\/v2\/pages\/9181\/revisions\/9185"}],"wp:attachment":[{"href":"https:\/\/tribespress.com\/de\/wp-json\/wp\/v2\/media?parent=9181"}],"curies":[{"name":"wp","href":"https:\/\/api.w.org\/{rel}","templated":true}]}}