{"id":8344,"date":"2018-02-05T13:58:33","date_gmt":"2018-02-05T13:58:33","guid":{"rendered":"http:\/\/tribespress.com\/de\/?page_id=8344"},"modified":"2026-04-15T14:19:39","modified_gmt":"2026-04-15T14:19:39","slug":"submissions","status":"publish","type":"page","link":"https:\/\/tribespress.com\/de\/submissions\/","title":{"rendered":"Einsendungen"},"content":{"rendered":"<div class=\"wpb-content-wrapper\"><p>[vc_row type=&#8221;full-width-section&#8221; css=&#8221;.vc_custom_1517824089470{padding-top: 50px !important;padding-bottom: 30px !important;}&#8221;][vc_column][vc_custom_heading text=&#8221;Einsendungen&#8221; font_container=&#8221;tag:h2|text_align:center&#8221; use_theme_fonts=&#8221;yes&#8221;][vc_column_text]<\/p>\n<p style=\"text-align: center;\">F\u00fcr die Einsendung Ihres Manuskripts und den Erwerb unserer Dienstleistungen und Eigenverlagsb\u00fcndel, befolgen Sie bitte die unten aufgef\u00e4hrten Anweisungen.<\/p>\n<p>[\/vc_column_text][\/vc_column][\/vc_row][vc_row type=&#8221;full-width-section&#8221; css=&#8221;.vc_custom_1517824105448{padding-top: 30px !important;padding-bottom: 30px !important;}&#8221;][vc_column][vc_column_text]<div class='ezfc-wrapper ezfc-form-2 ezfc-theme-slick ezfc-grid-6  ezfc-form-loading'><div class='ezfc-form-loading-text'>Loading...<\/div><form class='ezfc-form  ezfc-image-selection-style-default ezfc-step-indicator-full-width' id='ezfc-form-2' name='ezfc-form[2]' action='' data-id='2' data-currency='\u20ac' method='POST' novalidate><input type='hidden' name='id' value='2' \/><input type='hidden' name='ref_id' value='' id='ezfc-ref-id-2' \/><div class='ezfc-form-elements'><div class='ezfc-element ezfc-custom-element  ezfc-column ezfc-col-6 ezfc-element-wrapper-input' id='ezfc_element-12' data-element='input' data-id='12' data-elementname='name des autors' data-calculate_enabled='0' data-is_currency='0' data-is_number='0' data-add_to_price='1' data-value_external='' data-value_external_listen='1'>\r\n<label class='ezfc-label' for='ezfc_element-12-child' >Name des Autors <span class='ezfc-required-char'>*<\/span><\/label>\r\n<input\tclass=' ezfc-element ezfc-element-input ezfc-input-format-listener' data-factor='1' id='ezfc_element-12-child' name='ezfc_element[12]' placeholder='' type='text' value='' data-initvalue=''  required \/><\/div><div class='ezfc-element ezfc-custom-element  ezfc-column ezfc-col-6 ezfc-element-wrapper-dropdown' id='ezfc_element-23' data-element='dropdown' data-id='23' data-elementname='genre' data-calculate_enabled='0' data-is_currency='0' data-is_number='0' data-add_to_price='0' >\r\n<label class='ezfc-label' for='ezfc_element-23-child' >Genre <span class='ezfc-required-char'>*<\/span><\/label>\r\n<select class=' ezfc-element ezfc-element-select' id='ezfc_element-23-child' name='ezfc_element[23]'  required ><option value='0' data-value='Action und Abenteuer' data-index='0' data-factor='Action und Abenteuer' data-settings='{\"calculate_when_hidden\":\"0\"}' >Action und Abenteuer<\/option><option value='1' data-value='Anthologie' data-index='1' data-factor='Anthologie' data-settings='{\"calculate_when_hidden\":\"0\"}' >Anthologie<\/option><option value='2' data-value='Kunst' data-index='2' data-factor='Kunst' data-settings='{\"calculate_when_hidden\":\"0\"}' >Kunst<\/option><option value='3' data-value='Autobiographien' data-index='3' data-factor='Autobiographien' data-settings='{\"calculate_when_hidden\":\"0\"}' >Autobiographien<\/option><option value='4' data-value='Biographien' data-index='4' data-factor='Biographien' data-settings='{\"calculate_when_hidden\":\"0\"}' >Biographien<\/option><option value='5' data-value='Kinder' data-index='5' data-factor='Kinder' data-settings='{\"calculate_when_hidden\":\"0\"}' >Kinder<\/option><option value='6' data-value='Comics' data-index='6' data-factor='Comics' data-settings='{\"calculate_when_hidden\":\"0\"}' >Comics<\/option><option value='7' data-value='Kochb\u00fccher' data-index='7' data-factor='Kochb\u00fccher' data-settings='{\"calculate_when_hidden\":\"0\"}' >Kochb&uuml;cher<\/option><option value='8' data-value='Tageb\u00fccher' data-index='8' data-factor='Tageb\u00fccher' data-settings='{\"calculate_when_hidden\":\"0\"}' >Tageb&uuml;cher<\/option><option value='9' data-value='W\u00f6rterb\u00fccher' data-index='9' data-factor='W\u00f6rterb\u00fccher' data-settings='{\"calculate_when_hidden\":\"0\"}' >W&ouml;rterb&uuml;cher<\/option><option value='10' data-value='Drama' data-index='10' data-factor='Drama' data-settings='{\"calculate_when_hidden\":\"0\"}' >Drama<\/option><option value='11' data-value='Enzyklop\u00e4dien' data-index='11' data-factor='Enzyklop\u00e4dien' data-settings='{\"calculate_when_hidden\":\"0\"}' >Enzyklop&auml;dien<\/option><option value='12' data-value='Phantasie' data-index='12' data-factor='Phantasie' data-settings='{\"calculate_when_hidden\":\"0\"}' >Phantasie<\/option><option value='13' data-value='F\u00fchrer' data-index='13' data-factor='F\u00fchrer' data-settings='{\"calculate_when_hidden\":\"0\"}' >F&uuml;hrer<\/option><option value='14' data-value='Gesundheit' data-index='14' data-factor='Gesundheit' data-settings='{\"calculate_when_hidden\":\"0\"}' >Gesundheit<\/option><option value='15' data-value='Geschichte' data-index='15' data-factor='Geschichte' data-settings='{\"calculate_when_hidden\":\"0\"}' >Geschichte<\/option><option value='16' data-value='Horror' data-index='16' data-factor='Horror' data-settings='{\"calculate_when_hidden\":\"0\"}' >Horror<\/option><option value='17' data-value='Zeitschriften' data-index='17' data-factor='Zeitschriften' data-settings='{\"calculate_when_hidden\":\"0\"}' >Zeitschriften<\/option><option value='18' data-value='Mathematik' data-index='18' data-factor='Mathematik' data-settings='{\"calculate_when_hidden\":\"0\"}' >Mathematik<\/option><option value='19' data-value='Mystery' data-index='19' data-factor='Mystery' data-settings='{\"calculate_when_hidden\":\"0\"}' >Mystery<\/option><option value='20' data-value='Poesie' data-index='20' data-factor='Poesie' data-settings='{\"calculate_when_hidden\":\"0\"}' >Poesie<\/option><option value='21' data-value='Gebetsb\u00fccher' data-index='21' data-factor='Gebetsb\u00fccher' data-settings='{\"calculate_when_hidden\":\"0\"}' >Gebetsb&uuml;cher<\/option><option value='22' data-value='Religion, Spiritualit\u00e4t & New Age' data-index='22' data-factor='Religion, Spiritualit\u00e4t & New Age' data-settings='{\"calculate_when_hidden\":\"0\"}' >Religion, Spiritualit&auml;t &amp; New Age<\/option><option value='23' data-value='Romanze' data-index='23' data-factor='Romanze' data-settings='{\"calculate_when_hidden\":\"0\"}' >Romanze<\/option><option value='24' data-value='Satire' data-index='24' data-factor='Satire' data-settings='{\"calculate_when_hidden\":\"0\"}' >Satire<\/option><option value='25' data-value='Wissenschaft' data-index='25' data-factor='Wissenschaft' data-settings='{\"calculate_when_hidden\":\"0\"}' >Wissenschaft<\/option><option value='26' data-value='Selbsthilfe' data-index='26' data-factor='Selbsthilfe' data-settings='{\"calculate_when_hidden\":\"0\"}' >Selbsthilfe<\/option><option value='27' data-value='Serien' data-index='27' data-factor='Serien' data-settings='{\"calculate_when_hidden\":\"0\"}' >Serien<\/option><option value='28' data-value='Trilogie' data-index='28' data-factor='Trilogie' data-settings='{\"calculate_when_hidden\":\"0\"}' >Trilogie<\/option><\/select><\/div><div class='ezfc-element ezfc-custom-element  ezfc-column ezfc-col-6 ezfc-element-wrapper-textfield' id='ezfc_element-8' data-element='textfield' data-id='8' data-elementname='adresse' data-calculate_enabled='0' data-add_to_price='1' data-value_external='' data-value_external_listen='0'>\r\n<label class='ezfc-label' for='ezfc_element-8-child' >Adresse <span class='ezfc-required-char'>*<\/span><\/label>\r\n<textarea class=' ezfc-element ezfc-element-textarea' id='ezfc_element-8-child' name='ezfc_element[8]' placeholder=''  required data-initvalue=''><\/textarea><\/div><div class='ezfc-element ezfc-custom-element  ezfc-column ezfc-col-6 ezfc-element-wrapper-input' id='ezfc_element-13' data-element='input' data-id='13' data-elementname='stadt' data-calculate_enabled='0' data-is_currency='0' data-is_number='0' data-add_to_price='1' data-value_external='' data-value_external_listen='1'>\r\n<label class='ezfc-label' for='ezfc_element-13-child' >Stadt <span class='ezfc-required-char'>*<\/span><\/label>\r\n<input\tclass=' ezfc-element ezfc-element-input ezfc-input-format-listener' data-factor='1' id='ezfc_element-13-child' name='ezfc_element[13]' placeholder='' type='text' value='' data-initvalue=''  required \/><\/div><div class='ezfc-element ezfc-custom-element  ezfc-column ezfc-col-6 ezfc-element-wrapper-input' id='ezfc_element-14' data-element='input' data-id='14' data-elementname='land' data-calculate_enabled='0' data-is_currency='0' data-is_number='0' data-add_to_price='1' data-value_external='' data-value_external_listen='1'>\r\n<label class='ezfc-label' for='ezfc_element-14-child' >Land <span class='ezfc-required-char'>*<\/span><\/label>\r\n<input\tclass=' ezfc-element ezfc-element-input ezfc-input-format-listener' data-factor='1' id='ezfc_element-14-child' name='ezfc_element[14]' placeholder='' type='text' value='' data-initvalue=''  required \/><\/div><div class='ezfc-element ezfc-custom-element  ezfc-column ezfc-col-6 ezfc-element-wrapper-input' id='ezfc_element-15' data-element='input' data-id='15' data-elementname='postleitzahl' data-calculate_enabled='0' data-is_currency='0' data-is_number='0' data-add_to_price='1' data-value_external='' data-value_external_listen='1'>\r\n<label class='ezfc-label' for='ezfc_element-15-child' >Postleitzahl<\/label>\r\n<input\tclass=' ezfc-element ezfc-element-input ezfc-input-format-listener' data-factor='1' id='ezfc_element-15-child' name='ezfc_element[15]' placeholder='' type='text' value='' data-initvalue=''   \/><\/div><div class='ezfc-element ezfc-custom-element  ezfc-column ezfc-col-6 ezfc-element-wrapper-input' id='ezfc_element-17' data-element='input' data-id='17' data-elementname='telefonnummer' data-calculate_enabled='0' data-is_currency='0' data-is_number='0' data-add_to_price='1' data-value_external='' data-value_external_listen='1'>\r\n<label class='ezfc-label' for='ezfc_element-17-child' >Telefonnummer <span class='ezfc-required-char'>*<\/span><\/label>\r\n<input\tclass=' ezfc-element ezfc-element-input ezfc-input-format-listener' data-factor='1' id='ezfc_element-17-child' name='ezfc_element[17]' placeholder='' type='tel' value='' data-initvalue='' maxlength='10'  required \/><\/div><div class='ezfc-element ezfc-custom-element  ezfc-column ezfc-col-6 ezfc-element-wrapper-email' id='ezfc_element-16' data-element='email' data-id='16' data-elementname='emailadresse' data-calculate_enabled='0' data-add_to_price='1' data-value_external='' data-value_external_listen='1'>\r\n<label class='ezfc-label' for='ezfc_element-16-child' >Emailadresse <span class='ezfc-required-char'>*<\/span><\/label>\r\n<input\tclass=' ezfc-element ezfc-element-input' data-factor='1' id='ezfc_element-16-child' name='ezfc_element[16]' placeholder='' type='email' value='' data-initvalue=''  required multiple \/><\/div><div class='ezfc-element ezfc-custom-element  ezfc-column ezfc-col-6 ezfc-element-wrapper-datepicker' id='ezfc_element-20' data-element='datepicker' data-id='20' data-elementname='datum' data-calculate_enabled='0' data-add_to_price='1' data-value_external='' data-value_external_listen='1'>\r\n<label class='ezfc-label' for='ezfc_element-20-child' >Datum <span class='ezfc-required-char'>*<\/span><\/label>\r\n<input id='ezfc_element-20-child' class=' ezfc-element ezfc-element-input ezfc-element-datepicker' type='text' name='ezfc_element[20]' data-value_external='' data-value_external_listen='1' value='' placeholder=''  required data-initvalue='' data-settings='{\"available_days\":\"0,1,2,3,4,5,6\",\"blocked_days\":\"\",\"changeMonth\":\"0\",\"changeYear\":\"0\",\"firstDay\":\"1\",\"minDate\":\"\",\"maxDate\":\"\",\"numberOfMonths\":\"1\",\"showAnim\":\"fadeIn\",\"showWeek\":\"0\",\"yearRange\":\"\"}' \/><\/div><div class='ezfc-element ezfc-custom-element  ezfc-column ezfc-col-6 ezfc-element-wrapper-checkbox' id='ezfc_element-21' data-element='checkbox' data-id='21' data-elementname='akzeptieren' data-calculate_enabled='0' data-is_currency='0' data-is_number='0' data-add_to_price='0' >\r\n<label class='ezfc-label' for='ezfc_element-21-child' ><a href=\"http:\/\/tribespress.com\/de\/wp-content\/uploads\/2018\/02\/AuthorAgreement_TribesPress-3.pdf\">Autoren- Vertragsformular akzeptieren<\/a> <span class='ezfc-required-char'>*<\/span><\/label>\r\n<div class='ezfc-element-option-container'><div class='ezfc-element-checkbox-container ezfc-element-single-option-container ' style=''>\t<div class='ezfc-element-checkbox'>\t\t<input class='  ezfc-element-checkbox-input' id='ezfc_element-21-0' type='checkbox' name='ezfc_element[21][0]' value='0' data-value='0' data-index='0' data-factor='0' data-settings='{\"calculate_when_hidden\":\"0\"}'   \/>\t\t<label class='ezfc-addon-label' for='ezfc_element-21-0'><\/label>\t\t<div class='ezfc-addon-option'><\/div>\t<\/div>\t<div class='ezfc-element-checkbox-text'><label for='ezfc_element-21-0'>akzeptieren<\/label><span class='ezfc-element-checkbox-price'><\/span><\/div>\t<div class='ezfc-element-checkbox-clear'><\/div><\/div><\/div><\/div><div class='ezfc-element ezfc-custom-element  ezfc-column ezfc-col-6 ezfc-element-wrapper-fileupload' id='ezfc_element-22' data-element='fileupload' data-id='22' data-elementname='datei einsenden' data-calculate_enabled='0' data-add_to_price='1' >\r\n<label class='ezfc-label' for='ezfc_element-22-child' >Datei einsenden<\/label>\r\n<input type='file' name='ezfc-files[]' class=' ezfc-element-fileupload' id='ezfc_element-22-child' placeholder=''   \/><div class='ezfc-clear'><\/div><div class=\"ezfc-progress ezfc-progress-striped active\">\r\n\t\t\t\t\t\t<div class=\"ezfc-bar ezfc-progress-bar\" role=\"progressbar\" aria-valuenow=\"0\" aria-valuemin=\"0\" aria-valuemax=\"100\" style=\"width: 0\">\r\n\t\t\t\t\t\t\t<span class=\"sr-only\">0% Complete<\/span>\r\n\t\t\t\t\t\t<\/div>\r\n\t\t\t\t\t<\/div><p class='ezfc-fileupload-message'><\/p><ul class='ezfc-fileupload-files'><\/ul><\/div><\/div><div class='ezfc-element ezfc-submit-wrapper '>\t<label ><\/label>\t<input class='ezfc-btn ezfc-element ezfc-element-submit ezfc-submit ' id='ezfc-submit-2' type='submit' value='Einsenden' data-element='submit' \/>\t<span class='ezfc-submit-icon'><i class='fa fa-cog fa-spin'><\/i><\/span><\/div><input type='hidden' name='stripeToken' id='ezfc-stripetoken-2' value='' \/><\/form><div class='ezfc-message' id='ezfc-message-2'><\/div><div class='ezfc-success-text' data-id='2'><\/div><div id='ezfc-stripe-form-modal-2' class='ezfc-payment-dialog-modal' data-form_id='2'><\/div>\r\n<form action=\"\" class=\"ezfc-payment-form ezfc-payment-dialog\" method=\"POST\" id=\"ezfc-stripe-form-2\" data-form_id=\"2\">\r\n\t<div class=\"ezfc-payment-content\">\r\n\t\t<h3 class=\"ezfc-payment-heading\">Kreditkartenzahlung<\/h3>\r\n\r\n\t\t<div class=\"ezfc-payment-description-text\">Bitte geben Sie Ihre Kreditkartendaten an.<\/div>\r\n\r\n\t\t<div class=\"ezfc-form-input-group\">\r\n\t\t\t\r\n\t\t\t<div class=\"ezfc-form-input-row\">\r\n\t\t\t\t<div class=\"ezfc-half\">\r\n\t\t\t\t\t<label class=\"ezfc-label\" for=\"ezfc-element-payment-stripe-card-number-2\">Kartennummer<\/label>\r\n\t\t\t\t<\/div>\r\n\t\t\t\t<div class=\"ezfc-half\">\r\n\t\t\t\t\t<input id=\"ezfc-element-payment-stripe-card-number-2\" class=\"ezfc-cc-number-formatter\" type=\"text\" size=\"20\" maxlength=\"19\" data-stripe=\"number\" value=\"\" \/>\r\n\t\t\t\t<\/div>\r\n\t\t\t<\/div>\r\n\r\n\t\t\t<div class=\"ezfc-clear\"><\/div>\r\n\r\n\t\t\t<div class=\"ezfc-form-input-row\">\r\n\t\t\t\t<div class=\"ezfc-half\">\r\n\t\t\t\t\t<label class=\"ezfc-label\" for=\"ezfc-element-payment-stripe-expiry-month-2\">Ablaufdatum (MM\/YY)<\/label>\r\n\t\t\t\t<\/div>\r\n\t\t\t\t<div class=\"ezfc-half\">\r\n\t\t\t\t\t<input id=\"ezfc-element-payment-stripe-expiry-month-2\" class=\"ezfc-input-small\" type=\"text\" size=\"2\" maxlength=\"2\" data-stripe=\"exp_month\" value=\"\" \/>\r\n\t\t\t\t\t<span class=\"ezfc-element-payment-expiry-separator\"> \/ <\/span>\r\n\t\t\t\t\t<input id=\"ezfc-element-payment-stripe-expiry-year-2\" class=\"ezfc-input-small\" type=\"text\" size=\"2\" maxlength=\"2\" data-stripe=\"exp_year\" value=\"\" \/>\r\n\t\t\t\t<\/div>\r\n\t\t\t<\/div>\r\n\r\n\t\t\t<div class=\"ezfc-form-input-row\">\r\n\t\t\t\t<div class=\"ezfc-half\">\r\n\t\t\t\t\t<label class=\"ezfc-label\" for=\"ezfc-element-payment-stripe-cvc-2\">CVC<\/label>\r\n\t\t\t\t<\/div>\r\n\t\t\t\t<div class=\"ezfc-half\">\r\n\t\t\t\t\t<input id=\"ezfc-element-payment-stripe-cvc-2\" class=\"ezfc-input-small\" type=\"text\" size=\"4\" maxlength=\"4\" data-stripe=\"cvc\" value=\"\" \/>\r\n\t\t\t\t<\/div>\r\n\t\t\t<\/div>\r\n\r\n\t\t\t<div class=\"ezfc-clear\"><\/div>\r\n\t\t<\/div>\r\n\r\n\t\t<div class=\"ezfc-payment-errors\" id=\"ezfc-payment-message-2\"><\/div>\r\n\r\n\t\t<div class=\"ezfc-form-button-group\">\r\n\t\t\t<button class=\"ezfc-btn ezfc-payment-cancel\"><i class=\"fa fa-times\"><\/i> Stornierung<\/button>\r\n\t\t\t<button class=\"ezfc-btn ezfc-payment-submit\" data-payment=\"stripe\"><i class=\"fa fa-credit-card\"><\/i> Pay <span class='ezfc-payment-price'><\/span> <span class=\"ezfc-submit-icon\"><i class=\"fa fa-cog fa-spin\"><\/i><\/span><\/button>\r\n\t\t<\/div>\r\n\t<\/div>\r\n<\/form><\/div><div class='ezfc-overview' data-id='2'><\/div>[\/vc_column_text][\/vc_column][\/vc_row][vc_row type=&#8221;full-width-section&#8221; equal_height=&#8221;yes&#8221; content_placement=&#8221;top&#8221; css=&#8221;.vc_custom_1578916538513{padding-top: 20px !important;padding-bottom: 20px !important;background-color: #e52f6c !important;}&#8221; el_id=&#8221;top_footer&#8221;][vc_column width=&#8221;1\/4&#8243; el_class=&#8221;footer-name&#8221;][vc_custom_heading text=&#8221;Name&#8221; font_container=&#8221;tag:h5|text_align:left|color:%23ffffff&#8221; use_theme_fonts=&#8221;yes&#8221;][vc_column_text]Tribes Press<br \/>\nCopyright 2018 Tribes Press[\/vc_column_text][\/vc_column][vc_column width=&#8221;1\/4&#8243; el_class=&#8221;footer-address&#8221;][vc_custom_heading text=&#8221;Adresse&#8221; font_container=&#8221;tag:h5|text_align:left|color:%23ffffff&#8221; use_theme_fonts=&#8221;yes&#8221;][vc_column_text]Glenanail, Castlegar,<br \/>\nTuam Road,<br \/>\nGalway,\u00a0Irland[\/vc_column_text][\/vc_column][vc_column width=&#8221;1\/4&#8243; el_class=&#8221;footer-contact-us&#8221;][vc_custom_heading text=&#8221;Kontakt&#8221; font_container=&#8221;tag:h5|text_align:left|color:%23ffffff&#8221; use_theme_fonts=&#8221;yes&#8221;][vc_column_text]Phone: +353 (0) 87 7749873<br \/>\nEmail: info@tribespress.com[\/vc_column_text][\/vc_column][vc_column width=&#8221;1\/4&#8243; el_class=&#8221;footer-connect-with-us&#8221;][vc_custom_heading text=&#8221;Connect With Us&#8221; font_container=&#8221;tag:h5|text_align:left|color:%23ffffff&#8221; use_theme_fonts=&#8221;yes&#8221;]\r\n\t<div class=\"rd_si_sc rd_si_small\" id=\"rd_uh6c0x45td0p3rfarwf6\">   \r\n\t\r\n\t                                                            <div id=\"yt\" class=\"\"> <a href=\"https:\/\/www.youtube.com\/@MargueriteTonery\" target=\"_blank\"><i class=\"fa fa-youtube\"><\/i><\/a><\/div>\r\n                                                                  <div id=\"lin\" class=\"\"> <a href=\"https:\/\/www.linkedin.com\/in\/marguerite-tonery-3289682b\" target=\"_blank\"><i class=\"fa fa-linkedin\"><\/i><\/a><\/div>\r\n                                                                                          <div id=\"instagram\" class=\"\"> <a href=\"https:\/\/www.instagram.com\/tribespress\/\" target=\"_blank\" ><i class=\"fa fa-instagram\"><\/i><\/a><\/div>\r\n                              <div id=\"facebook\" class=\"\"> <a href=\"https:\/\/www.facebook.com\/Tribes-Press-146928069314657\/\" target=\"_blank\" ><i class=\"fa fa-facebook\"><\/i><\/a><\/div>\r\n      \t                          \t  \r\n\t<\/div>\r\n\t \r\n\t <style type=\"text\/css\" >#rd_uh6c0x45td0p3rfarwf6 {margin:0px auto 0px;}#rd_uh6c0x45td0p3rfarwf6 div a{color:#ffffff;}<\/style>[\/vc_column][\/vc_row][vc_row equal_height=&#8221;yes&#8221;][vc_column el_class=&#8221;footer-images&#8221;][vc_row_inner equal_height=&#8221;yes&#8221; content_placement=&#8221;middle&#8221;][vc_column_inner width=&#8221;1\/6&#8243;][vc_single_image image=&#8221;11319&#8243; img_size=&#8221;full&#8221; alignment=&#8221;center&#8221;][\/vc_column_inner][vc_column_inner width=&#8221;1\/6&#8243;][vc_single_image image=&#8221;7851&#8243; img_size=&#8221;full&#8221; alignment=&#8221;center&#8221;][\/vc_column_inner][vc_column_inner width=&#8221;1\/6&#8243;][vc_single_image image=&#8221;8500&#8243; img_size=&#8221;full&#8221; alignment=&#8221;center&#8221;][\/vc_column_inner][vc_column_inner width=&#8221;1\/6&#8243;][vc_single_image image=&#8221;8590&#8243; img_size=&#8221;full&#8221; alignment=&#8221;center&#8221;][\/vc_column_inner][vc_column_inner width=&#8221;1\/6&#8243;][vc_single_image image=&#8221;8591&#8243; img_size=&#8221;full&#8221; alignment=&#8221;center&#8221;][\/vc_column_inner][vc_column_inner width=&#8221;1\/6&#8243;][vc_single_image image=&#8221;8592&#8243; img_size=&#8221;full&#8221; alignment=&#8221;center&#8221;][\/vc_column_inner][\/vc_row_inner][vc_row_inner equal_height=&#8221;yes&#8221; content_placement=&#8221;middle&#8221;][vc_column_inner width=&#8221;1\/6&#8243;][vc_single_image image=&#8221;8593&#8243; img_size=&#8221;full&#8221; alignment=&#8221;center&#8221;][\/vc_column_inner][vc_column_inner width=&#8221;1\/6&#8243;][vc_single_image image=&#8221;8594&#8243; img_size=&#8221;full&#8221; alignment=&#8221;center&#8221;][\/vc_column_inner][vc_column_inner width=&#8221;1\/6&#8243;][vc_single_image image=&#8221;8595&#8243; img_size=&#8221;full&#8221; alignment=&#8221;center&#8221;][\/vc_column_inner][vc_column_inner width=&#8221;1\/6&#8243;][vc_single_image image=&#8221;8846&#8243; img_size=&#8221;full&#8221; alignment=&#8221;center&#8221;][\/vc_column_inner][vc_column_inner width=&#8221;1\/6&#8243;][vc_single_image image=&#8221;8848&#8243; img_size=&#8221;full&#8221; alignment=&#8221;center&#8221;][\/vc_column_inner][vc_column_inner width=&#8221;1\/6&#8243;][vc_single_image image=&#8221;11321&#8243; alignment=&#8221;center&#8221;][\/vc_column_inner][\/vc_row_inner][\/vc_column][\/vc_row][vc_row type=&#8221;full-width-section&#8221; equal_height=&#8221;yes&#8221; content_placement=&#8221;middle&#8221; css=&#8221;.vc_custom_1517916543533{padding-top: 20px !important;padding-bottom: 20px !important;background-color: #eaeaea !important;}&#8221; el_id=&#8221;bottom_footer&#8221; el_class=&#8221;fix&#8221;][vc_column width=&#8221;1\/6&#8243;][vc_custom_heading text=&#8221;Redaktion&#8221; font_container=&#8221;tag:h4|text_align:center|color:%23222222&#8243; use_theme_fonts=&#8221;yes&#8221; link=&#8221;url:http%3A%2F%2Ftribespress.com\/de%2Feditorial-service%2F|||&#8221;][\/vc_column][vc_column width=&#8221;1\/6&#8243;][vc_custom_heading text=&#8221;\u00dcbersetzung&#8221; font_container=&#8221;tag:h4|text_align:center|color:%23222222&#8243; use_theme_fonts=&#8221;yes&#8221; link=&#8221;url:http%3A%2F%2Ftribespress.com\/de%2Ftranslation-services%2F|||&#8221;][\/vc_column][vc_column width=&#8221;1\/3&#8243; css=&#8221;.vc_custom_1517915891605{padding-top: -10px !important;}&#8221;][vc_single_image image=&#8221;8495&#8243; img_size=&#8221;medium&#8221; alignment=&#8221;center&#8221; onclick=&#8221;custom_link&#8221; link=&#8221;http:\/\/tribespress.com\/de&#8221;][\/vc_column][vc_column width=&#8221;1\/6&#8243;][vc_custom_heading text=&#8221;Illustrationen&#8221; font_container=&#8221;tag:h4|text_align:center|color:%23222222&#8243; use_theme_fonts=&#8221;yes&#8221; link=&#8221;url:http%3A%2F%2Ftribespress.com\/de%2Fcustom-cover-illustration%2F|||&#8221;][\/vc_column][vc_column width=&#8221;1\/6&#8243;][vc_custom_heading text=&#8221;Pers\u00f6nlicher Kontakt&#8221; font_container=&#8221;tag:h4|text_align:center|color:%23222222&#8243; use_theme_fonts=&#8221;yes&#8221; link=&#8221;url:http%3A%2F%2Ftribespress.com\/de%2Fcontact%2F|||&#8221;][\/vc_column][\/vc_row]<\/p>\n<\/div>","protected":false},"excerpt":{"rendered":"<p>[vc_row type=&#8221;full-width-section&#8221; css=&#8221;.vc_custom_1517824089470{padding-top: 50px !important;padding-bottom: 30px !important;}&#8221;][vc_column][vc_custom_heading text=&#8221;Einsendungen&#8221; font_container=&#8221;tag:h2|text_align:center&#8221; use_theme_fonts=&#8221;yes&#8221;][vc_column_text] F\u00fcr die Einsendung Ihres Manuskripts und den Erwerb unserer Dienstleistungen und Eigenverlagsb\u00fcndel, befolgen Sie bitte die unten aufgef\u00e4hrten Anweisungen. [\/vc_column_text][\/vc_column][\/vc_row][vc_row type=&#8221;full-width-section&#8221; css=&#8221;.vc_custom_1517824105448{padding-top: 30px !important;padding-bottom: 30px !important;}&#8221;][vc_column][vc_column_text] Name des Autors * Genre * Action und AbenteuerAnthologieKunstAutobiographienBiographienKinderComicsKochb&uuml;cherTageb&uuml;cherW&ouml;rterb&uuml;cherDramaEnzyklop&auml;dienPhantasieF&uuml;hrerGesundheitGeschichteHorrorZeitschriftenMathematikMysteryPoesieGebetsb&uuml;cherReligion, Spiritualit&auml;t &amp; New AgeRomanzeSatireWissenschaftSelbsthilfeSerienTrilogie Adresse * Stadt * Land *<br \/><a href=\"https:\/\/tribespress.com\/de\/submissions\/\" class=\"more\">Read more<\/a><\/p>\n","protected":false},"author":1,"featured_media":0,"parent":0,"menu_order":0,"comment_status":"closed","ping_status":"closed","template":"","meta":{"_exactmetrics_skip_tracking":false,"_exactmetrics_sitenote_active":false,"_exactmetrics_sitenote_note":"","_exactmetrics_sitenote_category":0,"footnotes":""},"class_list":["post-8344","page","type-page","status-publish","hentry"],"_links":{"self":[{"href":"https:\/\/tribespress.com\/de\/wp-json\/wp\/v2\/pages\/8344","targetHints":{"allow":["GET"]}}],"collection":[{"href":"https:\/\/tribespress.com\/de\/wp-json\/wp\/v2\/pages"}],"about":[{"href":"https:\/\/tribespress.com\/de\/wp-json\/wp\/v2\/types\/page"}],"author":[{"embeddable":true,"href":"https:\/\/tribespress.com\/de\/wp-json\/wp\/v2\/users\/1"}],"replies":[{"embeddable":true,"href":"https:\/\/tribespress.com\/de\/wp-json\/wp\/v2\/comments?post=8344"}],"version-history":[{"count":28,"href":"https:\/\/tribespress.com\/de\/wp-json\/wp\/v2\/pages\/8344\/revisions"}],"predecessor-version":[{"id":11605,"href":"https:\/\/tribespress.com\/de\/wp-json\/wp\/v2\/pages\/8344\/revisions\/11605"}],"wp:attachment":[{"href":"https:\/\/tribespress.com\/de\/wp-json\/wp\/v2\/media?parent=8344"}],"curies":[{"name":"wp","href":"https:\/\/api.w.org\/{rel}","templated":true}]}}