{"id":8222,"date":"2018-02-05T07:28:52","date_gmt":"2018-02-05T07:28:52","guid":{"rendered":"http:\/\/tribespress.com\/de\/?page_id=8222"},"modified":"2026-04-17T19:33:08","modified_gmt":"2026-04-17T19:33:08","slug":"neuigkeiten","status":"publish","type":"page","link":"https:\/\/tribespress.com\/de\/neuigkeiten\/","title":{"rendered":"Neuigkeiten"},"content":{"rendered":"<div class=\"wpb-content-wrapper\"><p>[vc_row][vc_column][vc_row_inner][vc_column_inner][vc_custom_heading text=&#8221;Warum Wir?&#8221; font_container=&#8221;tag:h2|text_align:center|color:%23111111&#8243; use_theme_fonts=&#8221;yes&#8221; css=&#8221;&#8221;][\/vc_column_inner][\/vc_row_inner][vc_column_text css=&#8221;&#8221;][\/vc_column_text][\/vc_column][\/vc_row][vc_row][vc_column][vc_column_text css=&#8221;&#8221;]Es gibt viele H\u00fc rden, die Autor:innen \u00fc berwinden m\u00fcssen, bevor ihre B\u00fccher verkaufsbereit sind. Tribes Press hat uns dabei durch die letzten Schritte zur Buchproduktion sowie im fr\u00fc hen Marketing von Uprooted Medicine kompetent begleitet. Marguerite und ihr gesamtes Team bringen Projekte voran, besonders f\u00fc r diejenigen, die bereit sind, mitzuarbeiten und gemeinsam zielgerichtet auf den Abschluss hinzuarbeiten. Dr.Tim Morrissey (author).<\/p>\n<p>Gro\u00dfartige Liebe zum Detail, klare und konstruktive Kritik sowie viel Engagement und harte Arbeit. Dr. D\u00edlis Clare (author).<\/p>\n<p>Tribes Press war eine gro\u00dfe und professionelle Hilfe von Anfang bis Ende meiner Ver\u00f6 ffentlichung. Auf meine Anfragen wurde schnell reagiert, und ich erhielt sehr hilfreiches redaktionelles Feedback, das meinen Roman auf ein hohes Niveau gebracht hat. Der Produktionsprozess verlief efTizient, und das Coverdesign war hervorragend. Nach der Ver\u00f6 ffentlichung habe ich viel positive R\u00fc ckmeldung zu meinem Buch erhalten, insbesondere zur hohen Papierqualit\u00e4 t, die gute Lesbarkeit und dem ansprechenden Cover. Ich kann Tribes Press w\u00e4 rmstens weiterempfehlen. Dr. Ger Moane (author).<\/p>\n<p>Das gesamte Team von Tribes Press, besonders Noah und Marguerite habe ich als sehr h\u00f6 Tlich und hilfsbereit erlebst. Sie antworteten stets schnell auf all meine Anfragen und Marguerite hat mir wertvolle Hinweise zur Fertigstellung meines Booklets gegeben, wodurch das Endergebnis deutlich verbessert wurde. Nochmals vielen Dank! Rose Maher (author).<\/p>\n<p>Die Zusammenarbeit mit Marguerite und ihrem Team war eine gro\u00dfe Freude. Sie verwirklichten den gr\u00f6\u00dften Traum f\u00fcr meine Mutter und gesamte Familie. Zun\u00e4chst wollte ich nur eine kleine Sammlung der Gedichte meiner Mutter als Erinnerung f\u00fcr Familie drucken lassen, doch dank Marguerite werden diese nun tats\u00e4chlich ver\u00f6ffentlicht! Denn die Erfahrung hat sich in eine v\u00f6llig andere Richtung \u00a0entwickelt, nachdem sie darauf hingewiesen hat, dass die Gedichte \u201eauf einem ganz anderen Niveau\u201c sind und ein gr\u00f6\u00dferes Publikum verdienen. Marguerite ist h\u00f6chst professionell, sehr bodenst\u00e4ndig und die einfache Zusammenarbeit hat den ganzen Prozess zu einer unvergesslichen Erfahrung<br \/>\ngemacht. Ich bin ihr und ihrem Team sehr dankbar f\u00fcr all ihre harte Arbeit und ich kann Tribes Press jedem, mit eigenem Wunsch zur Ver\u00f6ffentlichung, w\u00e4rmstens weiterempfehlen. Anne Loughrey (author).<\/p>\n<p>Erst vor kurzem ver\u00f6ffentlichte ich mein erstes Kinderbuch mit Tribes Press und ich bin sehr gl\u00fccklich, dass ich sie als Partner auf dieser gro\u00dfartigen Reise gew\u00e4hlt habe. Marguerite und ihr Team h\u00e4tten nicht hilfreicher sein k\u00f6nnen, und ich kann sie nur herzlichst an alle angehenden Autor:innen weiterempfehlen. Tom Loughrey (author).<\/p>\n<p>Bessere Leute, die dich genau dort abholen, wo du auf deiner Ver\u00f6 ffentlichungsreise stehst, wirst du kaum Tinden. Absolut professionell und Marguerite ist ein echter Star und eine beeindruckende Pers\u00f6nlichkeit, die wei\u00df, wovon sie spricht. Keine leeren Versprechungen. Nur ehrliche Arbeit und echte Kreativit\u00e4t. Sin\u00e9ad Gallagher (author).<\/p>\n<p>Ich habe die Zusammenarbeit mit dem Team von Tribes Press als durchweg hervorragend erlebt. Sowohl Marguerite als auch Claudia waren eine gro\u00dfe Unterst\u00fctzung bei meinem Buchprojekt und haben den gesamten Prozess von Anfang bis Ende verst\u00e4ndlich erkl\u00e4rt. Absolut empfehlenswert! Tom Gilligan (author).<\/p>\n<p>Einer der besten Erfahrungen, die ich beim B\u00fc cherkauf gemacht habe. Ein Online-Buchladen und Verlag mit einer guten Auswahl an Kinderb\u00fcchern und Fiktion. Das Team war hilfsbereit und der Service exzellent. AJ (customer).<\/p>\n<p>Bei Nachfrage zu ihrer Auswahl an Kinderb\u00fcchern als Geschenk, erhielt ich ausgezeichnete Empfehlungen. Ich war sehr beeindruckt von dem freundlichen und professionellen Service bei Tribes Press. Es war mir eine Freude mit dem Personal zu sprechen, welches viel Fachwissen \u00fc ber<br \/>\nihre B\u00fc cher hatte. Ich kann sehr empfehlen hier einzukaufen. Walter H. (customer).<\/p>\n<p>Meine Erfahrung mit Tribes Press war durchweg zufriedenstellend. Sie bieten eine gro\u00dfe Auswahl an B\u00fcchern, die allen Bed\u00fc rfnissen und Geschm\u00e4ckern gerecht werden. Ich habe mein Buch in Rekordzeit erhalten. Ich kann Tribes Press nur sehr empfehlen. Gemma Collins (customer).<\/p>\n<p><em>Notiz: \u00dcbersetzt aus dem Englischen von Cora Walter<\/em>.<\/p>\n<p>Si vous souhaitez vous lancer dans la publication de votre oeuvre, en France ou ailleurs, je ne peux que vous recommander Tribes Press. Id\u00e9al aussi si vous souhaitez gagner de nouveaux march\u00e9s d\u2019ailleurs. <em><strong>Gabriel Losson (Directeur commerce international)<\/strong>.<\/em><\/p>\n<p>Envie de publier votre histoire ? Besoin d\u2019un accompagnement ? Je vous recommande vivement l\u2019\u00e9quipe de Tribes Press. Marguerite et Claudia sont professionnels, disponibles et savent vous guider pas \u00e0 pas en fonction de vos besoins. Les services que proposent Tribes Press sont vari\u00e9s et vous seront b\u00e9n\u00e9fiques. Travailler avec Marguerite et Claudia a \u00e9t\u00e9 une super exp\u00e9rience. <strong><em>Almira Mackovic (Designer\/Illustratrice).<\/em><\/strong>[\/vc_column_text][\/vc_column][\/vc_row]<\/p>\n<\/div>","protected":false},"excerpt":{"rendered":"<p>[vc_row][vc_column][vc_row_inner][vc_column_inner][vc_custom_heading text=&#8221;Warum Wir?&#8221; font_container=&#8221;tag:h2|text_align:center|color:%23111111&#8243; use_theme_fonts=&#8221;yes&#8221; css=&#8221;&#8221;][\/vc_column_inner][\/vc_row_inner][vc_column_text css=&#8221;&#8221;][\/vc_column_text][\/vc_column][\/vc_row][vc_row][vc_column][vc_column_text css=&#8221;&#8221;]Es gibt viele H\u00fc rden, die Autor:innen \u00fc berwinden m\u00fcssen, bevor ihre B\u00fccher verkaufsbereit sind. Tribes Press hat uns dabei durch die letzten Schritte zur Buchproduktion sowie im fr\u00fc hen Marketing von Uprooted Medicine kompetent begleitet. Marguerite und ihr gesamtes Team bringen Projekte voran, besonders f\u00fc r diejenigen,<br \/><a href=\"https:\/\/tribespress.com\/de\/neuigkeiten\/\" class=\"more\">Read more<\/a><\/p>\n","protected":false},"author":1,"featured_media":0,"parent":0,"menu_order":0,"comment_status":"closed","ping_status":"closed","template":"","meta":{"_exactmetrics_skip_tracking":false,"_exactmetrics_sitenote_active":false,"_exactmetrics_sitenote_note":"","_exactmetrics_sitenote_category":0,"footnotes":""},"class_list":["post-8222","page","type-page","status-publish","hentry"],"_links":{"self":[{"href":"https:\/\/tribespress.com\/de\/wp-json\/wp\/v2\/pages\/8222","targetHints":{"allow":["GET"]}}],"collection":[{"href":"https:\/\/tribespress.com\/de\/wp-json\/wp\/v2\/pages"}],"about":[{"href":"https:\/\/tribespress.com\/de\/wp-json\/wp\/v2\/types\/page"}],"author":[{"embeddable":true,"href":"https:\/\/tribespress.com\/de\/wp-json\/wp\/v2\/users\/1"}],"replies":[{"embeddable":true,"href":"https:\/\/tribespress.com\/de\/wp-json\/wp\/v2\/comments?post=8222"}],"version-history":[{"count":73,"href":"https:\/\/tribespress.com\/de\/wp-json\/wp\/v2\/pages\/8222\/revisions"}],"predecessor-version":[{"id":11609,"href":"https:\/\/tribespress.com\/de\/wp-json\/wp\/v2\/pages\/8222\/revisions\/11609"}],"wp:attachment":[{"href":"https:\/\/tribespress.com\/de\/wp-json\/wp\/v2\/media?parent=8222"}],"curies":[{"name":"wp","href":"https:\/\/api.w.org\/{rel}","templated":true}]}}