{"id":8132,"date":"2018-02-02T10:33:21","date_gmt":"2018-02-02T10:33:21","guid":{"rendered":"http:\/\/tribespress.com\/de\/?page_id=8132"},"modified":"2020-01-14T10:55:34","modified_gmt":"2020-01-14T10:55:34","slug":"online-book-ads-via-google-gold","status":"publish","type":"page","link":"https:\/\/tribespress.com\/de\/online-book-ads-via-google-gold\/","title":{"rendered":"Online- Buchanzeigen mit Google (Gold)"},"content":{"rendered":"<div class=\"wpb-content-wrapper\"><p>[vc_row type=&#8221;full-width-section&#8221; css=&#8221;.vc_custom_1517825611634{margin-bottom: 23px !important;padding-top: 50px !important;padding-bottom: 30px !important;}&#8221;][vc_column][vc_custom_heading text=&#8221;Online- Buchanzeigen mit Google (Gold)&#8221; font_container=&#8221;tag:h2|text_align:center&#8221; use_theme_fonts=&#8221;yes&#8221;][vc_column_text]Jeder Autor sollte die besten Webseiten kennen, auf der sich eine Anzeige am meisten lohnt. Das Wissen, dass Tribes Press Ihnen eine professionelle Anzeigenkampagne mit Google anbieten kann, macht die Sache f\u00fcr Sie stressfrei. Statistiken zufolge kann diese Art des Marketings sehr effezient sein und ist ein wertvoller Bestandteil Ihrer Marketingkampagne.<br \/>\nGoogle ist eines der gr\u00f6\u00dften Netzwerke mit einer Reichweite von 80% aller Internetbenutzer, 4.3 Milliarden t\u00e4glichen Seitenansichten und 1 Milliarden Besuchern in \u00fcber 100 L\u00e4ndern und in \u00fcber 20 Sprachen.<br \/>\nDenken Sie daran, wenn Ihre zuk\u00fcnftigen Leser im Internet surfen verbringen Sie 95% ihrer Seite mit Browsing und nur 5% ihrer Zeit mit gezielten Online- Suchen. Aus diesem Grund sind Webseiten ein idealer Ort f\u00fcr die Vemarktung Ihres Buches.<br \/>\nMit unserem Dienst f\u00fcr Online- Buchanzeigen mit Google (60 Tage) wird unser Marketingteam eine Buchanzeige f\u00fcr Sie erstellen. Diese Anzeige wird auf Contentwebseiten und anderen Internetseiten dargestellt. Google Ads richten Sich gezielt auf Ihre Kunden abh\u00e4ngig von deren Likes und Ihrem Buchgenre. Dies steigert die Wahrscheinlicheit des Erwerbs Ihres Buches.[\/vc_column_text][vc_column_text]<strong>Diese professionelle Kampagne umfasst:<\/strong><\/p>\n<ul>\n<li><strong>Online- Anzeige<\/strong>: Erstellung einer Buchanzeige in mhreren Formaten: Bildanzeige, Textanzeige und mobile Anzeige<\/li>\n<li><strong>Gezieltes Publikum<\/strong>: Ihre Anzeige wird zuk\u00fcnftige Leser gezielt auf Grund von Standort, Alter, Sprache, Interessen, Thematik und Schl\u00fcsselw\u00f6rtern erreichen.<\/li>\n<li>\u00a0<strong>Platzierung f\u00fcr 90 Tage<\/strong>: Ihre Anzeige wird f\u00fcr 30 Tage auf dem Google Display Network* angezeigt werden.<\/li>\n<li><strong>Bandbreite<\/strong>: Mit Ihrere Webseite von Tribes Press als Landing Page, ein Bandbreite von bis zu 10 GB pro Monat sind in dieser Diensleistung enthalten.<\/li>\n<li><strong>Autorenwebseite Standard: <\/strong>Wir bieten Ihnen die unerl\u00e4sslichen Hilfsmittel, um Ihre eigene Autorenwebseite zu erstellen und Ihre Online- Pr\u00e4sens zu entwickeln.<\/li>\n<li><strong>Email- Liste:<\/strong>\u00a0Besucher Ihrer Webseite k\u00f6nnen sich mit Hilfe eines Plug- ins auf einer Email- List einschreiben.<\/li>\n<\/ul>\n<p>*Das Netzwerk besteht aus \u00fcber 2 Millionen Partnern und teilnehmenden Webseiten. Zus\u00e4tzlich sind auch spezifische Google Webseiten, so wie Google Play, Gmail und Youtube Teil des Netzwerks.<\/p>\n<p>Kontaktieren Sie 00353-87-7749873 f\u00fcr weitere Informationen oder f\u00fcr den Erwerb dieser Dienstleistung.<\/p>\n<p>Quelle: Google Support<\/p>\n<p><em>Haftungsausschluss: Preis\u00e4nderungen k\u00f6nnen ohne vorherige Ank\u00fcndigung vorgenommen werden. Einige Einschr\u00e4nkungen k\u00f6nnen zutreffen.\u00a0<\/em>[\/vc_column_text][\/vc_column][\/vc_row][vc_row type=&#8221;full-width-section&#8221; equal_height=&#8221;yes&#8221; content_placement=&#8221;top&#8221; css=&#8221;.vc_custom_1578999157510{padding-top: 20px !important;padding-bottom: 20px !important;background-color: #e52f6c !important;}&#8221; el_id=&#8221;top_footer&#8221;][vc_column width=&#8221;1\/4&#8243; el_class=&#8221;footer-name&#8221;][vc_custom_heading text=&#8221;Name&#8221; font_container=&#8221;tag:h5|text_align:left|color:%23ffffff&#8221; use_theme_fonts=&#8221;yes&#8221;][vc_column_text]Tribes Press<br \/>\nCopyright 2018 Tribes Press[\/vc_column_text][\/vc_column][vc_column width=&#8221;1\/4&#8243; el_class=&#8221;footer-address&#8221;][vc_custom_heading text=&#8221;Adresse&#8221; font_container=&#8221;tag:h5|text_align:left|color:%23ffffff&#8221; use_theme_fonts=&#8221;yes&#8221;][vc_column_text]Glenanail, Castlegar,<br \/>\nTuam Road,<br \/>\nGalway,\u00a0Irland[\/vc_column_text][\/vc_column][vc_column width=&#8221;1\/4&#8243; el_class=&#8221;footer-contact-us&#8221;][vc_custom_heading text=&#8221;Kontakt&#8221; font_container=&#8221;tag:h5|text_align:left|color:%23ffffff&#8221; use_theme_fonts=&#8221;yes&#8221;][vc_column_text]Phone: +353 (0) 87 7749873<br \/>\nEmail: info@tribespress.com[\/vc_column_text][\/vc_column][vc_column width=&#8221;1\/4&#8243; el_class=&#8221;footer-connect-with-us&#8221;][vc_custom_heading text=&#8221;Connect With Us&#8221; font_container=&#8221;tag:h5|text_align:left|color:%23ffffff&#8221; use_theme_fonts=&#8221;yes&#8221;]\r\n\t<div class=\"rd_si_sc rd_si_small\" id=\"rd_cfsh6impr79sxzxa8f1p\">   \r\n\t\r\n\t                                                            <div id=\"yt\" class=\"\"> <a href=\"https:\/\/www.youtube.com\/channel\/UCpIttA6qgsHSMjdsbibCesg\" target=\"_blank\"><i class=\"fa fa-youtube\"><\/i><\/a><\/div>\r\n                                                                  <div id=\"lin\" class=\"\"> <a href=\"https:\/\/www.linkedin.com\/in\/marguerite-tonery-3289682b\" target=\"_blank\"><i class=\"fa fa-linkedin\"><\/i><\/a><\/div>\r\n                              <div id=\"twitter\" class=\"\"> <a href=\"https:\/\/twitter.com\/PressTribes\" target=\"_blank\"><i class=\"fa fa-twitter\"><\/i><\/a><\/div>\r\n                                                                              <div id=\"instagram\" class=\"\"> <a href=\"https:\/\/www.instagram.com\/tribespress\/\" target=\"_blank\" ><i class=\"fa fa-instagram\"><\/i><\/a><\/div>\r\n                              <div id=\"facebook\" class=\"\"> <a href=\"https:\/\/www.facebook.com\/Tribes-Press-146928069314657\/\" target=\"_blank\" ><i class=\"fa fa-facebook\"><\/i><\/a><\/div>\r\n      \t                          \t  \r\n\t<\/div>\r\n\t \r\n\t <style type=\"text\/css\" >#rd_cfsh6impr79sxzxa8f1p {margin:0px auto 0px;}#rd_cfsh6impr79sxzxa8f1p div a{color:#ffffff;}<\/style>[\/vc_column][\/vc_row][vc_row equal_height=&#8221;yes&#8221;][vc_column el_class=&#8221;footer-images&#8221;][vc_row_inner equal_height=&#8221;yes&#8221; content_placement=&#8221;middle&#8221;][vc_column_inner width=&#8221;1\/6&#8243;][vc_single_image image=&#8221;7887&#8243; img_size=&#8221;full&#8221; alignment=&#8221;center&#8221;][\/vc_column_inner][vc_column_inner width=&#8221;1\/6&#8243;][vc_single_image image=&#8221;7851&#8243; img_size=&#8221;full&#8221; alignment=&#8221;center&#8221;][\/vc_column_inner][vc_column_inner width=&#8221;1\/6&#8243;][vc_single_image image=&#8221;8500&#8243; img_size=&#8221;full&#8221; alignment=&#8221;center&#8221;][\/vc_column_inner][vc_column_inner width=&#8221;1\/6&#8243;][vc_single_image image=&#8221;8590&#8243; img_size=&#8221;full&#8221; alignment=&#8221;center&#8221;][\/vc_column_inner][vc_column_inner width=&#8221;1\/6&#8243;][vc_single_image image=&#8221;8591&#8243; img_size=&#8221;full&#8221; alignment=&#8221;center&#8221;][\/vc_column_inner][vc_column_inner width=&#8221;1\/6&#8243;][vc_single_image image=&#8221;8592&#8243; img_size=&#8221;full&#8221; alignment=&#8221;center&#8221;][\/vc_column_inner][\/vc_row_inner][vc_row_inner equal_height=&#8221;yes&#8221; content_placement=&#8221;middle&#8221;][vc_column_inner width=&#8221;1\/6&#8243;][vc_single_image image=&#8221;8593&#8243; img_size=&#8221;full&#8221; alignment=&#8221;center&#8221;][\/vc_column_inner][vc_column_inner width=&#8221;1\/6&#8243;][vc_single_image image=&#8221;8594&#8243; img_size=&#8221;full&#8221; alignment=&#8221;center&#8221;][\/vc_column_inner][vc_column_inner width=&#8221;1\/6&#8243;][vc_single_image image=&#8221;8595&#8243; img_size=&#8221;full&#8221; alignment=&#8221;center&#8221;][\/vc_column_inner][vc_column_inner width=&#8221;1\/6&#8243;][vc_single_image image=&#8221;8846&#8243; img_size=&#8221;full&#8221; alignment=&#8221;center&#8221;][\/vc_column_inner][vc_column_inner width=&#8221;1\/6&#8243;][vc_single_image image=&#8221;8848&#8243; img_size=&#8221;full&#8221; alignment=&#8221;center&#8221;][\/vc_column_inner][vc_column_inner width=&#8221;1\/6&#8243;][\/vc_column_inner][\/vc_row_inner][\/vc_column][\/vc_row][vc_row type=&#8221;full-width-section&#8221; equal_height=&#8221;yes&#8221; content_placement=&#8221;middle&#8221; css=&#8221;.vc_custom_1517916543533{padding-top: 20px !important;padding-bottom: 20px !important;background-color: #eaeaea !important;}&#8221; el_id=&#8221;bottom_footer&#8221; el_class=&#8221;fix&#8221;][vc_column width=&#8221;1\/6&#8243;][vc_custom_heading text=&#8221;Redaktion&#8221; font_container=&#8221;tag:h4|text_align:center|color:%23222222&#8243; use_theme_fonts=&#8221;yes&#8221; link=&#8221;url:http%3A%2F%2Ftribespress.com\/de%2Fpublishing%2Feditorial-service%2F|||&#8221;][\/vc_column][vc_column width=&#8221;1\/6&#8243;][vc_custom_heading text=&#8221;\u00dcbersetzung&#8221; font_container=&#8221;tag:h4|text_align:center|color:%23222222&#8243; use_theme_fonts=&#8221;yes&#8221; link=&#8221;url:http%3A%2F%2Ftribespress.com\/de%2Fpublishing%2Ftranslation-services%2F|||&#8221;][\/vc_column][vc_column width=&#8221;1\/3&#8243; css=&#8221;.vc_custom_1517915891605{padding-top: -10px !important;}&#8221;][vc_single_image image=&#8221;8495&#8243; img_size=&#8221;medium&#8221; alignment=&#8221;center&#8221; onclick=&#8221;custom_link&#8221; link=&#8221;http:\/\/tribespress.com\/de&#8221;][\/vc_column][vc_column width=&#8221;1\/6&#8243;][vc_custom_heading text=&#8221;Illustrationen&#8221; font_container=&#8221;tag:h4|text_align:center|color:%23222222&#8243; use_theme_fonts=&#8221;yes&#8221; link=&#8221;url:http%3A%2F%2Ftribespress.com\/de%2Fpublishing%2Fcover-design%2F|||&#8221;][\/vc_column][vc_column width=&#8221;1\/6&#8243;][vc_custom_heading text=&#8221;Pers\u00f6nlicher Kontakt&#8221; font_container=&#8221;tag:h4|text_align:center|color:%23222222&#8243; use_theme_fonts=&#8221;yes&#8221; link=&#8221;url:http%3A%2F%2Ftribespress.com\/de%2Fpublishing%2Fcontact%2F|||&#8221;][\/vc_column][\/vc_row]<\/p>\n<\/div>","protected":false},"excerpt":{"rendered":"<p>[vc_row type=&#8221;full-width-section&#8221; css=&#8221;.vc_custom_1517825611634{margin-bottom: 23px !important;padding-top: 50px !important;padding-bottom: 30px !important;}&#8221;][vc_column][vc_custom_heading text=&#8221;Online- Buchanzeigen mit Google (Gold)&#8221; font_container=&#8221;tag:h2|text_align:center&#8221; use_theme_fonts=&#8221;yes&#8221;][vc_column_text]Jeder Autor sollte die besten Webseiten kennen, auf der sich eine Anzeige am meisten lohnt. Das Wissen, dass Tribes Press Ihnen eine professionelle Anzeigenkampagne mit Google anbieten kann, macht die Sache f\u00fcr Sie stressfrei. Statistiken zufolge kann diese Art des<br \/><a href=\"https:\/\/tribespress.com\/de\/online-book-ads-via-google-gold\/\" class=\"more\">Read more<\/a><\/p>\n","protected":false},"author":1,"featured_media":0,"parent":0,"menu_order":0,"comment_status":"closed","ping_status":"closed","template":"","meta":{"_exactmetrics_skip_tracking":false,"_exactmetrics_sitenote_active":false,"_exactmetrics_sitenote_note":"","_exactmetrics_sitenote_category":0,"footnotes":""},"class_list":["post-8132","page","type-page","status-publish","hentry"],"_links":{"self":[{"href":"https:\/\/tribespress.com\/de\/wp-json\/wp\/v2\/pages\/8132","targetHints":{"allow":["GET"]}}],"collection":[{"href":"https:\/\/tribespress.com\/de\/wp-json\/wp\/v2\/pages"}],"about":[{"href":"https:\/\/tribespress.com\/de\/wp-json\/wp\/v2\/types\/page"}],"author":[{"embeddable":true,"href":"https:\/\/tribespress.com\/de\/wp-json\/wp\/v2\/users\/1"}],"replies":[{"embeddable":true,"href":"https:\/\/tribespress.com\/de\/wp-json\/wp\/v2\/comments?post=8132"}],"version-history":[{"count":8,"href":"https:\/\/tribespress.com\/de\/wp-json\/wp\/v2\/pages\/8132\/revisions"}],"predecessor-version":[{"id":10882,"href":"https:\/\/tribespress.com\/de\/wp-json\/wp\/v2\/pages\/8132\/revisions\/10882"}],"wp:attachment":[{"href":"https:\/\/tribespress.com\/de\/wp-json\/wp\/v2\/media?parent=8132"}],"curies":[{"name":"wp","href":"https:\/\/api.w.org\/{rel}","templated":true}]}}