{"id":7936,"date":"2018-01-31T11:13:28","date_gmt":"2018-01-31T11:13:28","guid":{"rendered":"http:\/\/tribespress.com\/de\/?page_id=7936"},"modified":"2020-01-14T12:27:56","modified_gmt":"2020-01-14T12:27:56","slug":"translation-services","status":"publish","type":"page","link":"https:\/\/tribespress.com\/de\/translation-services\/","title":{"rendered":"\u00dcbersetzungsdienste"},"content":{"rendered":"<div class=\"wpb-content-wrapper\"><p>[vc_row type=&#8221;full-width-section&#8221; css=&#8221;.vc_custom_1517825994634{padding-top: 50px !important;padding-bottom: 30px !important;}&#8221;][vc_column][vc_custom_heading text=&#8221;\u00dcbersetzungsdienste&#8221; font_container=&#8221;tag:h2|text_align:center&#8221; use_theme_fonts=&#8221;yes&#8221;][vc_column_text]Die Welt ist gro\u00df und die Zahl der Sprachen, die von Menschen allerorts gesprochen wird ist riesig. Haben Sie schon einmal dar\u00fcber nachgedacht Ihr Buch in andere Sprache \u00fcbersetzen zu lassen, um eine weltweite\u00a0 Leserschaft zu erreichen? Unser Team, bestehend aus professionellen \u00dcbersetzern ist sich kultureller Idiome vollkommen bewusst und eine \u00dcbsersetzung wird immer so vorgenommen, dass die originale Bedeutung, der Styl und die Wesentlichkeit Ihrer Geschichte bewahrt bleibt. Unser Team besch\u00e4ftigt sich sowohl mit einfachen \u00dcbersetzungen, als auch mit komplexen Werken und seine Mitglieder verstehen die Vielschichtigkeit von \u00dcbersetzungen.<\/p>\n<p>Mit <strong>Tribes Press<\/strong> ist Ihr Buch in sicheren H\u00e4nden. Wir liefern immer hochwertige Arbeit, denn das ist der Schl\u00fcssel zu unserem Erfolg. Unsere hochqualifizierten und vertrauensw\u00fcrdigen \u00dcbersetzer sind Meister des kreativen Schreibens\u00a0 und haben ein umfassendes Verst\u00e4ndnis des gesamten Ver\u00f6ffentlichungsprozesses.[\/vc_column_text][\/vc_column][\/vc_row][vc_row type=&#8221;full-width-section&#8221; css=&#8221;.vc_custom_1517916272287{padding-top: 30px !important;background-color: #eaeaea !important;}&#8221;][vc_column][vc_row_inner equal_height=&#8221;yes&#8221; css=&#8221;.vc_custom_1516858190183{margin-bottom: 0px !important;}&#8221;][vc_column_inner width=&#8221;1\/3&#8243;]<style type=\"text\/css\" >#rand_afnh6x9im3au7gxf1o56 {margin-top:0px; margin-bottom:34px; }<\/style><style type='text\/css'> @font-face{font-family: 'fa'; src:url('https:\/\/tribespress.com\/de\/wp-content\/themes\/thefox\/includes\/4k-icons\/icons\/4k-icons-pack02\/icons\/fonts\/fa.eot'); src:url('https:\/\/tribespress.com\/de\/wp-content\/themes\/thefox\/includes\/4k-icons\/icons\/4k-icons-pack02\/icons\/fonts\/fa.eot?#iefix') format('embedded-opentype'), url('https:\/\/tribespress.com\/de\/wp-content\/themes\/thefox\/includes\/4k-icons\/icons\/4k-icons-pack02\/icons\/fonts\/fa.woff') format('woff'), url('https:\/\/tribespress.com\/de\/wp-content\/themes\/thefox\/includes\/4k-icons\/icons\/4k-icons-pack02\/icons\/fonts\/fa.ttf') format('truetype'), url('https:\/\/tribespress.com\/de\/wp-content\/themes\/thefox\/includes\/4k-icons\/icons\/4k-icons-pack02\/icons\/fonts\/fa.svg#oi') format('svg'); font-weight: normal; font-style: normal;}#rand_afnh6x9im3au7gxf1o56 .fa-check-square:before{font-family: 'fa'; font-weight: normal; font-style: normal;}#rand_afnh6x9im3au7gxf1o56 .fa-check-square:before{content: \"\\f14a\";}<\/style>\n<style type=\"text\/css\" >#rand_afnh6x9im3au7gxf1o56:hover i{color:#e52f6c!important;}#rand_afnh6x9im3au7gxf1o56:hover h3{color:#e52f6c!important;}#rand_afnh6x9im3au7gxf1o56:hover p{color:!important;}#rand_afnh6x9im3au7gxf1o56:hover .icon_box_button{color:#2d3e50!important;}<\/style><a href=\"http:\/\/tribespress.com\/de\/translation-languages\/\" target=\"_self\" ><div id=\"rand_afnh6x9im3au7gxf1o56\" class=\"icon_box \"><i class=\"fa-check-square\" style=\"color:#e52f6c;\"><\/i><h3 style=\"color:#333333;\">\u00dcbersetzungssprachen<\/h3><p style=\"color:#333333\"><\/p><\/div><\/a>[\/vc_column_inner][vc_column_inner width=&#8221;1\/3&#8243;]<style type=\"text\/css\" >#rand_xpoou6mdwse4yis9nl4h {margin-top:0px; margin-bottom:34px; }<\/style><style type='text\/css'> @font-face{font-family: 'fa'; src:url('https:\/\/tribespress.com\/de\/wp-content\/themes\/thefox\/includes\/4k-icons\/icons\/4k-icons-pack02\/icons\/fonts\/fa.eot'); src:url('https:\/\/tribespress.com\/de\/wp-content\/themes\/thefox\/includes\/4k-icons\/icons\/4k-icons-pack02\/icons\/fonts\/fa.eot?#iefix') format('embedded-opentype'), url('https:\/\/tribespress.com\/de\/wp-content\/themes\/thefox\/includes\/4k-icons\/icons\/4k-icons-pack02\/icons\/fonts\/fa.woff') format('woff'), url('https:\/\/tribespress.com\/de\/wp-content\/themes\/thefox\/includes\/4k-icons\/icons\/4k-icons-pack02\/icons\/fonts\/fa.ttf') format('truetype'), url('https:\/\/tribespress.com\/de\/wp-content\/themes\/thefox\/includes\/4k-icons\/icons\/4k-icons-pack02\/icons\/fonts\/fa.svg#oi') format('svg'); font-weight: normal; font-style: normal;}#rand_xpoou6mdwse4yis9nl4h .fa-check-square:before{font-family: 'fa'; font-weight: normal; font-style: normal;}#rand_xpoou6mdwse4yis9nl4h .fa-check-square:before{content: \"\\f14a\";}<\/style>\n<style type=\"text\/css\" >#rand_xpoou6mdwse4yis9nl4h:hover i{color:#e52f6c!important;}#rand_xpoou6mdwse4yis9nl4h:hover h3{color:#e52f6c!important;}#rand_xpoou6mdwse4yis9nl4h:hover p{color:!important;}#rand_xpoou6mdwse4yis9nl4h:hover .icon_box_button{color:#2d3e50!important;}<\/style><a href=\"http:\/\/tribespress.com\/de\/services\/\" target=\"_self\" ><div id=\"rand_xpoou6mdwse4yis9nl4h\" class=\"icon_box \"><i class=\"fa-check-square\" style=\"color:#e52f6c;\"><\/i><h3 style=\"color:#333333;\">Professionelle Autorendienste<\/h3><p style=\"color:#333333\"><\/p><\/div><\/a>[\/vc_column_inner][vc_column_inner width=&#8221;1\/3&#8243;]<style type=\"text\/css\" >#rand_bgvq43lmevjkn5dvz7xg {margin-top:0px; margin-bottom:34px; }<\/style><style type='text\/css'> @font-face{font-family: 'fa'; src:url('https:\/\/tribespress.com\/de\/wp-content\/themes\/thefox\/includes\/4k-icons\/icons\/4k-icons-pack02\/icons\/fonts\/fa.eot'); src:url('https:\/\/tribespress.com\/de\/wp-content\/themes\/thefox\/includes\/4k-icons\/icons\/4k-icons-pack02\/icons\/fonts\/fa.eot?#iefix') format('embedded-opentype'), url('https:\/\/tribespress.com\/de\/wp-content\/themes\/thefox\/includes\/4k-icons\/icons\/4k-icons-pack02\/icons\/fonts\/fa.woff') format('woff'), url('https:\/\/tribespress.com\/de\/wp-content\/themes\/thefox\/includes\/4k-icons\/icons\/4k-icons-pack02\/icons\/fonts\/fa.ttf') format('truetype'), url('https:\/\/tribespress.com\/de\/wp-content\/themes\/thefox\/includes\/4k-icons\/icons\/4k-icons-pack02\/icons\/fonts\/fa.svg#oi') format('svg'); font-weight: normal; font-style: normal;}#rand_bgvq43lmevjkn5dvz7xg .fa-check-square:before{font-family: 'fa'; font-weight: normal; font-style: normal;}#rand_bgvq43lmevjkn5dvz7xg .fa-check-square:before{content: \"\\f14a\";}<\/style>\n<style type=\"text\/css\" >#rand_bgvq43lmevjkn5dvz7xg:hover i{color:#e52f6c!important;}#rand_bgvq43lmevjkn5dvz7xg:hover h3{color:#e52f6c!important;}#rand_bgvq43lmevjkn5dvz7xg:hover p{color:!important;}#rand_bgvq43lmevjkn5dvz7xg:hover .icon_box_button{color:#2d3e50!important;}<\/style><a href=\"http:\/\/tribespress.com\/de\/author-website-translation\/\" target=\"_self\" ><div id=\"rand_bgvq43lmevjkn5dvz7xg\" class=\"icon_box \"><i class=\"fa-check-square\" style=\"color:#e52f6c;\"><\/i><h3 style=\"color:#333333;\">\u00dcbersetzung von Autorenwebseiten<\/h3><p style=\"color:#333333\"><\/p><\/div><\/a>[\/vc_column_inner][\/vc_row_inner][\/vc_column][\/vc_row][vc_row type=&#8221;full-width-section&#8221; equal_height=&#8221;yes&#8221; content_placement=&#8221;top&#8221; css=&#8221;.vc_custom_1578916538513{padding-top: 20px !important;padding-bottom: 20px !important;background-color: #e52f6c !important;}&#8221; el_id=&#8221;top_footer&#8221;][vc_column width=&#8221;1\/4&#8243; el_class=&#8221;footer-name&#8221;][vc_custom_heading text=&#8221;Name&#8221; font_container=&#8221;tag:h5|text_align:left|color:%23ffffff&#8221; use_theme_fonts=&#8221;yes&#8221;][vc_column_text]Tribes Press<br \/>\nCopyright 2018 Tribes Press[\/vc_column_text][\/vc_column][vc_column width=&#8221;1\/4&#8243; el_class=&#8221;footer-address&#8221;][vc_custom_heading text=&#8221;Adresse&#8221; font_container=&#8221;tag:h5|text_align:left|color:%23ffffff&#8221; use_theme_fonts=&#8221;yes&#8221;][vc_column_text]Glenanail, Castlegar,<br \/>\nTuam Road,<br \/>\nGalway,\u00a0Irland[\/vc_column_text][\/vc_column][vc_column width=&#8221;1\/4&#8243; el_class=&#8221;footer-contact-us&#8221;][vc_custom_heading text=&#8221;Kontakt&#8221; font_container=&#8221;tag:h5|text_align:left|color:%23ffffff&#8221; use_theme_fonts=&#8221;yes&#8221;][vc_column_text]Phone: +353 (0) 87 7749873<br \/>\nEmail: info@tribespress.com[\/vc_column_text][\/vc_column][vc_column width=&#8221;1\/4&#8243; el_class=&#8221;footer-connect-with-us&#8221;][vc_custom_heading text=&#8221;Connect With Us&#8221; font_container=&#8221;tag:h5|text_align:left|color:%23ffffff&#8221; use_theme_fonts=&#8221;yes&#8221;]\r\n\t<div class=\"rd_si_sc rd_si_small\" id=\"rd_4m3qr89zxqkinvszdwh7\">   \r\n\t\r\n\t                                                            <div id=\"yt\" class=\"\"> <a href=\"https:\/\/www.youtube.com\/channel\/UCpIttA6qgsHSMjdsbibCesg\" target=\"_blank\"><i class=\"fa fa-youtube\"><\/i><\/a><\/div>\r\n                                                                  <div id=\"lin\" class=\"\"> <a href=\"https:\/\/www.linkedin.com\/in\/marguerite-tonery-3289682b\" target=\"_blank\"><i class=\"fa fa-linkedin\"><\/i><\/a><\/div>\r\n                              <div id=\"twitter\" class=\"\"> <a href=\"https:\/\/twitter.com\/PressTribes\" target=\"_blank\"><i class=\"fa fa-twitter\"><\/i><\/a><\/div>\r\n                                                                              <div id=\"instagram\" class=\"\"> <a href=\"https:\/\/www.instagram.com\/tribespress\/\" target=\"_blank\" ><i class=\"fa fa-instagram\"><\/i><\/a><\/div>\r\n                              <div id=\"facebook\" class=\"\"> <a href=\"https:\/\/www.facebook.com\/Tribes-Press-146928069314657\/\" target=\"_blank\" ><i class=\"fa fa-facebook\"><\/i><\/a><\/div>\r\n      \t                          \t  \r\n\t<\/div>\r\n\t \r\n\t <style type=\"text\/css\" >#rd_4m3qr89zxqkinvszdwh7 {margin:0px auto 0px;}#rd_4m3qr89zxqkinvszdwh7 div a{color:#ffffff;}<\/style>[\/vc_column][\/vc_row][vc_row equal_height=&#8221;yes&#8221;][vc_column el_class=&#8221;footer-images&#8221;][vc_row_inner equal_height=&#8221;yes&#8221; content_placement=&#8221;middle&#8221;][vc_column_inner width=&#8221;1\/6&#8243;][vc_single_image image=&#8221;7887&#8243; img_size=&#8221;full&#8221; alignment=&#8221;center&#8221;][\/vc_column_inner][vc_column_inner width=&#8221;1\/6&#8243;][vc_single_image image=&#8221;7851&#8243; img_size=&#8221;full&#8221; alignment=&#8221;center&#8221;][\/vc_column_inner][vc_column_inner width=&#8221;1\/6&#8243;][vc_single_image image=&#8221;8500&#8243; img_size=&#8221;full&#8221; alignment=&#8221;center&#8221;][\/vc_column_inner][vc_column_inner width=&#8221;1\/6&#8243;][vc_single_image image=&#8221;8590&#8243; img_size=&#8221;full&#8221; alignment=&#8221;center&#8221;][\/vc_column_inner][vc_column_inner width=&#8221;1\/6&#8243;][vc_single_image image=&#8221;8591&#8243; img_size=&#8221;full&#8221; alignment=&#8221;center&#8221;][\/vc_column_inner][vc_column_inner width=&#8221;1\/6&#8243;][vc_single_image image=&#8221;8592&#8243; img_size=&#8221;full&#8221; alignment=&#8221;center&#8221;][\/vc_column_inner][\/vc_row_inner][vc_row_inner equal_height=&#8221;yes&#8221; content_placement=&#8221;middle&#8221;][vc_column_inner width=&#8221;1\/6&#8243;][vc_single_image image=&#8221;8593&#8243; img_size=&#8221;full&#8221; alignment=&#8221;center&#8221;][\/vc_column_inner][vc_column_inner width=&#8221;1\/6&#8243;][vc_single_image image=&#8221;8594&#8243; img_size=&#8221;full&#8221; alignment=&#8221;center&#8221;][\/vc_column_inner][vc_column_inner width=&#8221;1\/6&#8243;][vc_single_image image=&#8221;8595&#8243; img_size=&#8221;full&#8221; alignment=&#8221;center&#8221;][\/vc_column_inner][vc_column_inner width=&#8221;1\/6&#8243;][vc_single_image image=&#8221;8846&#8243; img_size=&#8221;full&#8221; alignment=&#8221;center&#8221;][\/vc_column_inner][vc_column_inner width=&#8221;1\/6&#8243;][vc_single_image image=&#8221;8848&#8243; img_size=&#8221;full&#8221; alignment=&#8221;center&#8221;][\/vc_column_inner][vc_column_inner width=&#8221;1\/6&#8243;][\/vc_column_inner][\/vc_row_inner][\/vc_column][\/vc_row][vc_row type=&#8221;full-width-section&#8221; equal_height=&#8221;yes&#8221; content_placement=&#8221;middle&#8221; css=&#8221;.vc_custom_1517916543533{padding-top: 20px !important;padding-bottom: 20px !important;background-color: #eaeaea !important;}&#8221; el_id=&#8221;bottom_footer&#8221; el_class=&#8221;fix&#8221;][vc_column width=&#8221;1\/6&#8243;][vc_custom_heading text=&#8221;Redaktion&#8221; font_container=&#8221;tag:h4|text_align:center|color:%23222222&#8243; use_theme_fonts=&#8221;yes&#8221; link=&#8221;url:http%3A%2F%2Ftribespress.com\/de%2Feditorial-service%2F|||&#8221;][\/vc_column][vc_column width=&#8221;1\/6&#8243;][vc_custom_heading text=&#8221;\u00dcbersetzung&#8221; font_container=&#8221;tag:h4|text_align:center|color:%23222222&#8243; use_theme_fonts=&#8221;yes&#8221; link=&#8221;url:http%3A%2F%2Ftribespress.com\/de%2Ftranslation-services%2F|||&#8221;][\/vc_column][vc_column width=&#8221;1\/3&#8243; css=&#8221;.vc_custom_1517915891605{padding-top: -10px !important;}&#8221;][vc_single_image image=&#8221;8495&#8243; img_size=&#8221;medium&#8221; alignment=&#8221;center&#8221; onclick=&#8221;custom_link&#8221; link=&#8221;http:\/\/tribespress.com\/de&#8221;][\/vc_column][vc_column width=&#8221;1\/6&#8243;][vc_custom_heading text=&#8221;Illustrationen&#8221; font_container=&#8221;tag:h4|text_align:center|color:%23222222&#8243; use_theme_fonts=&#8221;yes&#8221; link=&#8221;url:http%3A%2F%2Ftribespress.com\/de%2Fcustom-cover-illustration%2F|||&#8221;][\/vc_column][vc_column width=&#8221;1\/6&#8243;][vc_custom_heading text=&#8221;Pers\u00f6nlicher Kontakt&#8221; font_container=&#8221;tag:h4|text_align:center|color:%23222222&#8243; use_theme_fonts=&#8221;yes&#8221; link=&#8221;url:http%3A%2F%2Ftribespress.com\/de%2Fcontact%2F|||&#8221;][\/vc_column][\/vc_row]<\/p>\n<\/div>","protected":false},"excerpt":{"rendered":"<p>[vc_row type=&#8221;full-width-section&#8221; css=&#8221;.vc_custom_1517825994634{padding-top: 50px !important;padding-bottom: 30px !important;}&#8221;][vc_column][vc_custom_heading text=&#8221;\u00dcbersetzungsdienste&#8221; font_container=&#8221;tag:h2|text_align:center&#8221; use_theme_fonts=&#8221;yes&#8221;][vc_column_text]Die Welt ist gro\u00df und die Zahl der Sprachen, die von Menschen allerorts gesprochen wird ist riesig. Haben Sie schon einmal dar\u00fcber nachgedacht Ihr Buch in andere Sprache \u00fcbersetzen zu lassen, um eine weltweite\u00a0 Leserschaft zu erreichen? Unser Team, bestehend aus professionellen \u00dcbersetzern ist sich kultureller<br \/><a href=\"https:\/\/tribespress.com\/de\/translation-services\/\" class=\"more\">Read more<\/a><\/p>\n","protected":false},"author":1,"featured_media":0,"parent":0,"menu_order":0,"comment_status":"closed","ping_status":"closed","template":"","meta":{"_exactmetrics_skip_tracking":false,"_exactmetrics_sitenote_active":false,"_exactmetrics_sitenote_note":"","_exactmetrics_sitenote_category":0,"footnotes":""},"class_list":["post-7936","page","type-page","status-publish","hentry"],"_links":{"self":[{"href":"https:\/\/tribespress.com\/de\/wp-json\/wp\/v2\/pages\/7936","targetHints":{"allow":["GET"]}}],"collection":[{"href":"https:\/\/tribespress.com\/de\/wp-json\/wp\/v2\/pages"}],"about":[{"href":"https:\/\/tribespress.com\/de\/wp-json\/wp\/v2\/types\/page"}],"author":[{"embeddable":true,"href":"https:\/\/tribespress.com\/de\/wp-json\/wp\/v2\/users\/1"}],"replies":[{"embeddable":true,"href":"https:\/\/tribespress.com\/de\/wp-json\/wp\/v2\/comments?post=7936"}],"version-history":[{"count":39,"href":"https:\/\/tribespress.com\/de\/wp-json\/wp\/v2\/pages\/7936\/revisions"}],"predecessor-version":[{"id":10903,"href":"https:\/\/tribespress.com\/de\/wp-json\/wp\/v2\/pages\/7936\/revisions\/10903"}],"wp:attachment":[{"href":"https:\/\/tribespress.com\/de\/wp-json\/wp\/v2\/media?parent=7936"}],"curies":[{"name":"wp","href":"https:\/\/api.w.org\/{rel}","templated":true}]}}