{"id":7923,"date":"2018-01-31T10:46:45","date_gmt":"2018-01-31T10:46:45","guid":{"rendered":"http:\/\/tribespress.com\/de\/?page_id=7923"},"modified":"2020-01-14T12:46:39","modified_gmt":"2020-01-14T12:46:39","slug":"author-website-gold","status":"publish","type":"page","link":"https:\/\/tribespress.com\/de\/author-website-gold\/","title":{"rendered":"Autorenwebseite \u2013 Gold"},"content":{"rendered":"<div class=\"wpb-content-wrapper\"><p>[vc_row type=&#8221;full-width-section&#8221; css=&#8221;.vc_custom_1517825922646{margin-bottom: 23px !important;padding-top: 50px !important;padding-bottom: 30px !important;}&#8221;][vc_column][vc_custom_heading text=&#8221;Autorenwebseite \u2013 Gold&#8221; font_container=&#8221;tag:h2|text_align:center&#8221; use_theme_fonts=&#8221;yes&#8221;][vc_column_text]Eine Webseite ist ein grundlegendes Mittel, dem Rest der Welt Ihre Nachricht mitzuteilen. Es gibt Lesern die M\u00f6glichkeit Sie und Ihr Buch online zu finden. Heutzutage ist das ein unerl\u00e4ssliches Marketingmittel. Wir werden f\u00fcr Sie eine pers\u00f6nliche und attraktive Webseite erstellen.<\/p>\n<p>Unsere Designer werden Ihre Webseite f\u00fcr Sie entwerfen und nehmen so alle Sorge von Ihnen. Sobald Ihre Webseite in Betrieb genommen ist, sind Sie und Ihr Buch auf dem weltweiten Markt pr\u00e4sent.[\/vc_column_text][vc_column_text]<strong>Was ist enthalten?:<\/strong><\/p>\n<ul>\n<li><strong>Einrichtung der Webseite:<\/strong>\u00a0Sobald Sie die Autorenwebseite- Gold erwerben werden wir uns mit Ihnen in Verbindung setzten, um die Einrichtung der Seite zu beginnen. Ihre Webseite besteht aus:\n<ul>\n<li>zehn Seiten, unter anderem: Home, \u00dcber das Buch, \u00dcber den Autor, Auszug, Kontakt, Online Shop<br \/>\nBis zu 60 Megabytes von Bildern<\/li>\n<\/ul>\n<\/li>\n<li><strong>1 Jahr Hosting<\/strong>: Dieser Plan bietet Ihnen die Sicherheit, dass Ihre Seite einwandfrei\u00a0 funktioniert. Eine Sicherheitskopie Ihrer Seite wird sicher aufbewahrt und technischer Support steht jederzeit \u00fcber Telefon oder Email bereit.<\/li>\n<li><strong>Domaine<\/strong>: Sie werden den Namen f\u00fcr Ihre Domaine w\u00e4hlen. \u00a0Schicken Sie uns Ihre Top Drei Optionen und wir sagen ihnen, welche davon verf\u00fcgbar ist.<\/li>\n<li><strong>Drei Emailadressen:<\/strong> Senden Sie Emails an Ihre Leser, Familie und Freunde mit einer Email- Adresse, die ich direkt auf Ihre Webseite bezieht.<\/li>\n<li><strong>Design Effekte<\/strong>: F\u00fcgen Sie extra Effekte wie rotierende \u00dcberschriften, animierte Bilder und \u201emouse-over\u201c Effekte hinzu.<\/li>\n<li><strong>Email Listen<\/strong>: Mit Hilfe eines Widgets, welches Besuchern Ihrere Webseite erlaubt Ihre Email Adresse zu hinterlegen k\u00f6nnen Sie eine umfassende Emailliste Ihrer Fans erstellen. So ist es einfach Ihren Fans mit regem\u00e4\u00dfigen Updates \u00fcber Ihre Person und Ihre Arbeit auf dem Laufenden zu halten.<\/li>\n<\/ul>\n<p>Diese Dienstleistung beinhaltet das erste Erstellen der Webseite. Nach der erstmaligen Installation der Webseite k\u00f6nnen wir nachtr\u00e4gliche \u00c4nderungen im Design und \u00c4hnlichem mit einer Zusatzgeb\u00fchr vornhemen. Nachdem das erste Jahr des Hostings abgelaufen ist, wird es Ihre eigene Verantworung sein die j\u00e4hrliche Hostinggeb\u00fchr, sowie die Erneuerungsgeb\u00fchr Ihrer Domaine zu \u00fcbernehmen. Dies ist notwendig solange Sie Ihre Webseite aktiv im Interent betreiben wollen.[\/vc_column_text][vc_column_text]<strong>Suchmaschinenoptimierung:<\/strong><\/p>\n<ul>\n<li>Erstellung von Titel-Tags<\/li>\n<li>Inhaltserstellung (auschlie\u00dflich Home Page\/Index)<\/li>\n<li>Erstellung von Metabeschreibung<\/li>\n<li>Google Mobile-Friendly Test (WordPress Update)<\/li>\n<li>Erstellung von Schl\u00fcsselw\u00f6rtern (bis zu 10 W\u00f6rtern)<\/li>\n<li>Eingabe in die Google Search Engine (Google Index)<\/li>\n<\/ul>\n<p><strong>Zus\u00e4tzliche Dienste:<\/strong> (Kontaktieren Sie das Tribes Press Marketing Team)<\/p>\n<ul>\n<li>Registrierung Ihrer Domaine und des Web Hostings<\/li>\n<li>Zus\u00e4tzliche Seiten<\/li>\n<li>Einscannnung zus\u00e4tzlicher Bilder und Vorbereitung f\u00fcr die Verwendung auf der Webseite<\/li>\n<li>\u00c4nderungen der Webseite<\/li>\n<li>Bandbreiten\u00fcberschreitung**<\/li>\n<\/ul>\n<p>Preis der Dienstleistung (exkl. Mehrwertsteuer): \u20ac3,500<\/p>\n<p>Kontaktieren Sie 00353-87-7749873 f\u00fcr weitere Informationen oder f\u00fcr den Erwerb dieser Dienstleistung.<\/p>\n<p><em>Hinweis: <\/em><\/p>\n<p><em>*Unser Erwerbspartner der Domainen verbietet die \u00dcbertragung von unerw\u00fcnschten Emails (Spam und Opt-In). Sollten Sie diese Dienstleistingsbedingungen verletzen ist es m\u00f6glich, dass Ihre Webseite abgeschlatet wird und f\u00fcr die Wiederaufnahme wird eine Zusatzgeb\u00fchr anfallen. <\/em><\/p>\n<p><em>**Das Daten\/Bandbreiten\u00fcbertragungslimit pro Webseite ist 1020Megabytes pro Monat. Sollte Ihre Website dieses Limit \u00fcberschreiten wird eine Geb\u00fchr f\u00fcr jede zus\u00e4tzliche Datennutzunge von 10 Gigabytes anfallen.<\/em><em> \u00a0<\/em>[\/vc_column_text][\/vc_column][\/vc_row][vc_row type=&#8221;full-width-section&#8221; equal_height=&#8221;yes&#8221; content_placement=&#8221;top&#8221; css=&#8221;.vc_custom_1578916538513{padding-top: 20px !important;padding-bottom: 20px !important;background-color: #e52f6c !important;}&#8221; el_id=&#8221;top_footer&#8221;][vc_column width=&#8221;1\/4&#8243; el_class=&#8221;footer-name&#8221;][vc_custom_heading text=&#8221;Name&#8221; font_container=&#8221;tag:h5|text_align:left|color:%23ffffff&#8221; use_theme_fonts=&#8221;yes&#8221;][vc_column_text]Tribes Press<br \/>\nCopyright 2018 Tribes Press[\/vc_column_text][\/vc_column][vc_column width=&#8221;1\/4&#8243; el_class=&#8221;footer-address&#8221;][vc_custom_heading text=&#8221;Adresse&#8221; font_container=&#8221;tag:h5|text_align:left|color:%23ffffff&#8221; use_theme_fonts=&#8221;yes&#8221;][vc_column_text]Glenanail, Castlegar,<br \/>\nTuam Road,<br \/>\nGalway,\u00a0Irland[\/vc_column_text][\/vc_column][vc_column width=&#8221;1\/4&#8243; el_class=&#8221;footer-contact-us&#8221;][vc_custom_heading text=&#8221;Kontakt&#8221; font_container=&#8221;tag:h5|text_align:left|color:%23ffffff&#8221; use_theme_fonts=&#8221;yes&#8221;][vc_column_text]Phone: +353 (0) 87 7749873<br \/>\nEmail: info@tribespress.com[\/vc_column_text][\/vc_column][vc_column width=&#8221;1\/4&#8243; el_class=&#8221;footer-connect-with-us&#8221;][vc_custom_heading text=&#8221;Connect With Us&#8221; font_container=&#8221;tag:h5|text_align:left|color:%23ffffff&#8221; use_theme_fonts=&#8221;yes&#8221;]\r\n\t<div class=\"rd_si_sc rd_si_small\" id=\"rd_kbfv77mpw5ius6iq5t68\">   \r\n\t\r\n\t                                                            <div id=\"yt\" class=\"\"> <a href=\"https:\/\/www.youtube.com\/channel\/UCpIttA6qgsHSMjdsbibCesg\" target=\"_blank\"><i class=\"fa fa-youtube\"><\/i><\/a><\/div>\r\n                                                                  <div id=\"lin\" class=\"\"> <a href=\"https:\/\/www.linkedin.com\/in\/marguerite-tonery-3289682b\" target=\"_blank\"><i class=\"fa fa-linkedin\"><\/i><\/a><\/div>\r\n                              <div id=\"twitter\" class=\"\"> <a href=\"https:\/\/twitter.com\/PressTribes\" target=\"_blank\"><i class=\"fa fa-twitter\"><\/i><\/a><\/div>\r\n                                                                              <div id=\"instagram\" class=\"\"> <a href=\"https:\/\/www.instagram.com\/tribespress\/\" target=\"_blank\" ><i class=\"fa fa-instagram\"><\/i><\/a><\/div>\r\n                              <div id=\"facebook\" class=\"\"> <a href=\"https:\/\/www.facebook.com\/Tribes-Press-146928069314657\/\" target=\"_blank\" ><i class=\"fa fa-facebook\"><\/i><\/a><\/div>\r\n      \t                          \t  \r\n\t<\/div>\r\n\t \r\n\t <style type=\"text\/css\" >#rd_kbfv77mpw5ius6iq5t68 {margin:0px auto 0px;}#rd_kbfv77mpw5ius6iq5t68 div a{color:#ffffff;}<\/style>[\/vc_column][\/vc_row][vc_row equal_height=&#8221;yes&#8221;][vc_column el_class=&#8221;footer-images&#8221;][vc_row_inner equal_height=&#8221;yes&#8221; content_placement=&#8221;middle&#8221;][vc_column_inner width=&#8221;1\/6&#8243;][vc_single_image image=&#8221;7887&#8243; img_size=&#8221;full&#8221; alignment=&#8221;center&#8221;][\/vc_column_inner][vc_column_inner width=&#8221;1\/6&#8243;][vc_single_image image=&#8221;7851&#8243; img_size=&#8221;full&#8221; alignment=&#8221;center&#8221;][\/vc_column_inner][vc_column_inner width=&#8221;1\/6&#8243;][vc_single_image image=&#8221;8500&#8243; img_size=&#8221;full&#8221; alignment=&#8221;center&#8221;][\/vc_column_inner][vc_column_inner width=&#8221;1\/6&#8243;][vc_single_image image=&#8221;8590&#8243; img_size=&#8221;full&#8221; alignment=&#8221;center&#8221;][\/vc_column_inner][vc_column_inner width=&#8221;1\/6&#8243;][vc_single_image image=&#8221;8591&#8243; img_size=&#8221;full&#8221; alignment=&#8221;center&#8221;][\/vc_column_inner][vc_column_inner width=&#8221;1\/6&#8243;][vc_single_image image=&#8221;8592&#8243; img_size=&#8221;full&#8221; alignment=&#8221;center&#8221;][\/vc_column_inner][\/vc_row_inner][vc_row_inner equal_height=&#8221;yes&#8221; content_placement=&#8221;middle&#8221;][vc_column_inner width=&#8221;1\/6&#8243;][vc_single_image image=&#8221;8593&#8243; img_size=&#8221;full&#8221; alignment=&#8221;center&#8221;][\/vc_column_inner][vc_column_inner width=&#8221;1\/6&#8243;][vc_single_image image=&#8221;8594&#8243; img_size=&#8221;full&#8221; alignment=&#8221;center&#8221;][\/vc_column_inner][vc_column_inner width=&#8221;1\/6&#8243;][vc_single_image image=&#8221;8595&#8243; img_size=&#8221;full&#8221; alignment=&#8221;center&#8221;][\/vc_column_inner][vc_column_inner width=&#8221;1\/6&#8243;][vc_single_image image=&#8221;8846&#8243; img_size=&#8221;full&#8221; alignment=&#8221;center&#8221;][\/vc_column_inner][vc_column_inner width=&#8221;1\/6&#8243;][vc_single_image image=&#8221;8848&#8243; img_size=&#8221;full&#8221; alignment=&#8221;center&#8221;][\/vc_column_inner][vc_column_inner width=&#8221;1\/6&#8243;][\/vc_column_inner][\/vc_row_inner][\/vc_column][\/vc_row][vc_row type=&#8221;full-width-section&#8221; equal_height=&#8221;yes&#8221; content_placement=&#8221;middle&#8221; css=&#8221;.vc_custom_1517916543533{padding-top: 20px !important;padding-bottom: 20px !important;background-color: #eaeaea !important;}&#8221; el_id=&#8221;bottom_footer&#8221; el_class=&#8221;fix&#8221;][vc_column width=&#8221;1\/6&#8243;][vc_custom_heading text=&#8221;Redaktion&#8221; font_container=&#8221;tag:h4|text_align:center|color:%23222222&#8243; use_theme_fonts=&#8221;yes&#8221; link=&#8221;url:http%3A%2F%2Ftribespress.com\/de%2Fpublishing%2Feditorial-service%2F|||&#8221;][\/vc_column][vc_column width=&#8221;1\/6&#8243;][vc_custom_heading text=&#8221;\u00dcbersetzung&#8221; font_container=&#8221;tag:h4|text_align:center|color:%23222222&#8243; use_theme_fonts=&#8221;yes&#8221; link=&#8221;url:http%3A%2F%2Ftribespress.com\/de%2Fpublishing%2Ftranslation-services%2F|||&#8221;][\/vc_column][vc_column width=&#8221;1\/3&#8243; css=&#8221;.vc_custom_1517915891605{padding-top: -10px !important;}&#8221;][vc_single_image image=&#8221;8495&#8243; img_size=&#8221;medium&#8221; alignment=&#8221;center&#8221; onclick=&#8221;custom_link&#8221; link=&#8221;http:\/\/tribespress.com\/de&#8221;][\/vc_column][vc_column width=&#8221;1\/6&#8243;][vc_custom_heading text=&#8221;Illustrationen&#8221; font_container=&#8221;tag:h4|text_align:center|color:%23222222&#8243; use_theme_fonts=&#8221;yes&#8221; link=&#8221;url:http%3A%2F%2Ftribespress.com\/de%2Fpublishing%2Fcover-design%2F|||&#8221;][\/vc_column][vc_column width=&#8221;1\/6&#8243;][vc_custom_heading text=&#8221;Pers\u00f6nlicher Kontakt&#8221; font_container=&#8221;tag:h4|text_align:center|color:%23222222&#8243; use_theme_fonts=&#8221;yes&#8221; link=&#8221;url:http%3A%2F%2Ftribespress.com\/de%2Fpublishing%2Fcontact%2F|||&#8221;][\/vc_column][\/vc_row]<\/p>\n<\/div>","protected":false},"excerpt":{"rendered":"<p>[vc_row type=&#8221;full-width-section&#8221; css=&#8221;.vc_custom_1517825922646{margin-bottom: 23px !important;padding-top: 50px !important;padding-bottom: 30px !important;}&#8221;][vc_column][vc_custom_heading text=&#8221;Autorenwebseite \u2013 Gold&#8221; font_container=&#8221;tag:h2|text_align:center&#8221; use_theme_fonts=&#8221;yes&#8221;][vc_column_text]Eine Webseite ist ein grundlegendes Mittel, dem Rest der Welt Ihre Nachricht mitzuteilen. Es gibt Lesern die M\u00f6glichkeit Sie und Ihr Buch online zu finden. Heutzutage ist das ein unerl\u00e4ssliches Marketingmittel. Wir werden f\u00fcr Sie eine pers\u00f6nliche und attraktive Webseite erstellen. Unsere<br \/><a href=\"https:\/\/tribespress.com\/de\/author-website-gold\/\" class=\"more\">Read more<\/a><\/p>\n","protected":false},"author":1,"featured_media":0,"parent":0,"menu_order":0,"comment_status":"closed","ping_status":"closed","template":"","meta":{"_exactmetrics_skip_tracking":false,"_exactmetrics_sitenote_active":false,"_exactmetrics_sitenote_note":"","_exactmetrics_sitenote_category":0,"footnotes":""},"class_list":["post-7923","page","type-page","status-publish","hentry"],"_links":{"self":[{"href":"https:\/\/tribespress.com\/de\/wp-json\/wp\/v2\/pages\/7923","targetHints":{"allow":["GET"]}}],"collection":[{"href":"https:\/\/tribespress.com\/de\/wp-json\/wp\/v2\/pages"}],"about":[{"href":"https:\/\/tribespress.com\/de\/wp-json\/wp\/v2\/types\/page"}],"author":[{"embeddable":true,"href":"https:\/\/tribespress.com\/de\/wp-json\/wp\/v2\/users\/1"}],"replies":[{"embeddable":true,"href":"https:\/\/tribespress.com\/de\/wp-json\/wp\/v2\/comments?post=7923"}],"version-history":[{"count":15,"href":"https:\/\/tribespress.com\/de\/wp-json\/wp\/v2\/pages\/7923\/revisions"}],"predecessor-version":[{"id":10905,"href":"https:\/\/tribespress.com\/de\/wp-json\/wp\/v2\/pages\/7923\/revisions\/10905"}],"wp:attachment":[{"href":"https:\/\/tribespress.com\/de\/wp-json\/wp\/v2\/media?parent=7923"}],"curies":[{"name":"wp","href":"https:\/\/api.w.org\/{rel}","templated":true}]}}