{"id":7916,"date":"2018-01-31T10:23:47","date_gmt":"2018-01-31T10:23:47","guid":{"rendered":"http:\/\/tribespress.com\/de\/?page_id=7916"},"modified":"2020-05-11T14:36:03","modified_gmt":"2020-05-11T14:36:03","slug":"author-website-standard","status":"publish","type":"page","link":"https:\/\/tribespress.com\/de\/author-website-standard\/","title":{"rendered":"Autorenwebseiten"},"content":{"rendered":"<div class=\"wpb-content-wrapper\"><p>[vc_row][vc_column][vc_row_inner][vc_column_inner width=&#8221;1\/3&#8243;]<style type=\"text\/css\" >#rand_550g6zypx5skd2wvm2lp {margin-top:0px; margin-bottom:34px; }<\/style><style type='text\/css'> @font-face{font-family: 'fa'; src:url('https:\/\/tribespress.com\/de\/wp-content\/themes\/thefox\/includes\/4k-icons\/icons\/4k-icons-pack02\/icons\/fonts\/fa.eot'); src:url('https:\/\/tribespress.com\/de\/wp-content\/themes\/thefox\/includes\/4k-icons\/icons\/4k-icons-pack02\/icons\/fonts\/fa.eot?#iefix') format('embedded-opentype'), url('https:\/\/tribespress.com\/de\/wp-content\/themes\/thefox\/includes\/4k-icons\/icons\/4k-icons-pack02\/icons\/fonts\/fa.woff') format('woff'), url('https:\/\/tribespress.com\/de\/wp-content\/themes\/thefox\/includes\/4k-icons\/icons\/4k-icons-pack02\/icons\/fonts\/fa.ttf') format('truetype'), url('https:\/\/tribespress.com\/de\/wp-content\/themes\/thefox\/includes\/4k-icons\/icons\/4k-icons-pack02\/icons\/fonts\/fa.svg#oi') format('svg'); font-weight: normal; font-style: normal;}#rand_550g6zypx5skd2wvm2lp .fa-wordpress:before{font-family: 'fa'; font-weight: normal; font-style: normal;}#rand_550g6zypx5skd2wvm2lp .fa-wordpress:before{content: \"\\f19a\";}<\/style>\n<a href=\"https:\/\/tribespress.com\/de\/web-design\/\" target=\"_blank\" ><div id=\"rand_550g6zypx5skd2wvm2lp\" class=\"icon_box \"><i class=\"fa-wordpress\" style=\"color:#e52f6c;\"><\/i><h3 style=\"color:#333333;\">Design der Webseite<\/h3><p style=\"color:#333333\"><\/p><\/div><\/a>[\/vc_column_inner][vc_column_inner width=&#8221;1\/3&#8243;]<style type=\"text\/css\" >#rand_b6oatbsmm26dao62fjme {margin-top:0px; margin-bottom:34px; }<\/style><style type='text\/css'> @font-face{font-family: 'u8'; src:url('https:\/\/tribespress.com\/de\/wp-content\/themes\/thefox\/includes\/4k-icons\/icons\/4k-icons-pack04\/icons\/fonts\/u8.eot'); src:url('https:\/\/tribespress.com\/de\/wp-content\/themes\/thefox\/includes\/4k-icons\/icons\/4k-icons-pack04\/icons\/fonts\/u8.eot?#iefix') format('embedded-opentype'), url('https:\/\/tribespress.com\/de\/wp-content\/themes\/thefox\/includes\/4k-icons\/icons\/4k-icons-pack04\/icons\/fonts\/u8.woff') format('woff'), url('https:\/\/tribespress.com\/de\/wp-content\/themes\/thefox\/includes\/4k-icons\/icons\/4k-icons-pack04\/icons\/fonts\/u8.ttf') format('truetype'), url('https:\/\/tribespress.com\/de\/wp-content\/themes\/thefox\/includes\/4k-icons\/icons\/4k-icons-pack04\/icons\/fonts\/u8.svg#oi') format('svg'); font-weight: normal; font-style: normal;}#rand_b6oatbsmm26dao62fjme .u8-painting2:before{font-family: 'u8'; font-weight: normal; font-style: normal;}#rand_b6oatbsmm26dao62fjme .u8-painting2:before{content: \"\\e83d\";}<\/style>\n<div id=\"rand_b6oatbsmm26dao62fjme\" class=\"icon_box \"><i class=\"u8-painting2\" style=\"color:#e52f6c;\"><\/i><h3 style=\"color:#333333;\">Logo Design<\/h3><p style=\"color:#333333\">Wir haben eine Team von professionellen Desigern, die ein Logo passend zu Ihrem Buch oder Produkt entwickeln. Wir stellen Ihnen eine Reihe von Fragen und entwickeln zusammen Entw\u00fcrfe, die zur Farbgebung Ihrer B\u00fccher, Produkte und\/oder Pers\u00f6nlichkeit passen. Jedes Logo ist individuell, und unser Team versteht, dass es wichtig ist Ihnen und Ihren Bed\u00fcrfnissen Aufmerksamkeit zu schenken, um ein einzigartiges Logo zu entwickeln, das Ihr Buch und\/oder Produkte repr\u00e4sentiert.<\/p><\/div>[\/vc_column_inner][vc_column_inner width=&#8221;1\/3&#8243;]<style type=\"text\/css\" >#rand_p0p9plpto1idi63digdy {margin-top:0px; margin-bottom:34px; }<\/style><style type='text\/css'> @font-face{font-family: 'draw'; src:url('https:\/\/tribespress.com\/de\/wp-content\/themes\/thefox\/includes\/4k-icons\/icons\/4k-icons-pack02\/icons\/fonts\/draw.eot'); src:url('https:\/\/tribespress.com\/de\/wp-content\/themes\/thefox\/includes\/4k-icons\/icons\/4k-icons-pack02\/icons\/fonts\/draw.eot?#iefix') format('embedded-opentype'), url('https:\/\/tribespress.com\/de\/wp-content\/themes\/thefox\/includes\/4k-icons\/icons\/4k-icons-pack02\/icons\/fonts\/draw.woff') format('woff'), url('https:\/\/tribespress.com\/de\/wp-content\/themes\/thefox\/includes\/4k-icons\/icons\/4k-icons-pack02\/icons\/fonts\/draw.ttf') format('truetype'), url('https:\/\/tribespress.com\/de\/wp-content\/themes\/thefox\/includes\/4k-icons\/icons\/4k-icons-pack02\/icons\/fonts\/draw.svg#oi') format('svg'); font-weight: normal; font-style: normal;}#rand_p0p9plpto1idi63digdy .draw-shopping131:before{font-family: 'draw'; font-weight: normal; font-style: normal;}#rand_p0p9plpto1idi63digdy .draw-shopping131:before{content: \"\\e931\";}<\/style>\n<div id=\"rand_p0p9plpto1idi63digdy\" class=\"icon_box \"><i class=\"draw-shopping131\" style=\"color:#e52f6c;\"><\/i><h3 style=\"color:#333333;\">Online-Verkauf<\/h3><p style=\"color:#333333\">Wenn Sie Ihre B\u00fccher und Produkte online verkaufen m\u00f6chten, k\u00f6nnen wir eine E-Comerce Websiet f\u00fcr Sie erstellen. Sie wird einen Online-Shop beeinhalten. Wir warden sicherstellen, das ein sicherer Zahlungsweg mit SSL \u2013 Zertifizierung eingerichtet ist und dass Sie mit jedem verkauf eine E-Mail erhalten, die Sie \u00fcber alle n\u00f6tigen Details des Verkaufs informiert.<\/p><\/div>[\/vc_column_inner][\/vc_row_inner][vc_row_inner][vc_column_inner width=&#8221;1\/3&#8243;]<style type=\"text\/css\" >#rand_83lto739q1tw0x2nvyev {margin-top:0px; margin-bottom:34px; }<\/style><style type='text\/css'> @font-face{font-family: 'zm'; src:url('https:\/\/tribespress.com\/de\/wp-content\/themes\/thefox\/includes\/4k-icons\/icons\/4k-icons-pack05\/icons\/fonts\/zm.eot'); src:url('https:\/\/tribespress.com\/de\/wp-content\/themes\/thefox\/includes\/4k-icons\/icons\/4k-icons-pack05\/icons\/fonts\/zm.eot?#iefix') format('embedded-opentype'), url('https:\/\/tribespress.com\/de\/wp-content\/themes\/thefox\/includes\/4k-icons\/icons\/4k-icons-pack05\/icons\/fonts\/zm.woff') format('woff'), url('https:\/\/tribespress.com\/de\/wp-content\/themes\/thefox\/includes\/4k-icons\/icons\/4k-icons-pack05\/icons\/fonts\/zm.ttf') format('truetype'), url('https:\/\/tribespress.com\/de\/wp-content\/themes\/thefox\/includes\/4k-icons\/icons\/4k-icons-pack05\/icons\/fonts\/zm.svg#oi') format('svg'); font-weight: normal; font-style: normal;}#rand_83lto739q1tw0x2nvyev .zm-facebook:before{font-family: 'zm'; font-weight: normal; font-style: normal;}#rand_83lto739q1tw0x2nvyev .zm-facebook:before{content: \"\\e000\";}<\/style>\n<div id=\"rand_83lto739q1tw0x2nvyev\" class=\"icon_box \"><i class=\"zm-facebook\" style=\"color:#e52f6c;\"><\/i><h3 style=\"color:#333333;\">Integration mit Sozialen Medien<\/h3><p style=\"color:#333333\">Wenn Sie Ihre Konten auf Sozialen Medien (z.B. Facebook, Instagram, Pinterest, Linkedin, etc.) mit Ihrer Webseite verbinden, wird neuer Inhalt Ihrer Webseite auch auf Sozialen Medien erscheinen und andersherum. Das kann ein bedeutender Vorteil sein, auf dem Weg Ihres Buchs in den internationalen Markt.<\/p><\/div>[\/vc_column_inner][vc_column_inner width=&#8221;1\/3&#8243;]<style type=\"text\/css\" >#rand_k94dx21bbwvm827jm258 {margin-top:0px; margin-bottom:34px; }<\/style><style type='text\/css'> @font-face{font-family: 'fa'; src:url('https:\/\/tribespress.com\/de\/wp-content\/themes\/thefox\/includes\/4k-icons\/icons\/4k-icons-pack02\/icons\/fonts\/fa.eot'); src:url('https:\/\/tribespress.com\/de\/wp-content\/themes\/thefox\/includes\/4k-icons\/icons\/4k-icons-pack02\/icons\/fonts\/fa.eot?#iefix') format('embedded-opentype'), url('https:\/\/tribespress.com\/de\/wp-content\/themes\/thefox\/includes\/4k-icons\/icons\/4k-icons-pack02\/icons\/fonts\/fa.woff') format('woff'), url('https:\/\/tribespress.com\/de\/wp-content\/themes\/thefox\/includes\/4k-icons\/icons\/4k-icons-pack02\/icons\/fonts\/fa.ttf') format('truetype'), url('https:\/\/tribespress.com\/de\/wp-content\/themes\/thefox\/includes\/4k-icons\/icons\/4k-icons-pack02\/icons\/fonts\/fa.svg#oi') format('svg'); font-weight: normal; font-style: normal;}#rand_k94dx21bbwvm827jm258 .fa-line-chart:before{font-family: 'fa'; font-weight: normal; font-style: normal;}#rand_k94dx21bbwvm827jm258 .fa-line-chart:before{content: \"\\f201\";}<\/style>\n<div id=\"rand_k94dx21bbwvm827jm258\" class=\"icon_box \"><i class=\"fa-line-chart\" style=\"color:#e52f6c;\"><\/i><h3 style=\"color:#333333;\">Google Analytics<\/h3><p style=\"color:#333333\">Sie k\u00f6nnen Google Analytics f\u00fcr Ihre Webseite nutzen. Mit Gppgle Analytics k\u00f6nnen Sie einen detaillierten Bericht \u00fcber den Verkehr auf Ihrer Website einsehen, Schl\u00fcsselworte, die von benutzern eingegeben wurden, wie diese Ihre Webseite gefunden haben und wi sie sich befinden. Diese Informationen sind sehr wichtig, um die Anzahl der Besucher Ihrer Webseite zu erh\u00f6hen und f\u00fcr \u00c4nderungen Ihrer Seite auf Grund dieser Daten.<\/p><\/div>[\/vc_column_inner][vc_column_inner width=&#8221;1\/3&#8243;]<style type=\"text\/css\" >#rand_qw34o4bjg4v4hvwnca62 {margin-top:0px; margin-bottom:34px; }<\/style><style type='text\/css'> @font-face{font-family: 'ba'; src:url('https:\/\/tribespress.com\/de\/wp-content\/themes\/thefox\/includes\/4k-icons\/icons\/4k-icons-pack01\/icons\/fonts\/ba.eot'); src:url('https:\/\/tribespress.com\/de\/wp-content\/themes\/thefox\/includes\/4k-icons\/icons\/4k-icons-pack01\/icons\/fonts\/ba.eot?#iefix') format('embedded-opentype'), url('https:\/\/tribespress.com\/de\/wp-content\/themes\/thefox\/includes\/4k-icons\/icons\/4k-icons-pack01\/icons\/fonts\/ba.woff') format('woff'), url('https:\/\/tribespress.com\/de\/wp-content\/themes\/thefox\/includes\/4k-icons\/icons\/4k-icons-pack01\/icons\/fonts\/ba.ttf') format('truetype'), url('https:\/\/tribespress.com\/de\/wp-content\/themes\/thefox\/includes\/4k-icons\/icons\/4k-icons-pack01\/icons\/fonts\/ba.svg#oi') format('svg'); font-weight: normal; font-style: normal;}#rand_qw34o4bjg4v4hvwnca62 .ba-search4:before{font-family: 'ba'; font-weight: normal; font-style: normal;}#rand_qw34o4bjg4v4hvwnca62 .ba-search4:before{content: \"\\e90a\";}<\/style>\n<div id=\"rand_qw34o4bjg4v4hvwnca62\" class=\"icon_box \"><i class=\"ba-search4\" style=\"color:#e52f6c;\"><\/i><h3 style=\"color:#333333;\">Suchmaschinenoptimierung<\/h3><p style=\"color:#333333\"><\/p><\/div>[\/vc_column_inner][\/vc_row_inner][vc_column_text]<\/p>\n<p style=\"text-align: center;\"><strong>Zusatzleistungen<\/strong><\/p>\n<p>[\/vc_column_text][\/vc_column][\/vc_row][vc_row type=&#8221;full-width-section&#8221; equal_height=&#8221;yes&#8221; content_placement=&#8221;top&#8221; css=&#8221;.vc_custom_1578996018580{padding-top: 20px !important;padding-bottom: 20px !important;background-color: #e52f6c !important;}&#8221; el_id=&#8221;top_footer&#8221;][vc_column width=&#8221;1\/4&#8243; el_class=&#8221;footer-name&#8221;][vc_custom_heading text=&#8221;Name&#8221; font_container=&#8221;tag:h5|text_align:left|color:%23ffffff&#8221; use_theme_fonts=&#8221;yes&#8221;][vc_column_text]Tribes Press<br \/>\nCopyright 2018 Tribes Press[\/vc_column_text][\/vc_column][vc_column width=&#8221;1\/4&#8243; el_class=&#8221;footer-address&#8221;][vc_custom_heading text=&#8221;Adresse&#8221; font_container=&#8221;tag:h5|text_align:left|color:%23ffffff&#8221; use_theme_fonts=&#8221;yes&#8221;][vc_column_text]Glenanail, Castlegar,<br \/>\nTuam Road,<br \/>\nGalway,\u00a0Irland[\/vc_column_text][\/vc_column][vc_column width=&#8221;1\/4&#8243; el_class=&#8221;footer-contact-us&#8221;][vc_custom_heading text=&#8221;Kontakt&#8221; font_container=&#8221;tag:h5|text_align:left|color:%23ffffff&#8221; use_theme_fonts=&#8221;yes&#8221;][vc_column_text]Phone: +353 (0) 87 7749873<br \/>\nEmail: info@tribespress.com[\/vc_column_text][\/vc_column][vc_column width=&#8221;1\/4&#8243; el_class=&#8221;footer-connect-with-us&#8221;][vc_custom_heading text=&#8221;Connect With Us&#8221; font_container=&#8221;tag:h5|text_align:left|color:%23ffffff&#8221; use_theme_fonts=&#8221;yes&#8221;]\r\n\t<div class=\"rd_si_sc rd_si_small\" id=\"rd_auypv8rha29o54xsm1nv\">   \r\n\t\r\n\t                                                            <div id=\"yt\" class=\"\"> <a href=\"https:\/\/www.youtube.com\/channel\/UCpIttA6qgsHSMjdsbibCesg\" target=\"_blank\"><i class=\"fa fa-youtube\"><\/i><\/a><\/div>\r\n                                                                  <div id=\"lin\" class=\"\"> <a href=\"https:\/\/www.linkedin.com\/in\/marguerite-tonery-3289682b\" target=\"_blank\"><i class=\"fa fa-linkedin\"><\/i><\/a><\/div>\r\n                              <div id=\"twitter\" class=\"\"> <a href=\"https:\/\/twitter.com\/PressTribes\" target=\"_blank\"><i class=\"fa fa-twitter\"><\/i><\/a><\/div>\r\n                                                                              <div id=\"instagram\" class=\"\"> <a href=\"https:\/\/www.instagram.com\/tribespress\/\" target=\"_blank\" ><i class=\"fa fa-instagram\"><\/i><\/a><\/div>\r\n                              <div id=\"facebook\" class=\"\"> <a href=\"https:\/\/www.facebook.com\/Tribes-Press-146928069314657\/\" target=\"_blank\" ><i class=\"fa fa-facebook\"><\/i><\/a><\/div>\r\n      \t                          \t  \r\n\t<\/div>\r\n\t \r\n\t <style type=\"text\/css\" >#rd_auypv8rha29o54xsm1nv {margin:0px auto 0px;}#rd_auypv8rha29o54xsm1nv div a{color:#ffffff;}<\/style>[\/vc_column][\/vc_row][vc_row equal_height=&#8221;yes&#8221;][vc_column el_class=&#8221;footer-images&#8221;][vc_row_inner equal_height=&#8221;yes&#8221; content_placement=&#8221;middle&#8221;][vc_column_inner width=&#8221;1\/6&#8243;][vc_single_image image=&#8221;7887&#8243; img_size=&#8221;full&#8221; alignment=&#8221;center&#8221;][\/vc_column_inner][vc_column_inner width=&#8221;1\/6&#8243;][vc_single_image image=&#8221;7851&#8243; img_size=&#8221;full&#8221; alignment=&#8221;center&#8221;][\/vc_column_inner][vc_column_inner width=&#8221;1\/6&#8243;][vc_single_image image=&#8221;8500&#8243; img_size=&#8221;full&#8221; alignment=&#8221;center&#8221;][\/vc_column_inner][vc_column_inner width=&#8221;1\/6&#8243;][vc_single_image image=&#8221;8590&#8243; img_size=&#8221;full&#8221; alignment=&#8221;center&#8221;][\/vc_column_inner][vc_column_inner width=&#8221;1\/6&#8243;][vc_single_image image=&#8221;8591&#8243; img_size=&#8221;full&#8221; alignment=&#8221;center&#8221;][\/vc_column_inner][vc_column_inner width=&#8221;1\/6&#8243;][vc_single_image image=&#8221;8592&#8243; img_size=&#8221;full&#8221; alignment=&#8221;center&#8221;][\/vc_column_inner][\/vc_row_inner][vc_row_inner equal_height=&#8221;yes&#8221; content_placement=&#8221;middle&#8221;][vc_column_inner width=&#8221;1\/6&#8243;][vc_single_image image=&#8221;8593&#8243; img_size=&#8221;full&#8221; alignment=&#8221;center&#8221;][\/vc_column_inner][vc_column_inner width=&#8221;1\/6&#8243;][vc_single_image image=&#8221;8594&#8243; img_size=&#8221;full&#8221; alignment=&#8221;center&#8221;][\/vc_column_inner][vc_column_inner width=&#8221;1\/6&#8243;][vc_single_image image=&#8221;8595&#8243; img_size=&#8221;full&#8221; alignment=&#8221;center&#8221;][\/vc_column_inner][vc_column_inner width=&#8221;1\/6&#8243;][vc_single_image image=&#8221;8846&#8243; img_size=&#8221;full&#8221; alignment=&#8221;center&#8221;][\/vc_column_inner][vc_column_inner width=&#8221;1\/6&#8243;][vc_single_image image=&#8221;8848&#8243; img_size=&#8221;full&#8221; alignment=&#8221;center&#8221;][\/vc_column_inner][vc_column_inner width=&#8221;1\/6&#8243;][\/vc_column_inner][\/vc_row_inner][\/vc_column][\/vc_row][vc_row type=&#8221;full-width-section&#8221; equal_height=&#8221;yes&#8221; content_placement=&#8221;middle&#8221; css=&#8221;.vc_custom_1517916543533{padding-top: 20px !important;padding-bottom: 20px !important;background-color: #eaeaea !important;}&#8221; el_id=&#8221;bottom_footer&#8221; el_class=&#8221;fix&#8221;][vc_column width=&#8221;1\/6&#8243;][vc_custom_heading text=&#8221;Redaktion&#8221; font_container=&#8221;tag:h4|text_align:center|color:%23222222&#8243; use_theme_fonts=&#8221;yes&#8221; link=&#8221;url:http%3A%2F%2Ftribespress.com\/de%2Feditorial-service%2F|||&#8221;][\/vc_column][vc_column width=&#8221;1\/6&#8243;][vc_custom_heading text=&#8221;\u00dcbersetzung&#8221; font_container=&#8221;tag:h4|text_align:center|color:%23222222&#8243; use_theme_fonts=&#8221;yes&#8221; link=&#8221;url:http%3A%2F%2Ftribespress.com\/de%2Ftranslation-services%2F|||&#8221;][\/vc_column][vc_column width=&#8221;1\/3&#8243; css=&#8221;.vc_custom_1517915891605{padding-top: -10px !important;}&#8221;][vc_single_image image=&#8221;8495&#8243; img_size=&#8221;medium&#8221; alignment=&#8221;center&#8221; onclick=&#8221;custom_link&#8221; link=&#8221;http:\/\/tribespress.com\/de&#8221;][\/vc_column][vc_column width=&#8221;1\/6&#8243;][vc_custom_heading text=&#8221;Illustrationen&#8221; font_container=&#8221;tag:h4|text_align:center|color:%23222222&#8243; use_theme_fonts=&#8221;yes&#8221; link=&#8221;url:http%3A%2F%2Ftribespress.com\/de%2Fcover-design%2F|||&#8221;][\/vc_column][vc_column width=&#8221;1\/6&#8243;][vc_custom_heading text=&#8221;Pers\u00f6nlicher Kontakt&#8221; font_container=&#8221;tag:h4|text_align:center|color:%23222222&#8243; use_theme_fonts=&#8221;yes&#8221; link=&#8221;url:http%3A%2F%2Ftribespress.com\/de%2Fcontact%2F|||&#8221;][\/vc_column][\/vc_row]<\/p>\n<\/div>","protected":false},"excerpt":{"rendered":"<p>[vc_row][vc_column][vc_row_inner][vc_column_inner width=&#8221;1\/3&#8243;] Design der Webseite[\/vc_column_inner][vc_column_inner width=&#8221;1\/3&#8243;] Logo DesignWir haben eine Team von professionellen Desigern, die ein Logo passend zu Ihrem Buch oder Produkt entwickeln. Wir stellen Ihnen eine Reihe von Fragen und entwickeln zusammen Entw\u00fcrfe, die zur Farbgebung Ihrer B\u00fccher, Produkte und\/oder Pers\u00f6nlichkeit passen. Jedes Logo ist individuell, und unser Team versteht, dass es wichtig<br \/><a href=\"https:\/\/tribespress.com\/de\/author-website-standard\/\" class=\"more\">Read more<\/a><\/p>\n","protected":false},"author":1,"featured_media":0,"parent":0,"menu_order":0,"comment_status":"closed","ping_status":"closed","template":"","meta":{"_exactmetrics_skip_tracking":false,"_exactmetrics_sitenote_active":false,"_exactmetrics_sitenote_note":"","_exactmetrics_sitenote_category":0,"footnotes":""},"class_list":["post-7916","page","type-page","status-publish","hentry"],"_links":{"self":[{"href":"https:\/\/tribespress.com\/de\/wp-json\/wp\/v2\/pages\/7916","targetHints":{"allow":["GET"]}}],"collection":[{"href":"https:\/\/tribespress.com\/de\/wp-json\/wp\/v2\/pages"}],"about":[{"href":"https:\/\/tribespress.com\/de\/wp-json\/wp\/v2\/types\/page"}],"author":[{"embeddable":true,"href":"https:\/\/tribespress.com\/de\/wp-json\/wp\/v2\/users\/1"}],"replies":[{"embeddable":true,"href":"https:\/\/tribespress.com\/de\/wp-json\/wp\/v2\/comments?post=7916"}],"version-history":[{"count":21,"href":"https:\/\/tribespress.com\/de\/wp-json\/wp\/v2\/pages\/7916\/revisions"}],"predecessor-version":[{"id":11015,"href":"https:\/\/tribespress.com\/de\/wp-json\/wp\/v2\/pages\/7916\/revisions\/11015"}],"wp:attachment":[{"href":"https:\/\/tribespress.com\/de\/wp-json\/wp\/v2\/media?parent=7916"}],"curies":[{"name":"wp","href":"https:\/\/api.w.org\/{rel}","templated":true}]}}