{"id":7796,"date":"2018-01-30T13:05:18","date_gmt":"2018-01-30T13:05:18","guid":{"rendered":"http:\/\/tribespress.com\/de\/?page_id=7796"},"modified":"2018-06-21T10:11:46","modified_gmt":"2018-06-21T10:11:46","slug":"e-book-publishing","status":"publish","type":"page","link":"https:\/\/tribespress.com\/de\/e-book-publishing\/","title":{"rendered":"E-Book Ver\u00f6ffentlichung"},"content":{"rendered":"<div class=\"wpb-content-wrapper\"><p>[vc_row type=&#8221;full-width-section&#8221; css=&#8221;.vc_custom_1517824313557{padding-top: 50px !important;padding-bottom: 30px !important;}&#8221;][vc_column][vc_custom_heading text=&#8221;E-Book Ver\u00f6ffentlichung&#8221; font_container=&#8221;tag:h2|text_align:center&#8221; use_theme_fonts=&#8221;yes&#8221;][vc_column_text]Mit der wachsenden Beliebtheit von B\u00fcchern in eletronischem Format ist die Ver\u00f6ffentlichung als E-Book mittlerweile ein fester Bestandteil des Ver\u00f6ffentlichungsprozesses. Dies erm\u00f6glicht es Ihren zuk\u00fcnftigen Lesern Examplare Ihres Buches f\u00fcr das Lesen auf dem iPad oder Kindle zu erwerben. Ihr fertiges Buch wird als E-Book formatiert, um Ihr Buch f\u00fcr den E-Book Markt bereitzustellen. Sie erhalten die Lizenzgeb\u00fchren f\u00fcr jedes verkaufte E-Book. Zur Zeit ist unsere E-Book Formatierung mit den folgenden Ger\u00e4ten vereinbar: Amazon Kindle, Sony Reader, Barnes &amp; Noble eReader, Nook, Google Play Books, Kobo Books und dem iBooks Store.<\/p>\n<p><strong>Bitte beachten Sie:<\/strong><\/p>\n<ul>\n<li>Wir machen alle angemessenen Bem\u00fchungen um sicherzustellen, dass die Formatierung der ePub Auflage dem der gedruckten Exemplare entspricht. Einige Design Elemente sind jedoch im ePub Format nicht unterst\u00fctzt. Tribes Press tr\u00e4gt keine Verantwortung f\u00fcr m\u00f6gliche \u00c4nderungen der ePub Auflage.<\/li>\n<li>Sie k\u00f6nnen diese Dienstleitung als Teil eines unserer B\u00fcndel erwerben. Dieser Dienst ist nicht als Zusatz zu anderen B\u00fcndeln oder f\u00fcr bereits ver\u00f6ffentlichte B\u00fccher erh\u00e4ltlich.<\/li>\n<\/ul>\n<p><em>*Einzelh\u00e4ndler und Anbieter haben das Recht Inhalte f\u00fcr die Erh\u00e4ltlichkeit auf Ihren eBook Stores und eReaders zu akzeptieren oder zu verweigern. <\/em><\/p>\n<p><em>*Damit alle Standards f\u00fcr die Einsendung erf\u00fcllt werden ist es unerl\u00e4sslich, dass Sie ihr Manuskript gr\u00fcndlich auf Rechtschreibung und die korrekte \u00dcbertragung diakretischer Zeichen wie Tilde, Cursor, Akut etc. \u00fcberpr\u00fcfen.<\/em><\/p>\n<p>Preis der Dienstleistung (exkl. Mehrwertsteuer): Preis a. A.<\/p>\n<p>Kontaktieren Sie 00353-87-7749873 f\u00fcr weitere Informationen oder f\u00fcr den Erwerb dieser Dienstleistung.[\/vc_column_text][\/vc_column][\/vc_row][vc_row][vc_column][vc_column_text]<br \/>\n[\/vc_column_text][\/vc_column][\/vc_row][vc_row type=&#8221;full-width-section&#8221; equal_height=&#8221;yes&#8221; content_placement=&#8221;top&#8221; css=&#8221;.vc_custom_1517916466638{padding-top: 20px !important;padding-bottom: 20px !important;background-color: #e52f6c !important;}&#8221; el_id=&#8221;top_footer&#8221;][vc_column width=&#8221;1\/4&#8243;][vc_custom_heading text=&#8221;Name&#8221; font_container=&#8221;tag:h5|text_align:left|color:%23ffffff&#8221; use_theme_fonts=&#8221;yes&#8221;][vc_column_text]Tribes Press<br \/>\nCopyright 2018 Tribes Press[\/vc_column_text][\/vc_column][vc_column width=&#8221;1\/4&#8243;][vc_custom_heading text=&#8221;Adresse&#8221; font_container=&#8221;tag:h5|text_align:left|color:%23ffffff&#8221; use_theme_fonts=&#8221;yes&#8221;][vc_column_text]Glenanail<br \/>\nCastlegar<br \/>\nTuam Road<br \/>\nGalway, Ireland[\/vc_column_text][\/vc_column][vc_column width=&#8221;1\/4&#8243;][vc_custom_heading text=&#8221;Kontakt&#8221; font_container=&#8221;tag:h5|text_align:left|color:%23ffffff&#8221; use_theme_fonts=&#8221;yes&#8221;][vc_column_text]Phone: +353 (0) 87 7749873<br \/>\nEmail: info@tribespress.com[\/vc_column_text][\/vc_column][vc_column width=&#8221;1\/4&#8243;][vc_custom_heading text=&#8221;Connect With Us&#8221; font_container=&#8221;tag:h5|text_align:left|color:%23ffffff&#8221; use_theme_fonts=&#8221;yes&#8221;]\r\n\t<div class=\"rd_si_sc rd_si_small\" id=\"rd_8vf5iedrpr361fw11egp\">   \r\n\t\r\n\t                                                            <div id=\"yt\" class=\"\"> <a href=\"https:\/\/www.youtube.com\/channel\/UCpIttA6qgsHSMjdsbibCesg\" target=\"_blank\"><i class=\"fa fa-youtube\"><\/i><\/a><\/div>\r\n                                                                  <div id=\"lin\" class=\"\"> <a href=\"https:\/\/www.linkedin.com\/in\/marguerite-tonery-3289682b\" target=\"_blank\"><i class=\"fa fa-linkedin\"><\/i><\/a><\/div>\r\n                              <div id=\"twitter\" class=\"\"> <a href=\"https:\/\/twitter.com\/PressTribes\" target=\"_blank\"><i class=\"fa fa-twitter\"><\/i><\/a><\/div>\r\n                                                                              <div id=\"instagram\" class=\"\"> <a href=\"https:\/\/www.instagram.com\/tribespress\/\" target=\"_blank\" ><i class=\"fa fa-instagram\"><\/i><\/a><\/div>\r\n                              <div id=\"facebook\" class=\"\"> <a href=\"https:\/\/www.facebook.com\/Tribes-Press-146928069314657\/\" target=\"_blank\" ><i class=\"fa fa-facebook\"><\/i><\/a><\/div>\r\n      \t                          \t  \r\n\t<\/div>\r\n\t \r\n\t <style type=\"text\/css\" >#rd_8vf5iedrpr361fw11egp {margin:0px auto 0px;}#rd_8vf5iedrpr361fw11egp div a{color:#ffffff;}<\/style>[\/vc_column][\/vc_row][vc_row equal_height=&#8221;yes&#8221; css=&#8221;.vc_custom_1518415665122{padding-top: 20px !important;padding-right: 100px !important;padding-bottom: 100px !important;padding-left: 100px !important;}&#8221;][vc_column][vc_row_inner equal_height=&#8221;yes&#8221; content_placement=&#8221;middle&#8221;][vc_column_inner width=&#8221;1\/6&#8243;][vc_single_image image=&#8221;7887&#8243; img_size=&#8221;full&#8221; alignment=&#8221;center&#8221;][\/vc_column_inner][vc_column_inner width=&#8221;1\/6&#8243;][vc_single_image image=&#8221;7851&#8243; img_size=&#8221;full&#8221; alignment=&#8221;center&#8221;][\/vc_column_inner][vc_column_inner width=&#8221;1\/6&#8243;][vc_single_image image=&#8221;8500&#8243; img_size=&#8221;full&#8221; alignment=&#8221;center&#8221;][\/vc_column_inner][vc_column_inner width=&#8221;1\/6&#8243;][vc_single_image image=&#8221;8590&#8243; img_size=&#8221;full&#8221; alignment=&#8221;center&#8221;][\/vc_column_inner][vc_column_inner width=&#8221;1\/6&#8243;][vc_single_image image=&#8221;8591&#8243; img_size=&#8221;full&#8221; alignment=&#8221;center&#8221;][\/vc_column_inner][vc_column_inner width=&#8221;1\/6&#8243;][vc_single_image image=&#8221;8592&#8243; img_size=&#8221;full&#8221; alignment=&#8221;center&#8221;][\/vc_column_inner][\/vc_row_inner][vc_row_inner equal_height=&#8221;yes&#8221; content_placement=&#8221;middle&#8221;][vc_column_inner width=&#8221;1\/6&#8243;][vc_single_image image=&#8221;8593&#8243; img_size=&#8221;full&#8221; alignment=&#8221;center&#8221;][\/vc_column_inner][vc_column_inner width=&#8221;1\/6&#8243;][vc_single_image image=&#8221;8594&#8243; img_size=&#8221;full&#8221; alignment=&#8221;center&#8221;][\/vc_column_inner][vc_column_inner width=&#8221;1\/6&#8243;][vc_single_image image=&#8221;8595&#8243; img_size=&#8221;full&#8221; alignment=&#8221;center&#8221;][\/vc_column_inner][vc_column_inner width=&#8221;1\/6&#8243;][vc_single_image image=&#8221;8846&#8243; img_size=&#8221;full&#8221; alignment=&#8221;center&#8221;][\/vc_column_inner][vc_column_inner width=&#8221;1\/6&#8243;][vc_single_image image=&#8221;8848&#8243; img_size=&#8221;full&#8221; alignment=&#8221;center&#8221;][\/vc_column_inner][vc_column_inner width=&#8221;1\/6&#8243;][\/vc_column_inner][\/vc_row_inner][\/vc_column][\/vc_row][vc_row type=&#8221;full-width-section&#8221; equal_height=&#8221;yes&#8221; content_placement=&#8221;middle&#8221; css=&#8221;.vc_custom_1517916543533{padding-top: 20px !important;padding-bottom: 20px !important;background-color: #eaeaea !important;}&#8221; el_id=&#8221;bottom_footer&#8221; el_class=&#8221;fix&#8221;][vc_column width=&#8221;1\/6&#8243;][vc_custom_heading text=&#8221;Redaktion&#8221; font_container=&#8221;tag:h4|text_align:center|color:%23222222&#8243; use_theme_fonts=&#8221;yes&#8221; link=&#8221;url:http%3A%2F%2Ftribespress.com\/de%2Fpublishing%2Feditorial-service%2F|||&#8221;][\/vc_column][vc_column width=&#8221;1\/6&#8243;][vc_custom_heading text=&#8221;\u00dcbersetzung&#8221; font_container=&#8221;tag:h4|text_align:center|color:%23222222&#8243; use_theme_fonts=&#8221;yes&#8221; link=&#8221;url:http%3A%2F%2Ftribespress.com\/de%2Fpublishing%2Ftranslation-services%2F|||&#8221;][\/vc_column][vc_column width=&#8221;1\/3&#8243; css=&#8221;.vc_custom_1517915891605{padding-top: -10px !important;}&#8221;][vc_single_image image=&#8221;8495&#8243; img_size=&#8221;medium&#8221; alignment=&#8221;center&#8221; onclick=&#8221;custom_link&#8221; link=&#8221;http:\/\/tribespress.com\/de&#8221;][\/vc_column][vc_column width=&#8221;1\/6&#8243;][vc_custom_heading text=&#8221;Illustrationen&#8221; font_container=&#8221;tag:h4|text_align:center|color:%23222222&#8243; use_theme_fonts=&#8221;yes&#8221; link=&#8221;url:http%3A%2F%2Ftribespress.com\/de%2Fpublishing%2Fcover-design%2F|||&#8221;][\/vc_column][vc_column width=&#8221;1\/6&#8243;][vc_custom_heading text=&#8221;Pers\u00f6nlicher Kontakt&#8221; font_container=&#8221;tag:h4|text_align:center|color:%23222222&#8243; use_theme_fonts=&#8221;yes&#8221; link=&#8221;url:http%3A%2F%2Ftribespress.com\/de%2Fpublishing%2Fcontact%2F|||&#8221;][\/vc_column][\/vc_row]<\/p>\n<\/div>","protected":false},"excerpt":{"rendered":"<p>[vc_row type=&#8221;full-width-section&#8221; css=&#8221;.vc_custom_1517824313557{padding-top: 50px !important;padding-bottom: 30px !important;}&#8221;][vc_column][vc_custom_heading text=&#8221;E-Book Ver\u00f6ffentlichung&#8221; font_container=&#8221;tag:h2|text_align:center&#8221; use_theme_fonts=&#8221;yes&#8221;][vc_column_text]Mit der wachsenden Beliebtheit von B\u00fcchern in eletronischem Format ist die Ver\u00f6ffentlichung als E-Book mittlerweile ein fester Bestandteil des Ver\u00f6ffentlichungsprozesses. Dies erm\u00f6glicht es Ihren zuk\u00fcnftigen Lesern Examplare Ihres Buches f\u00fcr das Lesen auf dem iPad oder Kindle zu erwerben. Ihr fertiges Buch wird als E-Book<br \/><a href=\"https:\/\/tribespress.com\/de\/e-book-publishing\/\" class=\"more\">Read more<\/a><\/p>\n","protected":false},"author":1,"featured_media":0,"parent":0,"menu_order":0,"comment_status":"closed","ping_status":"closed","template":"","meta":{"_exactmetrics_skip_tracking":false,"_exactmetrics_sitenote_active":false,"_exactmetrics_sitenote_note":"","_exactmetrics_sitenote_category":0,"footnotes":""},"class_list":["post-7796","page","type-page","status-publish","hentry"],"_links":{"self":[{"href":"https:\/\/tribespress.com\/de\/wp-json\/wp\/v2\/pages\/7796","targetHints":{"allow":["GET"]}}],"collection":[{"href":"https:\/\/tribespress.com\/de\/wp-json\/wp\/v2\/pages"}],"about":[{"href":"https:\/\/tribespress.com\/de\/wp-json\/wp\/v2\/types\/page"}],"author":[{"embeddable":true,"href":"https:\/\/tribespress.com\/de\/wp-json\/wp\/v2\/users\/1"}],"replies":[{"embeddable":true,"href":"https:\/\/tribespress.com\/de\/wp-json\/wp\/v2\/comments?post=7796"}],"version-history":[{"count":9,"href":"https:\/\/tribespress.com\/de\/wp-json\/wp\/v2\/pages\/7796\/revisions"}],"predecessor-version":[{"id":10137,"href":"https:\/\/tribespress.com\/de\/wp-json\/wp\/v2\/pages\/7796\/revisions\/10137"}],"wp:attachment":[{"href":"https:\/\/tribespress.com\/de\/wp-json\/wp\/v2\/media?parent=7796"}],"curies":[{"name":"wp","href":"https:\/\/api.w.org\/{rel}","templated":true}]}}