{"id":7792,"date":"2018-01-30T13:00:22","date_gmt":"2018-01-30T13:00:22","guid":{"rendered":"http:\/\/tribespress.com\/de\/?page_id=7792"},"modified":"2020-01-13T14:50:17","modified_gmt":"2020-01-13T14:50:17","slug":"black-white-image-insertion","status":"publish","type":"page","link":"https:\/\/tribespress.com\/de\/black-white-image-insertion\/","title":{"rendered":"Einf\u00fcgung von schwarzwei\u00df Bildern"},"content":{"rendered":"<div class=\"wpb-content-wrapper\"><p>[vc_row type=&#8221;full-width-section&#8221; css=&#8221;.vc_custom_1517824041260{padding-top: 50px !important;padding-bottom: 30px !important;}&#8221;][vc_column][vc_custom_heading text=&#8221;Einf\u00fcgung von schwarzwei\u00df Bildern&#8221; font_container=&#8221;tag:h2|text_align:center&#8221; use_theme_fonts=&#8221;yes&#8221;][vc_column_text]Sollten Sie Grafiken wie Bilder, Tabellen, Diagramme etc. In Ihren Text einf\u00fcgen wollen, befolgen Sie bitte die folgenden Richtlinien.<\/p>\n<p>Richtlinien f\u00fcr die Einsendung von schwarzwei\u00df Grafiken f\u00fcr das Buchinnere:<\/p>\n<ul>\n<li>Alle internen Grafiken (inklusive Fotos, Tabellen, Diagramme, Zeichnungen, andersartige Fonts und alle anderen Elemente, die nicht als Grafik angsehen werden k\u00f6nnen) m\u00fcssen als individuelle TIFF (.tif) Datei eingesendet werden.<\/li>\n<li>Das Eigenverlagsb\u00fcndel, welches Sie erwerben beeinhaltet eine bestimmte Anzahl an Bildern, f\u00fcr welche die Einf\u00fcgung im Preis enthalten ist. F\u00fcr zus\u00e4tzliche Bilder wird eine Zusatzgeb\u00fchr pro Bild berechnet.<\/li>\n<li>Das Manuskript sollte klar gekennzeichnete Platzhalter f\u00fcr jede Grafik enthalten. Beispiel: PLATZ [Bildname] HIER. (Bitte nennen Sie die Bildunterschrift).<\/li>\n<li>Alle Illustrationen werden in schwarzwei\u00df oder Graut\u00f6nen erstellt au\u00dfer, wenn Sie ein Farbb\u00fcndel erworben haben. Nur dann werden Bilder in Farbe produziert. Es ist uns zur Zeit nicht m\u00f6glich farbige Bilder in schwazwei\u00df B\u00fcchern einzuf\u00fcgen.<\/li>\n<li>Der Buchumschlag wird nicht als Grafik angesehen und wird in Farbe erstellt, dies ist im Preis enthalten.<\/li>\n<\/ul>\n<p>Preis der Dienstleistung (exkl. Mehrwertsteuer): \u20ac5,00<\/p>\n<p>Kontaktieren Sie 00353-87-7749873 f\u00fcr weitere Informationen.[\/vc_column_text][\/vc_column][\/vc_row][vc_row type=&#8221;full-width-section&#8221; equal_height=&#8221;yes&#8221; content_placement=&#8221;top&#8221; css=&#8221;.vc_custom_1578926980608{padding-top: 20px !important;padding-bottom: 20px !important;background-color: #e52f6c !important;}&#8221; el_id=&#8221;top_footer&#8221;][vc_column width=&#8221;1\/4&#8243; el_class=&#8221;footer-name&#8221;][vc_custom_heading text=&#8221;Name&#8221; font_container=&#8221;tag:h5|text_align:left|color:%23ffffff&#8221; use_theme_fonts=&#8221;yes&#8221;][vc_column_text]Tribes Press<br \/>\nCopyright 2018 Tribes Press[\/vc_column_text][\/vc_column][vc_column width=&#8221;1\/4&#8243; el_class=&#8221;footer-address&#8221;][vc_custom_heading text=&#8221;Adresse&#8221; font_container=&#8221;tag:h5|text_align:left|color:%23ffffff&#8221; use_theme_fonts=&#8221;yes&#8221;][vc_column_text]Glenanail, Castlegar,<br \/>\nTuam Road,<br \/>\nGalway,\u00a0Irland[\/vc_column_text][\/vc_column][vc_column width=&#8221;1\/4&#8243; el_class=&#8221;footer-contact-us&#8221;][vc_custom_heading text=&#8221;Kontakt&#8221; font_container=&#8221;tag:h5|text_align:left|color:%23ffffff&#8221; use_theme_fonts=&#8221;yes&#8221;][vc_column_text]Phone: +353 (0) 87 7749873<br \/>\nEmail: info@tribespress.com[\/vc_column_text][\/vc_column][vc_column width=&#8221;1\/4&#8243; el_class=&#8221;footer-connect-with-us&#8221;][vc_custom_heading text=&#8221;Connect With Us&#8221; font_container=&#8221;tag:h5|text_align:left|color:%23ffffff&#8221; use_theme_fonts=&#8221;yes&#8221;]\r\n\t<div class=\"rd_si_sc rd_si_small\" id=\"rd_le1g5it4qgl2utvs8b3i\">   \r\n\t\r\n\t                                                            <div id=\"yt\" class=\"\"> <a href=\"https:\/\/www.youtube.com\/channel\/UCpIttA6qgsHSMjdsbibCesg\" target=\"_blank\"><i class=\"fa fa-youtube\"><\/i><\/a><\/div>\r\n                                                                  <div id=\"lin\" class=\"\"> <a href=\"https:\/\/www.linkedin.com\/in\/marguerite-tonery-3289682b\" target=\"_blank\"><i class=\"fa fa-linkedin\"><\/i><\/a><\/div>\r\n                              <div id=\"twitter\" class=\"\"> <a href=\"https:\/\/twitter.com\/PressTribes\" target=\"_blank\"><i class=\"fa fa-twitter\"><\/i><\/a><\/div>\r\n                                                                              <div id=\"instagram\" class=\"\"> <a href=\"https:\/\/www.instagram.com\/tribespress\/\" target=\"_blank\" ><i class=\"fa fa-instagram\"><\/i><\/a><\/div>\r\n                              <div id=\"facebook\" class=\"\"> <a href=\"https:\/\/www.facebook.com\/Tribes-Press-146928069314657\/\" target=\"_blank\" ><i class=\"fa fa-facebook\"><\/i><\/a><\/div>\r\n      \t                          \t  \r\n\t<\/div>\r\n\t \r\n\t <style type=\"text\/css\" >#rd_le1g5it4qgl2utvs8b3i {margin:0px auto 0px;}#rd_le1g5it4qgl2utvs8b3i div a{color:#ffffff;}<\/style>[\/vc_column][\/vc_row][vc_row equal_height=&#8221;yes&#8221;][vc_column el_class=&#8221;footer-images&#8221;][vc_row_inner equal_height=&#8221;yes&#8221; content_placement=&#8221;middle&#8221;][vc_column_inner width=&#8221;1\/6&#8243;][vc_single_image image=&#8221;7887&#8243; img_size=&#8221;full&#8221; alignment=&#8221;center&#8221;][\/vc_column_inner][vc_column_inner width=&#8221;1\/6&#8243;][vc_single_image image=&#8221;7851&#8243; img_size=&#8221;full&#8221; alignment=&#8221;center&#8221;][\/vc_column_inner][vc_column_inner width=&#8221;1\/6&#8243;][vc_single_image image=&#8221;8500&#8243; img_size=&#8221;full&#8221; alignment=&#8221;center&#8221;][\/vc_column_inner][vc_column_inner width=&#8221;1\/6&#8243;][vc_single_image image=&#8221;8590&#8243; img_size=&#8221;full&#8221; alignment=&#8221;center&#8221;][\/vc_column_inner][vc_column_inner width=&#8221;1\/6&#8243;][vc_single_image image=&#8221;8591&#8243; img_size=&#8221;full&#8221; alignment=&#8221;center&#8221;][\/vc_column_inner][vc_column_inner width=&#8221;1\/6&#8243;][vc_single_image image=&#8221;8592&#8243; img_size=&#8221;full&#8221; alignment=&#8221;center&#8221;][\/vc_column_inner][\/vc_row_inner][vc_row_inner equal_height=&#8221;yes&#8221; content_placement=&#8221;middle&#8221;][vc_column_inner width=&#8221;1\/6&#8243;][vc_single_image image=&#8221;8593&#8243; img_size=&#8221;full&#8221; alignment=&#8221;center&#8221;][\/vc_column_inner][vc_column_inner width=&#8221;1\/6&#8243;][vc_single_image image=&#8221;8594&#8243; img_size=&#8221;full&#8221; alignment=&#8221;center&#8221;][\/vc_column_inner][vc_column_inner width=&#8221;1\/6&#8243;][vc_single_image image=&#8221;8595&#8243; img_size=&#8221;full&#8221; alignment=&#8221;center&#8221;][\/vc_column_inner][vc_column_inner width=&#8221;1\/6&#8243;][vc_single_image image=&#8221;8846&#8243; img_size=&#8221;full&#8221; alignment=&#8221;center&#8221;][\/vc_column_inner][vc_column_inner width=&#8221;1\/6&#8243;][vc_single_image image=&#8221;8848&#8243; img_size=&#8221;full&#8221; alignment=&#8221;center&#8221;][\/vc_column_inner][vc_column_inner width=&#8221;1\/6&#8243;][\/vc_column_inner][\/vc_row_inner][\/vc_column][\/vc_row][vc_row type=&#8221;full-width-section&#8221; equal_height=&#8221;yes&#8221; content_placement=&#8221;middle&#8221; css=&#8221;.vc_custom_1517916543533{padding-top: 20px !important;padding-bottom: 20px !important;background-color: #eaeaea !important;}&#8221; el_id=&#8221;bottom_footer&#8221; el_class=&#8221;fix&#8221;][vc_column width=&#8221;1\/6&#8243;][vc_custom_heading text=&#8221;Redaktion&#8221; font_container=&#8221;tag:h4|text_align:center|color:%23222222&#8243; use_theme_fonts=&#8221;yes&#8221; link=&#8221;url:http%3A%2F%2Ftribespress.com\/de%2Fpublishing%2Feditorial-service%2F|||&#8221;][\/vc_column][vc_column width=&#8221;1\/6&#8243;][vc_custom_heading text=&#8221;\u00dcbersetzung&#8221; font_container=&#8221;tag:h4|text_align:center|color:%23222222&#8243; use_theme_fonts=&#8221;yes&#8221; link=&#8221;url:http%3A%2F%2Ftribespress.com\/de%2Fpublishing%2Ftranslation-services%2F|||&#8221;][\/vc_column][vc_column width=&#8221;1\/3&#8243; css=&#8221;.vc_custom_1517915891605{padding-top: -10px !important;}&#8221;][vc_single_image image=&#8221;8495&#8243; img_size=&#8221;medium&#8221; alignment=&#8221;center&#8221; onclick=&#8221;custom_link&#8221; link=&#8221;http:\/\/tribespress.com\/de&#8221;][\/vc_column][vc_column width=&#8221;1\/6&#8243;][vc_custom_heading text=&#8221;Illustrationen&#8221; font_container=&#8221;tag:h4|text_align:center|color:%23222222&#8243; use_theme_fonts=&#8221;yes&#8221; link=&#8221;url:http%3A%2F%2Ftribespress.com\/de%2Fpublishing%2Fcover-design%2F|||&#8221;][\/vc_column][vc_column width=&#8221;1\/6&#8243;][vc_custom_heading text=&#8221;Pers\u00f6nlicher Kontakt&#8221; font_container=&#8221;tag:h4|text_align:center|color:%23222222&#8243; use_theme_fonts=&#8221;yes&#8221; link=&#8221;url:http%3A%2F%2Ftribespress.com\/de%2Fpublishing%2Fcontact%2F|||&#8221;][\/vc_column][\/vc_row]<\/p>\n<\/div>","protected":false},"excerpt":{"rendered":"<p>[vc_row type=&#8221;full-width-section&#8221; css=&#8221;.vc_custom_1517824041260{padding-top: 50px !important;padding-bottom: 30px !important;}&#8221;][vc_column][vc_custom_heading text=&#8221;Einf\u00fcgung von schwarzwei\u00df Bildern&#8221; font_container=&#8221;tag:h2|text_align:center&#8221; use_theme_fonts=&#8221;yes&#8221;][vc_column_text]Sollten Sie Grafiken wie Bilder, Tabellen, Diagramme etc. In Ihren Text einf\u00fcgen wollen, befolgen Sie bitte die folgenden Richtlinien. Richtlinien f\u00fcr die Einsendung von schwarzwei\u00df Grafiken f\u00fcr das Buchinnere: Alle internen Grafiken (inklusive Fotos, Tabellen, Diagramme, Zeichnungen, andersartige Fonts und alle anderen Elemente,<br \/><a href=\"https:\/\/tribespress.com\/de\/black-white-image-insertion\/\" class=\"more\">Read more<\/a><\/p>\n","protected":false},"author":1,"featured_media":0,"parent":0,"menu_order":0,"comment_status":"closed","ping_status":"closed","template":"","meta":{"_exactmetrics_skip_tracking":false,"_exactmetrics_sitenote_active":false,"_exactmetrics_sitenote_note":"","_exactmetrics_sitenote_category":0,"footnotes":""},"class_list":["post-7792","page","type-page","status-publish","hentry"],"_links":{"self":[{"href":"https:\/\/tribespress.com\/de\/wp-json\/wp\/v2\/pages\/7792","targetHints":{"allow":["GET"]}}],"collection":[{"href":"https:\/\/tribespress.com\/de\/wp-json\/wp\/v2\/pages"}],"about":[{"href":"https:\/\/tribespress.com\/de\/wp-json\/wp\/v2\/types\/page"}],"author":[{"embeddable":true,"href":"https:\/\/tribespress.com\/de\/wp-json\/wp\/v2\/users\/1"}],"replies":[{"embeddable":true,"href":"https:\/\/tribespress.com\/de\/wp-json\/wp\/v2\/comments?post=7792"}],"version-history":[{"count":8,"href":"https:\/\/tribespress.com\/de\/wp-json\/wp\/v2\/pages\/7792\/revisions"}],"predecessor-version":[{"id":10843,"href":"https:\/\/tribespress.com\/de\/wp-json\/wp\/v2\/pages\/7792\/revisions\/10843"}],"wp:attachment":[{"href":"https:\/\/tribespress.com\/de\/wp-json\/wp\/v2\/media?parent=7792"}],"curies":[{"name":"wp","href":"https:\/\/api.w.org\/{rel}","templated":true}]}}