{"id":7787,"date":"2018-01-30T12:56:24","date_gmt":"2018-01-30T12:56:24","guid":{"rendered":"http:\/\/tribespress.com\/de\/?page_id=7787"},"modified":"2020-01-13T13:54:46","modified_gmt":"2020-01-13T13:54:46","slug":"interior-book-design","status":"publish","type":"page","link":"https:\/\/tribespress.com\/de\/interior-book-design\/","title":{"rendered":"Interne Buchgestaltung"},"content":{"rendered":"<div class=\"wpb-content-wrapper\"><p>[vc_row type=&#8221;full-width-section&#8221; css=&#8221;.vc_custom_1517823972823{padding-top: 50px !important;padding-bottom: 30px !important;}&#8221;][vc_column][vc_custom_heading text=&#8221;Interne Buchgestaltung&#8221; font_container=&#8221;tag:h2|text_align:center&#8221; use_theme_fonts=&#8221;yes&#8221;][vc_column_text]Mit Tribes Press werden unsere professionellen Designer das Buchinnere nach Ihren pers\u00f6nlichen Anforderungen gestalten. Dies beeinhaltet Kapitel\u00fcberschriften, \u00dcberschriften, Seitennummern und andere Layoutdetails gem\u00e4\u00df Branchenstandards. W\u00e4hrend dieses Vorgangs wird der Designer die Seitenr\u00e4nder in Ihrem Mauskript gem\u00e4\u00df Ihrer gew\u00e4hlten Buchgr\u00f6\u00dfe anpassen. Wir empfehlen Ihnen die Seitenr\u00e4nder selbst schon anzupassen, sodass Sie sehen k\u00f6nnen, wie der Text in der gew\u00e4hlten Buchgr\u00f6\u00dfe aussehen wird. Sobald Seitenr\u00e4nder ge\u00e4ndert werden, verschiebt sich der Text und kann die Anordnung bestimmter Textzeilen ver\u00e4ndern. Wenn Sie bereits die korrekten Seitenr\u00e4nder einstellen, k\u00f6nnen mitunter allgemeine Formatierungsfehler schnell beseitigt werden, die sonst den Vorgang der Ver\u00f6ffentlichung Ihres Buches verz\u00f6gern k\u00f6nnten.<\/p>\n<p>Unser Designer wird ebenfalls Bilder, Tabellen und Formulare einf\u00fcgen (bis zu der Anzahl an Elementen, die in Ihrem B\u00fcndel enthalten ist). Er wird zu diesem Zeitpunkt ebenfalls minimale, notwenige \u00c4nderungen im Layout des Manuskripts vornehmen.<\/p>\n<p>[\/vc_column_text][vc_column_text]Die folgenden Vorgaben sind notwenige Vorraussetzungen f\u00fcr die Einreichung von Bildern und Tabellen:<\/p>\n<ul>\n<li>Einsendung separat von Ihrem Manuskript in TIFF (.tif) Format.<\/li>\n<li>CMYK Farbraum<\/li>\n<li>300-dpi Resolution<\/li>\n<li>Schriftliche Abdruckgenehmigung des Urhebers (K\u00fcnstler, Fotograf), um das Werk f\u00fcr Ihren Buchumschlag zu verwenden.<\/li>\n<\/ul>\n<p>Ausnahme: Beispielgrafiken oder andere Illustrationen, die als Idee oder Richtlinien f\u00fcr das Design Team eingereicht werden, k\u00f6nnen in jedem Format eingesendet werden.<\/p>\n<p>Nachdem das Layout abgeschlossen ist, ist es Ihnen m\u00f6glich die Arbeit zu \u00fcberpr\u00fcfen und anschlie\u00dfend das Layout zu genehmigen.<\/p>\n<p><em>Hinweis: Die interne Buchgestaltung ist Teil jedes unserer Eigenverlagb\u00fcndels und beeinhaltet die Herausgabe in eBook Format.<\/em><\/p>\n<p>Preis der Dienstleistung (exkl. Mehrwertsteuer): Preis a. A.<\/p>\n<p>Kontaktieren Sie 00353-87-7749873 f\u00fcr weitere Informationen.[\/vc_column_text][\/vc_column][\/vc_row][vc_row type=&#8221;full-width-section&#8221; equal_height=&#8221;yes&#8221; content_placement=&#8221;top&#8221; css=&#8221;.vc_custom_1578916538513{padding-top: 20px !important;padding-bottom: 20px !important;background-color: #e52f6c !important;}&#8221; el_id=&#8221;top_footer&#8221;][vc_column width=&#8221;1\/4&#8243; el_class=&#8221;footer-name&#8221;][vc_custom_heading text=&#8221;Name&#8221; font_container=&#8221;tag:h5|text_align:left|color:%23ffffff&#8221; use_theme_fonts=&#8221;yes&#8221;][vc_column_text]Tribes Press<br \/>\nCopyright 2018 Tribes Press[\/vc_column_text][\/vc_column][vc_column width=&#8221;1\/4&#8243; el_class=&#8221;footer-address&#8221;][vc_custom_heading text=&#8221;Adresse&#8221; font_container=&#8221;tag:h5|text_align:left|color:%23ffffff&#8221; use_theme_fonts=&#8221;yes&#8221;][vc_column_text]Glenanail, Castlegar,<br \/>\nTuam Road,<br \/>\nGalway,\u00a0Irland[\/vc_column_text][\/vc_column][vc_column width=&#8221;1\/4&#8243; el_class=&#8221;footer-contact-us&#8221;][vc_custom_heading text=&#8221;Kontakt&#8221; font_container=&#8221;tag:h5|text_align:left|color:%23ffffff&#8221; use_theme_fonts=&#8221;yes&#8221;][vc_column_text]Phone: +353 (0) 87 7749873<br \/>\nEmail: info@tribespress.com[\/vc_column_text][\/vc_column][vc_column width=&#8221;1\/4&#8243; el_class=&#8221;footer-connect-with-us&#8221;][vc_custom_heading text=&#8221;Connect With Us&#8221; font_container=&#8221;tag:h5|text_align:left|color:%23ffffff&#8221; use_theme_fonts=&#8221;yes&#8221;]\r\n\t<div class=\"rd_si_sc rd_si_small\" id=\"rd_cs8ufa5utubp63y3ebpb\">   \r\n\t\r\n\t                                                            <div id=\"yt\" class=\"\"> <a href=\"https:\/\/www.youtube.com\/channel\/UCpIttA6qgsHSMjdsbibCesg\" target=\"_blank\"><i class=\"fa fa-youtube\"><\/i><\/a><\/div>\r\n                                                                  <div id=\"lin\" class=\"\"> <a href=\"https:\/\/www.linkedin.com\/in\/marguerite-tonery-3289682b\" target=\"_blank\"><i class=\"fa fa-linkedin\"><\/i><\/a><\/div>\r\n                              <div id=\"twitter\" class=\"\"> <a href=\"https:\/\/twitter.com\/PressTribes\" target=\"_blank\"><i class=\"fa fa-twitter\"><\/i><\/a><\/div>\r\n                                                                              <div id=\"instagram\" class=\"\"> <a href=\"https:\/\/www.instagram.com\/tribespress\/\" target=\"_blank\" ><i class=\"fa fa-instagram\"><\/i><\/a><\/div>\r\n                              <div id=\"facebook\" class=\"\"> <a href=\"https:\/\/www.facebook.com\/Tribes-Press-146928069314657\/\" target=\"_blank\" ><i class=\"fa fa-facebook\"><\/i><\/a><\/div>\r\n      \t                          \t  \r\n\t<\/div>\r\n\t \r\n\t <style type=\"text\/css\" >#rd_cs8ufa5utubp63y3ebpb {margin:0px auto 0px;}#rd_cs8ufa5utubp63y3ebpb div a{color:#ffffff;}<\/style>[\/vc_column][\/vc_row][vc_row equal_height=&#8221;yes&#8221;][vc_column el_class=&#8221;footer-images&#8221;][vc_row_inner equal_height=&#8221;yes&#8221; content_placement=&#8221;middle&#8221;][vc_column_inner width=&#8221;1\/6&#8243;][vc_single_image image=&#8221;7887&#8243; img_size=&#8221;full&#8221; alignment=&#8221;center&#8221;][\/vc_column_inner][vc_column_inner width=&#8221;1\/6&#8243;][vc_single_image image=&#8221;7851&#8243; img_size=&#8221;full&#8221; alignment=&#8221;center&#8221;][\/vc_column_inner][vc_column_inner width=&#8221;1\/6&#8243;][vc_single_image image=&#8221;8500&#8243; img_size=&#8221;full&#8221; alignment=&#8221;center&#8221;][\/vc_column_inner][vc_column_inner width=&#8221;1\/6&#8243;][vc_single_image image=&#8221;8590&#8243; img_size=&#8221;full&#8221; alignment=&#8221;center&#8221;][\/vc_column_inner][vc_column_inner width=&#8221;1\/6&#8243;][vc_single_image image=&#8221;8591&#8243; img_size=&#8221;full&#8221; alignment=&#8221;center&#8221;][\/vc_column_inner][vc_column_inner width=&#8221;1\/6&#8243;][vc_single_image image=&#8221;8592&#8243; img_size=&#8221;full&#8221; alignment=&#8221;center&#8221;][\/vc_column_inner][\/vc_row_inner][vc_row_inner equal_height=&#8221;yes&#8221; content_placement=&#8221;middle&#8221;][vc_column_inner width=&#8221;1\/6&#8243;][vc_single_image image=&#8221;8593&#8243; img_size=&#8221;full&#8221; alignment=&#8221;center&#8221;][\/vc_column_inner][vc_column_inner width=&#8221;1\/6&#8243;][vc_single_image image=&#8221;8594&#8243; img_size=&#8221;full&#8221; alignment=&#8221;center&#8221;][\/vc_column_inner][vc_column_inner width=&#8221;1\/6&#8243;][vc_single_image image=&#8221;8595&#8243; img_size=&#8221;full&#8221; alignment=&#8221;center&#8221;][\/vc_column_inner][vc_column_inner width=&#8221;1\/6&#8243;][vc_single_image image=&#8221;8846&#8243; img_size=&#8221;full&#8221; alignment=&#8221;center&#8221;][\/vc_column_inner][vc_column_inner width=&#8221;1\/6&#8243;][vc_single_image image=&#8221;8848&#8243; img_size=&#8221;full&#8221; alignment=&#8221;center&#8221;][\/vc_column_inner][vc_column_inner width=&#8221;1\/6&#8243;][\/vc_column_inner][\/vc_row_inner][\/vc_column][\/vc_row][vc_row type=&#8221;full-width-section&#8221; equal_height=&#8221;yes&#8221; content_placement=&#8221;middle&#8221; css=&#8221;.vc_custom_1517916543533{padding-top: 20px !important;padding-bottom: 20px !important;background-color: #eaeaea !important;}&#8221; el_id=&#8221;bottom_footer&#8221; el_class=&#8221;fix&#8221;][vc_column width=&#8221;1\/6&#8243;][vc_custom_heading text=&#8221;Redaktion&#8221; font_container=&#8221;tag:h4|text_align:center|color:%23222222&#8243; use_theme_fonts=&#8221;yes&#8221; link=&#8221;url:http%3A%2F%2Ftribespress.com\/de%2Feditorial-service%2F|||&#8221;][\/vc_column][vc_column width=&#8221;1\/6&#8243;][vc_custom_heading text=&#8221;\u00dcbersetzung&#8221; font_container=&#8221;tag:h4|text_align:center|color:%23222222&#8243; use_theme_fonts=&#8221;yes&#8221; link=&#8221;url:http%3A%2F%2Ftribespress.com\/de%2Ftranslation-services%2F|||&#8221;][\/vc_column][vc_column width=&#8221;1\/3&#8243; css=&#8221;.vc_custom_1517915891605{padding-top: -10px !important;}&#8221;][vc_single_image image=&#8221;8495&#8243; img_size=&#8221;medium&#8221; alignment=&#8221;center&#8221; onclick=&#8221;custom_link&#8221; link=&#8221;http:\/\/tribespress.com\/de&#8221;][\/vc_column][vc_column width=&#8221;1\/6&#8243;][vc_custom_heading text=&#8221;Illustrationen&#8221; font_container=&#8221;tag:h4|text_align:center|color:%23222222&#8243; use_theme_fonts=&#8221;yes&#8221; link=&#8221;url:http%3A%2F%2Ftribespress.com\/de%2Fcustom-cover-illustration%2F|||&#8221;][\/vc_column][vc_column width=&#8221;1\/6&#8243;][vc_custom_heading text=&#8221;Pers\u00f6nlicher Kontakt&#8221; font_container=&#8221;tag:h4|text_align:center|color:%23222222&#8243; use_theme_fonts=&#8221;yes&#8221; link=&#8221;url:http%3A%2F%2Ftribespress.com\/de%2Fcontact%2F|||&#8221;][\/vc_column][\/vc_row]<\/p>\n<\/div>","protected":false},"excerpt":{"rendered":"<p>[vc_row type=&#8221;full-width-section&#8221; css=&#8221;.vc_custom_1517823972823{padding-top: 50px !important;padding-bottom: 30px !important;}&#8221;][vc_column][vc_custom_heading text=&#8221;Interne Buchgestaltung&#8221; font_container=&#8221;tag:h2|text_align:center&#8221; use_theme_fonts=&#8221;yes&#8221;][vc_column_text]Mit Tribes Press werden unsere professionellen Designer das Buchinnere nach Ihren pers\u00f6nlichen Anforderungen gestalten. Dies beeinhaltet Kapitel\u00fcberschriften, \u00dcberschriften, Seitennummern und andere Layoutdetails gem\u00e4\u00df Branchenstandards. W\u00e4hrend dieses Vorgangs wird der Designer die Seitenr\u00e4nder in Ihrem Mauskript gem\u00e4\u00df Ihrer gew\u00e4hlten Buchgr\u00f6\u00dfe anpassen. Wir empfehlen Ihnen die Seitenr\u00e4nder<br \/><a href=\"https:\/\/tribespress.com\/de\/interior-book-design\/\" class=\"more\">Read more<\/a><\/p>\n","protected":false},"author":1,"featured_media":0,"parent":0,"menu_order":0,"comment_status":"closed","ping_status":"closed","template":"","meta":{"_exactmetrics_skip_tracking":false,"_exactmetrics_sitenote_active":false,"_exactmetrics_sitenote_note":"","_exactmetrics_sitenote_category":0,"footnotes":""},"class_list":["post-7787","page","type-page","status-publish","hentry"],"_links":{"self":[{"href":"https:\/\/tribespress.com\/de\/wp-json\/wp\/v2\/pages\/7787","targetHints":{"allow":["GET"]}}],"collection":[{"href":"https:\/\/tribespress.com\/de\/wp-json\/wp\/v2\/pages"}],"about":[{"href":"https:\/\/tribespress.com\/de\/wp-json\/wp\/v2\/types\/page"}],"author":[{"embeddable":true,"href":"https:\/\/tribespress.com\/de\/wp-json\/wp\/v2\/users\/1"}],"replies":[{"embeddable":true,"href":"https:\/\/tribespress.com\/de\/wp-json\/wp\/v2\/comments?post=7787"}],"version-history":[{"count":12,"href":"https:\/\/tribespress.com\/de\/wp-json\/wp\/v2\/pages\/7787\/revisions"}],"predecessor-version":[{"id":10838,"href":"https:\/\/tribespress.com\/de\/wp-json\/wp\/v2\/pages\/7787\/revisions\/10838"}],"wp:attachment":[{"href":"https:\/\/tribespress.com\/de\/wp-json\/wp\/v2\/media?parent=7787"}],"curies":[{"name":"wp","href":"https:\/\/api.w.org\/{rel}","templated":true}]}}